{"id":592,"date":"2019-04-08T16:47:00","date_gmt":"2019-04-08T13:47:00","guid":{"rendered":"https:\/\/www.zoner.fi\/tuki\/?page_id=592"},"modified":"2025-09-25T16:50:51","modified_gmt":"2025-09-25T13:50:51","slug":"miten-otan-kayttoon-paytrailin-kotisivukoneessa","status":"publish","type":"page","link":"https:\/\/www.zoner.fi\/tuki\/kotisivukone\/legacy\/miten-otan-kayttoon-paytrailin-kotisivukoneessa\/","title":{"rendered":"Paytrail k\u00e4ytt\u00f6\u00f6notto Zoner kotisivukoneessa"},"content":{"rendered":"\n<p><em>Ohje tarkistettu: 18.8.2021<\/em><\/p>\n\n\n\n<p>T\u00e4ss\u00e4 ohjeessa k\u00e4yd\u00e4\u00e4n l\u00e4pi kuinka saat Paytrailin aktivoitua Zoner Kotisivukoneessa.<\/p>\n\n\n\n<p><a href=\"https:\/\/www.zoner.fi\/paytrail\/\">Paytrail<\/a>&nbsp;on maksupalveluntarjoaja, joka toimii kauppaan ja loppuasiakkaan v\u00e4liss\u00e4, hoitaen maksujen vastaanottamisen ja tilitt\u00e4misen kauppiaalle.<\/p>\n\n\n\n<h2 class=\"wp-block-heading\">Tee sopimus Paytrail maksutapojen k\u00e4ytt\u00f6\u00f6notosta<\/h2>\n\n\n\n<p>Voidaksesi k\u00e4ytt\u00e4\u00e4 maksutapoja kaupassa, sinun tulee alkuun tehd\u00e4 sopimus Paytrailin kanssa. Saat tilattua palvelun k\u00e4ytt\u00f6\u00f6si&nbsp;<a href=\"https:\/\/ssl.paytrail.com\/register\/\/index\/index\/rid\/238286\" target=\"_blank\" rel=\"noreferrer noopener\">t\u00e4st\u00e4 linkist\u00e4<\/a>. T\u00e4yt\u00e4 lomake antamalla sill\u00e4 yrityksesi tiedot.<\/p>\n\n\n\n<p>T\u00e4ytetty\u00e4si tilauksen maksupalvelusta, saat tilausvahvistuksen ja sinuun ollaan yhteydess\u00e4 Paytraililta muutaman p\u00e4iv\u00e4n kuluessa.<\/p>\n\n\n\n<figure class=\"wp-block-image size-full\"><img loading=\"lazy\" decoding=\"async\" width=\"800\" height=\"436\" src=\"https:\/\/www.zoner.fi\/tuki\/wp-content\/uploads\/2021\/11\/paytrail-maksutavat-tilaaminen.jpg\" alt=\"\" class=\"wp-image-595\" srcset=\"https:\/\/www.zoner.fi\/tuki\/wp-content\/uploads\/2021\/11\/paytrail-maksutavat-tilaaminen.jpg 800w, https:\/\/www.zoner.fi\/tuki\/wp-content\/uploads\/2021\/11\/paytrail-maksutavat-tilaaminen-300x164.jpg 300w, https:\/\/www.zoner.fi\/tuki\/wp-content\/uploads\/2021\/11\/paytrail-maksutavat-tilaaminen-768x419.jpg 768w\" sizes=\"auto, (max-width: 800px) 100vw, 800px\" \/><\/figure>\n\n\n\n<p>Kun sopimus on valmis allekirjoitettavaksi, saat s\u00e4hk\u00f6postiisi linkin ja tunnukset Paytrail kauppiaspaneelin hallintaan. Kirjaudu sis\u00e4\u00e4n.<\/p>\n\n\n\n<figure class=\"wp-block-image size-full\"><img loading=\"lazy\" decoding=\"async\" width=\"500\" height=\"407\" src=\"https:\/\/www.zoner.fi\/tuki\/wp-content\/uploads\/2021\/11\/paytrail-kauppiaspaneeli.jpg\" alt=\"\" class=\"wp-image-596\" srcset=\"https:\/\/www.zoner.fi\/tuki\/wp-content\/uploads\/2021\/11\/paytrail-kauppiaspaneeli.jpg 500w, https:\/\/www.zoner.fi\/tuki\/wp-content\/uploads\/2021\/11\/paytrail-kauppiaspaneeli-300x244.jpg 300w\" sizes=\"auto, (max-width: 500px) 100vw, 500px\" \/><\/figure>\n\n\n\n<p>Ensimm\u00e4isell\u00e4 kirjautumiskerralla p\u00e4\u00e4set allekirjoittamaan sopimuksen henkil\u00f6kohtaisilla pankkitunnuksillasi. Ota allekirjoittamisen j\u00e4lkeen ruudulle ilmestyv\u00e4 kauppiasvarmenne talteen. T\u00e4t\u00e4 tarvitaan maksutavan aktivoimiseksi nettikauppaan. Varmenne l\u00f6ytyy tarvittaessa my\u00f6s my\u00f6hemmin kauppiaspaneelista kohdasta Asetukset \u2013 Kauppiasvarmenne.<\/p>\n\n\n\n<figure class=\"wp-block-image size-full\"><img loading=\"lazy\" decoding=\"async\" width=\"785\" height=\"800\" src=\"https:\/\/www.zoner.fi\/tuki\/wp-content\/uploads\/2021\/11\/paytrail-kauppiasvarmenne.jpg\" alt=\"\" class=\"wp-image-597\" srcset=\"https:\/\/www.zoner.fi\/tuki\/wp-content\/uploads\/2021\/11\/paytrail-kauppiasvarmenne.jpg 785w, https:\/\/www.zoner.fi\/tuki\/wp-content\/uploads\/2021\/11\/paytrail-kauppiasvarmenne-294x300.jpg 294w, https:\/\/www.zoner.fi\/tuki\/wp-content\/uploads\/2021\/11\/paytrail-kauppiasvarmenne-768x783.jpg 768w\" sizes=\"auto, (max-width: 785px) 100vw, 785px\" \/><\/figure>\n\n\n\n<h2 class=\"wp-block-heading\">Ota Paytrail k\u00e4ytt\u00f6\u00f6n Zonerin kotisivukoneen nettikaupassa<\/h2>\n\n\n\n<p>Siirry ostoskorin asetuksiin klikkaamalla kyn\u00e4kuvaketta osion oikeasta yl\u00e4kulmasta ja sitten avautuvasta ikkunasta Asetukset.<\/p>\n\n\n\n<figure class=\"wp-block-image size-full\"><img loading=\"lazy\" decoding=\"async\" width=\"364\" height=\"350\" src=\"https:\/\/www.zoner.fi\/tuki\/wp-content\/uploads\/2021\/11\/nettikauppa-ostoskori-asetukset.png\" alt=\"\" class=\"wp-image-599\" srcset=\"https:\/\/www.zoner.fi\/tuki\/wp-content\/uploads\/2021\/11\/nettikauppa-ostoskori-asetukset.png 364w, https:\/\/www.zoner.fi\/tuki\/wp-content\/uploads\/2021\/11\/nettikauppa-ostoskori-asetukset-300x288.png 300w\" sizes=\"auto, (max-width: 364px) 100vw, 364px\" \/><\/figure>\n\n\n\n<p>Varmista, ett\u00e4 olet Yleinen-v\u00e4lilehdell\u00e4.<br><br>Uudemmassa Zoner Kotisivukoneversiossa Paytrailin m\u00e4\u00e4ritys l\u00f6ytyy &#8221;Kauppa&#8221; -osion alta l\u00f6ytyv\u00e4st\u00e4 &#8221;Maksutavat&#8221; -painikkeesta. Kaupan asetukset tulevat n\u00e4kyviin klikkaamalla kaupan elementti\u00e4 sivuilla.<br><\/p>\n\n\n\n<figure class=\"wp-block-image size-full is-resized\"><img loading=\"lazy\" decoding=\"async\" src=\"https:\/\/www.zoner.fi\/tuki\/wp-content\/uploads\/2023\/08\/image-6.png\" alt=\"\" class=\"wp-image-130915\" width=\"222\" height=\"412\" srcset=\"https:\/\/www.zoner.fi\/tuki\/wp-content\/uploads\/2023\/08\/image-6.png 412w, https:\/\/www.zoner.fi\/tuki\/wp-content\/uploads\/2023\/08\/image-6-162x300.png 162w\" sizes=\"auto, (max-width: 222px) 100vw, 222px\" \/><\/figure>\n\n\n\n<p>Laita valinta kohtaan Paytrail. Sy\u00f6t\u00e4 kauppiastunnus kohtaan Kauppiastunnus ja aiemmin talteen ottamasi kauppiasvarmenne kohtaan Suojausavain.<\/p>\n\n\n\n<figure class=\"wp-block-image size-full\"><img loading=\"lazy\" decoding=\"async\" width=\"800\" height=\"74\" src=\"https:\/\/www.zoner.fi\/tuki\/wp-content\/uploads\/2021\/11\/paytrail-kauppiastunnus-ja-kauppiasvarmenne.jpg\" alt=\"\" class=\"wp-image-602\" srcset=\"https:\/\/www.zoner.fi\/tuki\/wp-content\/uploads\/2021\/11\/paytrail-kauppiastunnus-ja-kauppiasvarmenne.jpg 800w, https:\/\/www.zoner.fi\/tuki\/wp-content\/uploads\/2021\/11\/paytrail-kauppiastunnus-ja-kauppiasvarmenne-300x28.jpg 300w, https:\/\/www.zoner.fi\/tuki\/wp-content\/uploads\/2021\/11\/paytrail-kauppiastunnus-ja-kauppiasvarmenne-768x71.jpg 768w\" sizes=\"auto, (max-width: 800px) 100vw, 800px\" \/><\/figure>\n\n\n\n<p>Tallenna muutokset klikkaamalla Suorita.<\/p>\n\n\n\n<p>Voit kokeilla kassasivua esikatselun\u00e4kym\u00e4ss\u00e4. Laita tuote koriin ja siirry kassalle. Maksuvaihtoehdoissa n\u00e4kyy nyt Paytrailin kuvake, jota klikkaamalla asiakas siirtyy maksamaan ostoksensa Paytrailin j\u00e4rjestelm\u00e4\u00e4n.<\/p>\n\n\n\n<figure class=\"wp-block-image size-full\"><img loading=\"lazy\" decoding=\"async\" width=\"500\" height=\"287\" src=\"https:\/\/www.zoner.fi\/tuki\/wp-content\/uploads\/2021\/11\/valitse-paytrail-maksutavat.jpg\" alt=\"\" class=\"wp-image-604\" srcset=\"https:\/\/www.zoner.fi\/tuki\/wp-content\/uploads\/2021\/11\/valitse-paytrail-maksutavat.jpg 500w, https:\/\/www.zoner.fi\/tuki\/wp-content\/uploads\/2021\/11\/valitse-paytrail-maksutavat-300x172.jpg 300w\" sizes=\"auto, (max-width: 500px) 100vw, 500px\" \/><\/figure>\n\n\n\n<h3 class=\"wp-block-heading\">Tilaa Paytrail-maksutavat verkkokauppaasi<a href=\"https:\/\/ssl.paytrail.com\/register\/\/index\/index\/rid\/238286\" target=\"_blank\" rel=\"noopener\"><\/a><\/h3>\n\n\n<div class=\"gb-button-wrapper gb-button-wrapper-b980f74a\">\n\n<a class=\"gb-button gb-button-f9211ed8 gb-button-text\" href=\"https:\/\/www.paytrail.com\/tilaa-palvelu\/lisatiedot?tekninen_kumppani=Zoner\" target=\"_blank\" rel=\"noopener noreferrer\">Tilaa Paytrail-maksupalvelu<\/a>\n\n<\/div>","protected":false},"excerpt":{"rendered":"<p>T\u00e4ss\u00e4 ohjeessa k\u00e4yd\u00e4\u00e4n l\u00e4pi kuinka saat Paytrailin aktivoitua Zoner Kotisivukoneessa.<\/p>\n","protected":false},"author":1,"featured_media":0,"parent":137590,"menu_order":19,"comment_status":"closed","ping_status":"closed","template":"","meta":{"_relevanssi_hide_post":"","_relevanssi_hide_content":"","_relevanssi_pin_for_all":"","_relevanssi_pin_keywords":"","_relevanssi_unpin_keywords":"","_relevanssi_related_keywords":"","_relevanssi_related_include_ids":"","_relevanssi_related_exclude_ids":"","_relevanssi_related_no_append":"","_relevanssi_related_not_related":"","_relevanssi_related_posts":"1076,1066,1063","_relevanssi_noindex_reason":"","footnotes":""},"categories":[69],"tags":[87],"wf_page_folders":[],"class_list":{"0":"post-592","1":"page","2":"type-page","3":"status-publish","5":"category-legacy-kotisivukone","6":"tag-kotisivukone"},"_links":{"self":[{"href":"https:\/\/www.zoner.fi\/tuki\/wp-json\/wp\/v2\/pages\/592","targetHints":{"allow":["GET"]}}],"collection":[{"href":"https:\/\/www.zoner.fi\/tuki\/wp-json\/wp\/v2\/pages"}],"about":[{"href":"https:\/\/www.zoner.fi\/tuki\/wp-json\/wp\/v2\/types\/page"}],"author":[{"embeddable":true,"href":"https:\/\/www.zoner.fi\/tuki\/wp-json\/wp\/v2\/users\/1"}],"replies":[{"embeddable":true,"href":"https:\/\/www.zoner.fi\/tuki\/wp-json\/wp\/v2\/comments?post=592"}],"version-history":[{"count":6,"href":"https:\/\/www.zoner.fi\/tuki\/wp-json\/wp\/v2\/pages\/592\/revisions"}],"predecessor-version":[{"id":130916,"href":"https:\/\/www.zoner.fi\/tuki\/wp-json\/wp\/v2\/pages\/592\/revisions\/130916"}],"up":[{"embeddable":true,"href":"https:\/\/www.zoner.fi\/tuki\/wp-json\/wp\/v2\/pages\/137590"}],"wp:attachment":[{"href":"https:\/\/www.zoner.fi\/tuki\/wp-json\/wp\/v2\/media?parent=592"}],"wp:term":[{"taxonomy":"category","embeddable":true,"href":"https:\/\/www.zoner.fi\/tuki\/wp-json\/wp\/v2\/categories?post=592"},{"taxonomy":"post_tag","embeddable":true,"href":"https:\/\/www.zoner.fi\/tuki\/wp-json\/wp\/v2\/tags?post=592"},{"taxonomy":"wf_page_folders","embeddable":true,"href":"https:\/\/www.zoner.fi\/tuki\/wp-json\/wp\/v2\/wf_page_folders?post=592"}],"curies":[{"name":"wp","href":"https:\/\/api.w.org\/{rel}","templated":true}]}}