{"id":607,"date":"2019-03-03T17:09:00","date_gmt":"2019-03-03T15:09:00","guid":{"rendered":"https:\/\/www.zoner.fi\/tuki\/?page_id=607"},"modified":"2025-11-12T14:43:39","modified_gmt":"2025-11-12T12:43:39","slug":"miten-otan-kayttoon-helppokayttoisen-kotisivukoneen","status":"publish","type":"page","link":"https:\/\/www.zoner.fi\/tuki\/kotisivukone\/legacy\/miten-otan-kayttoon-helppokayttoisen-kotisivukoneen\/","title":{"rendered":"Helppok\u00e4ytt\u00f6inen kotisivueditori -kotisivukoneen k\u00e4ytt\u00f6\u00f6notto"},"content":{"rendered":"\n<p><em>Ohje tarkistettu: 11.6.2021<\/em><\/p>\n\n\n\n<p>Zonerin webhotelliin sis\u00e4ltyy helppok\u00e4ytt\u00f6inen&nbsp;<a href=\"https:\/\/www.zoner.fi\/kotisivukone\/\">kotisivukone<\/a>, jonka avulla on helppoa ja nopeaa valmistaa ja julkaista n\u00e4ytt\u00e4v\u00e4 nettisivusto. Kotisivueditori sis\u00e4lt\u00e4\u00e4 lukuisia valmiita mallipohjia ja laajat muokkausmahdollisuudet. Voit tehd\u00e4 editorilla yksinkertaiset sivut tai laajemman kokonaisuuden, perustaa blogin tai vaikka verkkokaupan.<\/p>\n\n\n\n<h2 class=\"wp-block-heading\">Kotisivukoneen k\u00e4yt\u00f6n aloitus<\/h2>\n\n\n\n<p>Kirjaudu sis\u00e4\u00e4n webhotellin DirectAdmin-hallintapaneeliin.<\/p>\n\n\n\n<p>Jos sinulla on kauttamme useampi domain, valitse ensin se domain, jota k\u00e4ytet\u00e4\u00e4n kotisivueditorin avulla luotavan sivuston osoitteena (my\u00f6s alidomainit). Ohje muokattavan domainin valintaan l\u00f6ytyy&nbsp;<a href=\"https:\/\/www.zoner.fi\/tuki\/webhotellit\/miten-kaytan-directadmin-hallintapaneelia\/\">t\u00e4\u00e4lt\u00e4<\/a>.<\/p>\n\n\n\n<p>Valitse p\u00e4\u00e4valikosta Lis\u00e4toiminnot \u2013 Zoner Kotisivukone.<\/p>\n\n\n\n<figure class=\"wp-block-image size-full\"><img loading=\"lazy\" decoding=\"async\" width=\"300\" height=\"298\" src=\"https:\/\/www.zoner.fi\/tuki\/wp-content\/uploads\/2021\/11\/kotisivukone-paavalikko.jpg\" alt=\"\" class=\"wp-image-610\" srcset=\"https:\/\/www.zoner.fi\/tuki\/wp-content\/uploads\/2021\/11\/kotisivukone-paavalikko.jpg 300w, https:\/\/www.zoner.fi\/tuki\/wp-content\/uploads\/2021\/11\/kotisivukone-paavalikko-150x150.jpg 150w\" sizes=\"auto, (max-width: 300px) 100vw, 300px\" \/><\/figure>\n\n\n\n<p>Jos ole luonut alidomaineja, valitse domain, jota k\u00e4ytet\u00e4\u00e4n sivuston osoitteena.<\/p>\n\n\n\n<h3 class=\"wp-block-heading\">Kotisivueditori sis\u00e4lt\u00e4\u00e4 runsaasti valmiita ulkoasupohjia<\/h3>\n\n\n\n<p>Kotisivukone sis\u00e4lt\u00e4\u00e4 kymmeni\u00e4 valmiiksi suunniteltuja sivupohjia, joita voit k\u00e4ytt\u00e4\u00e4 avuksi oman sivustosi suunnittelussa. Valittua sivupohjaa voi muokata kotisivueditorilla, joten ihan kaikkien elementtien ei tarvitse olla mieluisia. On kuitenkin hyv\u00e4 valita pohja, jossa on valmiiksi tarpeisiisi sopiva asettelu, niin p\u00e4\u00e4set itse v\u00e4hemm\u00e4ll\u00e4.<\/p>\n\n\n\n<figure class=\"wp-block-image size-full is-resized\"><img loading=\"lazy\" decoding=\"async\" width=\"900\" height=\"462\" src=\"https:\/\/www.zoner.fi\/tuki\/wp-content\/uploads\/2021\/11\/kotisivukone-sivupohjan-valinta.jpg\" alt=\"\" class=\"wp-image-611\" style=\"width:871px;height:447px\" srcset=\"https:\/\/www.zoner.fi\/tuki\/wp-content\/uploads\/2021\/11\/kotisivukone-sivupohjan-valinta.jpg 900w, https:\/\/www.zoner.fi\/tuki\/wp-content\/uploads\/2021\/11\/kotisivukone-sivupohjan-valinta-300x154.jpg 300w, https:\/\/www.zoner.fi\/tuki\/wp-content\/uploads\/2021\/11\/kotisivukone-sivupohjan-valinta-768x394.jpg 768w\" sizes=\"auto, (max-width: 900px) 100vw, 900px\" \/><\/figure>\n\n\n\n<p>Vie hiiri sivupohjan esittelykuvan p\u00e4\u00e4lle, niin saat esiin valikon, jonka kautta voit esikatsella pohjaa tai valita kyseisen sivupohjan oman sivustosi pohjaksi.<\/p>\n\n\n\n<figure class=\"wp-block-image size-full\"><img loading=\"lazy\" decoding=\"async\" width=\"300\" height=\"249\" src=\"https:\/\/www.zoner.fi\/tuki\/wp-content\/uploads\/2021\/11\/kotisivukone-sivupohjan-valinta-esikatselu.jpg\" alt=\"\" class=\"wp-image-614\"\/><\/figure>\n\n\n\n<p>Kiinnit\u00e4 huomiota esim. valikon asetteluun, sivun sarakkeiden jaotteluun, erilaisiin osioihin, painikkeisiin ja taustoihin.<\/p>\n\n\n\n<h3 class=\"wp-block-heading\">Olemassaolevan nettisivuston tuominen sivupohjaksi<\/h3>\n\n\n\n<p>Kotisivueditori sis\u00e4lt\u00e4\u00e4 my\u00f6s mahdollisuuden tuoda jo olemassa oleva sivusto ty\u00f6stett\u00e4v\u00e4ksi versioksi ohjelmaan. Kirjoita tuotavan sivuston osoite Import any website -valinnan kentt\u00e4\u00e4n ja klikkaa Tuo. Tuominen voi kest\u00e4\u00e4 jonkin aikaa rippuen jonotilanteesta.<\/p>\n\n\n\n<figure class=\"wp-block-image size-full\"><img loading=\"lazy\" decoding=\"async\" width=\"247\" height=\"172\" src=\"https:\/\/www.zoner.fi\/tuki\/wp-content\/uploads\/2021\/11\/kotisivukone-sivupohjan-valinta-import-any-site.jpg\" alt=\"\" class=\"wp-image-615\"\/><\/figure>\n\n\n\n<p>Huomaa, ett\u00e4 lopputulos riippuu eritt\u00e4in paljon tuotavan materiaalin alkuper\u00e4st\u00e4. Jos tuot sivuston, joka on tehty alun perin toisenlaisella julkaisuj\u00e4rjestelm\u00e4ll\u00e4, on eritt\u00e4in todenn\u00e4k\u00f6ist\u00e4, ett\u00e4 joudut tekem\u00e4\u00e4n muokkauksia saadaksesi sivuston julkaisukuntoon. Jos taas tuot sivuston, joka on tehty vastaavalla kotisivueditorilla, on muokkaustarve yleens\u00e4 huomattasti pienempi.<\/p>\n\n\n\n<h3 class=\"wp-block-heading\">Kotisivueditori ja elementtien muokkaaminen<\/h3>\n\n\n\n<p>Voit muokata sivulla n\u00e4kyvi\u00e4 elementtej\u00e4 viem\u00e4ll\u00e4 hiiren ko. kohteen p\u00e4\u00e4lle ja klikkaamalla oikean yl\u00e4kulman kyn\u00e4-kuvaketta tai klikkaamalla elementti\u00e4 hiiren oikealla painikkeella. Siirr\u00e4 elementtej\u00e4 klikkaamalla elementti\u00e4 ja vet\u00e4m\u00e4ll\u00e4. Muuta elementin kokoa vet\u00e4m\u00e4ll\u00e4 reunuksesta.<\/p>\n\n\n\n<figure class=\"wp-block-image size-full\"><img loading=\"lazy\" decoding=\"async\" width=\"900\" height=\"346\" src=\"https:\/\/www.zoner.fi\/tuki\/wp-content\/uploads\/2021\/11\/kotisivukone-sivupohja-muokkaus.jpg\" alt=\"\" class=\"wp-image-618\" srcset=\"https:\/\/www.zoner.fi\/tuki\/wp-content\/uploads\/2021\/11\/kotisivukone-sivupohja-muokkaus.jpg 900w, https:\/\/www.zoner.fi\/tuki\/wp-content\/uploads\/2021\/11\/kotisivukone-sivupohja-muokkaus-300x115.jpg 300w, https:\/\/www.zoner.fi\/tuki\/wp-content\/uploads\/2021\/11\/kotisivukone-sivupohja-muokkaus-768x295.jpg 768w\" sizes=\"auto, (max-width: 900px) 100vw, 900px\" \/><\/figure>\n\n\n\n<p>Lis\u00e4\u00e4 elementtej\u00e4 vet\u00e4m\u00e4ll\u00e4 niit\u00e4 yl\u00e4reunan valikkopalkista sivulle. Jokaisella elementill\u00e4 on runsaasti muokkausvaihtoehtoja editorissa, joihin kannattaa tutustua elementin asetusten kautta.<\/p>\n\n\n\n<h3 class=\"wp-block-heading\">Taustakuvan\/-v\u00e4rin muokkaaminen<\/h3>\n\n\n\n<p>L\u00f6yd\u00e4t taustakuvan asetukset yl\u00e4reunan valikkopalkista ratas-kuvaketta klikkaamalla tai klikkaamalla hiiren oikealla painikkella taustakuvan kohdalta.<\/p>\n\n\n\n<figure class=\"wp-block-image size-full\"><img loading=\"lazy\" decoding=\"async\" width=\"900\" height=\"587\" src=\"https:\/\/www.zoner.fi\/tuki\/wp-content\/uploads\/2021\/11\/kotisivukone-taustakuva-asetukset.jpg\" alt=\"\" class=\"wp-image-620\" srcset=\"https:\/\/www.zoner.fi\/tuki\/wp-content\/uploads\/2021\/11\/kotisivukone-taustakuva-asetukset.jpg 900w, https:\/\/www.zoner.fi\/tuki\/wp-content\/uploads\/2021\/11\/kotisivukone-taustakuva-asetukset-300x196.jpg 300w, https:\/\/www.zoner.fi\/tuki\/wp-content\/uploads\/2021\/11\/kotisivukone-taustakuva-asetukset-768x501.jpg 768w\" sizes=\"auto, (max-width: 900px) 100vw, 900px\" \/><\/figure>\n\n\n\n<h3 class=\"wp-block-heading\">Alasivun lis\u00e4\u00e4minen\/poistaminen<\/h3>\n\n\n\n<p>Klikkaa yl\u00e4reunan valikkopalkissa n\u00e4kyv\u00e4\u00e4 sivun nime\u00e4 ja valitse alasvetovalikosta Muokkaa.<\/p>\n\n\n\n<figure class=\"wp-block-image size-full\"><img loading=\"lazy\" decoding=\"async\" width=\"300\" height=\"227\" src=\"https:\/\/www.zoner.fi\/tuki\/wp-content\/uploads\/2021\/11\/kotisivukone-lisaa-uusi-sivu.jpg\" alt=\"\" class=\"wp-image-622\"\/><\/figure>\n\n\n\n<p>Valitse Uusi kohde, anna uudelle sivulle otsikko ja lis\u00e4\u00e4 se valikkoon. Poista sivu klikkaamalla otsikon vieress\u00e4 n\u00e4kyv\u00e4\u00e4 rastia.<\/p>\n\n\n\n<figure class=\"wp-block-image size-full\"><img loading=\"lazy\" decoding=\"async\" width=\"500\" height=\"423\" src=\"https:\/\/www.zoner.fi\/tuki\/wp-content\/uploads\/2021\/11\/kotisivukone-lisaa-uusi-kohde.jpg\" alt=\"\" class=\"wp-image-623\" srcset=\"https:\/\/www.zoner.fi\/tuki\/wp-content\/uploads\/2021\/11\/kotisivukone-lisaa-uusi-kohde.jpg 500w, https:\/\/www.zoner.fi\/tuki\/wp-content\/uploads\/2021\/11\/kotisivukone-lisaa-uusi-kohde-300x254.jpg 300w\" sizes=\"auto, (max-width: 500px) 100vw, 500px\" \/><\/figure>\n\n\n\n<h3 class=\"wp-block-heading\">Monikielinen sivusto<\/h3>\n\n\n\n<p>Kotisivukoneen avulla on helppoa rakentaa my\u00f6s monikielinen sivusto. Ved\u00e4 yl\u00e4reunan valikosta Kielet-elementti esim. yl\u00e4valikkoon. Lis\u00e4\u00e4 kaikki haluamasi kielet elementin valikon kautta, muista lis\u00e4t\u00e4 my\u00f6s oletuskieli.<\/p>\n\n\n\n<p>Nyt voit valita muokattavan kielen Teksti-elementin alasvetovalikosta ja kirjoittaa kaikki sivuston tekstit kieliversioon sopiviksi.<\/p>\n\n\n\n<figure class=\"wp-block-image size-full\"><img loading=\"lazy\" decoding=\"async\" width=\"900\" height=\"103\" src=\"https:\/\/www.zoner.fi\/tuki\/wp-content\/uploads\/2021\/11\/kotisivukone-kieliversio.jpg\" alt=\"\" class=\"wp-image-626\" srcset=\"https:\/\/www.zoner.fi\/tuki\/wp-content\/uploads\/2021\/11\/kotisivukone-kieliversio.jpg 900w, https:\/\/www.zoner.fi\/tuki\/wp-content\/uploads\/2021\/11\/kotisivukone-kieliversio-300x34.jpg 300w, https:\/\/www.zoner.fi\/tuki\/wp-content\/uploads\/2021\/11\/kotisivukone-kieliversio-768x88.jpg 768w\" sizes=\"auto, (max-width: 900px) 100vw, 900px\" \/><\/figure>\n\n\n\n<h3 class=\"wp-block-heading\">Mobiilioptimointi<\/h3>\n\n\n\n<p>Nykyaikana on t\u00e4rke\u00e4\u00e4, ett\u00e4 sivusto n\u00e4ytt\u00e4\u00e4 hyv\u00e4lt\u00e4 laitteesta riippumatta. Oletusarvoisesti Kotisivukoneen sivupohjat eiv\u00e4t ole mobiilioptimoituja, mutta mobiilioptimointi on helppo tehd\u00e4 yl\u00e4reunan valikkopalkista l\u00f6ytyvien toimintojen avulla. Voit asemoida kaikki sivuston elementit k\u00e4sin eri ruuduille sopiviksi klikkaamalla eri laitetyyppien valikkokohtia tai voit luottaa automaatioon, joka ainakin omien testaustemme perusteella toimii loistavasti.<\/p>\n\n\n\n<figure class=\"wp-block-image size-full\"><img loading=\"lazy\" decoding=\"async\" width=\"516\" height=\"115\" src=\"https:\/\/www.zoner.fi\/tuki\/wp-content\/uploads\/2021\/11\/kotisivukone-mobiilioptimointi.jpg\" alt=\"\" class=\"wp-image-627\" srcset=\"https:\/\/www.zoner.fi\/tuki\/wp-content\/uploads\/2021\/11\/kotisivukone-mobiilioptimointi.jpg 516w, https:\/\/www.zoner.fi\/tuki\/wp-content\/uploads\/2021\/11\/kotisivukone-mobiilioptimointi-300x67.jpg 300w\" sizes=\"auto, (max-width: 516px) 100vw, 516px\" \/><\/figure>\n\n\n\n<p>Uudemmassa Zoner Kotisivukoneversiossa automaattista asetteluvaihtoehtoa ei ole, vaan kaikki laiteversiot sivustoista luodaan automaattisesti ty\u00f6p\u00f6yt\u00e4versiosta. Eri laitteille optimoituja versioita p\u00e4\u00e4see kuitenkin muokkaamaan sivun yl\u00e4palkista valitsemalla halutun laitetyypin.<br><\/p>\n\n\n\n<figure class=\"wp-block-image size-large\"><img loading=\"lazy\" decoding=\"async\" width=\"1024\" height=\"163\" src=\"https:\/\/www.zoner.fi\/tuki\/wp-content\/uploads\/2023\/08\/image-1-1024x163.png\" alt=\"\" class=\"wp-image-130905\" srcset=\"https:\/\/www.zoner.fi\/tuki\/wp-content\/uploads\/2023\/08\/image-1-1024x163.png 1024w, https:\/\/www.zoner.fi\/tuki\/wp-content\/uploads\/2023\/08\/image-1-300x48.png 300w, https:\/\/www.zoner.fi\/tuki\/wp-content\/uploads\/2023\/08\/image-1-768x123.png 768w, https:\/\/www.zoner.fi\/tuki\/wp-content\/uploads\/2023\/08\/image-1.png 1109w\" sizes=\"auto, (max-width: 1024px) 100vw, 1024px\" \/><\/figure>\n\n\n\n<h3 class=\"wp-block-heading\">Lomake-elementin SMTP-asetukset<\/h3>\n\n\n\n<p>Kotisivukone k\u00e4ytt\u00e4\u00e4 viestien l\u00e4hett\u00e4miseen oletuksena PHP mail -toimintoa, joka on estetty webhotelleissamme, joten voidaksesi hy\u00f6dynt\u00e4\u00e4 Kotisivukoneen lomake-elementin toimintoja sinun pit\u00e4\u00e4 aktivoida SMTP k\u00e4ytt\u00f6\u00f6n.<\/p>\n\n\n\n<p>Luo ensin uusi s\u00e4hk\u00f6postilaatikko.&nbsp;Voit my\u00f6s k\u00e4ytt\u00e4\u00e4 vanhaa olemassa olevaa laatikkoa, mutta suosittelemme uuden luontia.<\/p>\n\n\n\n<p><a href=\"https:\/\/www.zoner.fi\/tuki\/sahkopostiohjeet\/directadmin\/miten-luon-sahkopostilaatikon-webhotellissa\/\">Ohje s\u00e4hk\u00f6postin luomiseen<\/a>.<\/p>\n\n\n\n<p>Avaa lomake-elementin asetukset ja SMTP-v\u00e4lilehti.<\/p>\n\n\n\n<p>SMTP is\u00e4nt\u00e4 = localhost<\/p>\n\n\n\n<p>SMTRP portti = 587<\/p>\n\n\n\n<p>K\u00e4ytt\u00e4j\u00e4tunnus ja salasana = luomasi s\u00e4hk\u00f6postilaatikon tunnukset<\/p>\n\n\n\n<figure class=\"wp-block-image size-large\"><img loading=\"lazy\" decoding=\"async\" width=\"1024\" height=\"334\" src=\"https:\/\/www.zoner.fi\/tuki\/wp-content\/uploads\/2023\/08\/ZonerKotisivukoneSMTP-1024x334.png\" alt=\"\" class=\"wp-image-130909\" srcset=\"https:\/\/www.zoner.fi\/tuki\/wp-content\/uploads\/2023\/08\/ZonerKotisivukoneSMTP-1024x334.png 1024w, https:\/\/www.zoner.fi\/tuki\/wp-content\/uploads\/2023\/08\/ZonerKotisivukoneSMTP-300x98.png 300w, https:\/\/www.zoner.fi\/tuki\/wp-content\/uploads\/2023\/08\/ZonerKotisivukoneSMTP-768x251.png 768w, https:\/\/www.zoner.fi\/tuki\/wp-content\/uploads\/2023\/08\/ZonerKotisivukoneSMTP.png 1155w\" sizes=\"auto, (max-width: 1024px) 100vw, 1024px\" \/><\/figure>\n\n\n\n<h3 class=\"wp-block-heading\">Sivuston julkaiseminen kotisivueditorilla<\/h3>\n\n\n\n<p>Kun olet tyytyv\u00e4inen editorilla ty\u00f6stetyn sivuston ulkoasuun ja rakenteeseen ja olet tarkistanut esikatselun avulla, milt\u00e4 sivusto n\u00e4ytt\u00e4\u00e4 eri laitteilla, voit julkaista sivuston.<\/p>\n\n\n\n<figure class=\"wp-block-image size-full\"><img loading=\"lazy\" decoding=\"async\" width=\"300\" height=\"230\" src=\"https:\/\/www.zoner.fi\/tuki\/wp-content\/uploads\/2021\/11\/kotisivukone-julkaise.jpg\" alt=\"\" class=\"wp-image-631\"\/><\/figure>\n\n\n\n<h2 class=\"wp-block-heading\">Kotisivueditori &#8211; p\u00e4\u00e4toiminnot valikossa<\/h2>\n\n\n\n<figure class=\"wp-block-image size-full\"><img loading=\"lazy\" decoding=\"async\" width=\"900\" height=\"55\" src=\"https:\/\/www.zoner.fi\/tuki\/wp-content\/uploads\/2021\/11\/kotisivukone-paavalikko-kokonaan.jpg\" alt=\"\" class=\"wp-image-633\" srcset=\"https:\/\/www.zoner.fi\/tuki\/wp-content\/uploads\/2021\/11\/kotisivukone-paavalikko-kokonaan.jpg 900w, https:\/\/www.zoner.fi\/tuki\/wp-content\/uploads\/2021\/11\/kotisivukone-paavalikko-kokonaan-300x18.jpg 300w, https:\/\/www.zoner.fi\/tuki\/wp-content\/uploads\/2021\/11\/kotisivukone-paavalikko-kokonaan-768x47.jpg 768w\" sizes=\"auto, (max-width: 900px) 100vw, 900px\" \/><\/figure>\n\n\n\n<p><strong>1. Julkaise.&nbsp;<\/strong>Sivuston julkaiseminen, tallentaminen ilman julkaisemista, varmuuskopiointitoiminnot.<\/p>\n\n\n\n<p><strong>2. Esikatselu.<\/strong>&nbsp;Katso milt\u00e4 sivusto n\u00e4ytt\u00e4isi julkaistuna. Vaihda ruudun kokoa alasvetovalikosta, niin n\u00e4et sivuston mobiilioptimoinnin tilan.<\/p>\n\n\n\n<p><strong>3. Peru\/tee uudelleen.<\/strong>&nbsp;Peru edellinen tehty muutos tai tee perumasi muutos uudelleen.<\/p>\n\n\n\n<p><strong>4. Uusi\/palauta.<\/strong>&nbsp;Vaihda oletussivupohjaa tai peru kaikki sivupohjaan tekem\u00e4si muutokset resetoimalla.<\/p>\n\n\n\n<p><strong>5. Mobiilioptimointi.<\/strong>&nbsp;Valitse kuvaruudun koko ja muokkaa sivuston n\u00e4kym\u00e4 siihen sopivaksi. Automaattinen layout muokkaa n\u00e4kym\u00e4n automaattisesti mobiililaitteille sopivaksi.<\/p>\n\n\n\n<p><strong>6. Lista sivuista.<\/strong>&nbsp;Alasvetovalikossa on lista kaikista sivustosi sivuista. Voit siirty\u00e4 sivulle klikkaamalla sen nime\u00e4. Muokkaa ja lis\u00e4\u00e4 uusia sivuja klikkaamalla Muokkaa.<\/p>\n\n\n\n<p><strong>7. Asetukset.<\/strong>&nbsp;Asetukset-valikosta l\u00f6yd\u00e4t kaiken tarpeellisen liittyen siihen, miten sivusto n\u00e4ytt\u00e4ytyy k\u00e4ytt\u00e4jille ja hakukoneille (fontit, taustakuvat, <a href=\"https:\/\/www.zoner.fi\/kotisivut\/favicon\/\">favicon<\/a>, SEO-m\u00e4\u00e4ritykset jne.).<\/p>\n\n\n\n<p><strong>8. Kieli.<\/strong>&nbsp;Voit vaihtaa hallintapaneelin kielt\u00e4.<\/p>\n\n\n\n<figure class=\"wp-block-image size-full\"><img loading=\"lazy\" decoding=\"async\" width=\"900\" height=\"62\" src=\"https:\/\/www.zoner.fi\/tuki\/wp-content\/uploads\/2021\/11\/kotisivukone-palikat-palkki.jpg\" alt=\"\" class=\"wp-image-634\" srcset=\"https:\/\/www.zoner.fi\/tuki\/wp-content\/uploads\/2021\/11\/kotisivukone-palikat-palkki.jpg 900w, https:\/\/www.zoner.fi\/tuki\/wp-content\/uploads\/2021\/11\/kotisivukone-palikat-palkki-300x21.jpg 300w, https:\/\/www.zoner.fi\/tuki\/wp-content\/uploads\/2021\/11\/kotisivukone-palikat-palkki-768x53.jpg 768w\" sizes=\"auto, (max-width: 900px) 100vw, 900px\" \/><\/figure>\n\n\n\n<p><strong>1. Teksti.<\/strong>&nbsp;Teksi\u00e4 sis\u00e4lt\u00e4v\u00e4 elementti. Muokkaa tekstin kokoa, asettelua, jne.<\/p>\n\n\n\n<p><strong>2. Kuva.<\/strong>&nbsp;Elementti, jonka avulla voit lis\u00e4t\u00e4 sivustolle yksitt\u00e4isen kuvan.<\/p>\n\n\n\n<p><strong>3. Galleria.<\/strong>&nbsp;Elementti, jonka avulla voit lis\u00e4t\u00e4 sivustolle useampia kuvia sis\u00e4lt\u00e4v\u00e4n kuvagallerian.<\/p>\n\n\n\n<p><strong>4. YouTube.<\/strong>&nbsp;Lis\u00e4\u00e4 YouTube-video.<\/p>\n\n\n\n<p><strong>5. Kartat.<\/strong>&nbsp;Lis\u00e4\u00e4 Google-kartta. Huomaa, ett\u00e4 sinun pit\u00e4\u00e4 hakea API-avain ohjeiden mukaan n\u00e4ytt\u00e4\u00e4ksesi Googlen kartan sivustollasi.<\/p>\n\n\n\n<p><strong>6. Muoto.<\/strong>&nbsp;Lis\u00e4\u00e4 tehostelaatikko esim. tekstin taustalle.<\/p>\n\n\n\n<p><strong>7. Rivi.<\/strong>&nbsp;Lis\u00e4\u00e4 jakaja rivien tai sarakkeiden v\u00e4lille.<\/p>\n\n\n\n<p><strong>8. Painike.<\/strong>&nbsp;Lis\u00e4\u00e4 sivustolle painike esim. ohjaamaan k\u00e4vij\u00e4 yhteydenottolomakkeelle.<\/p>\n\n\n\n<p><strong>9. Lomake.<\/strong>&nbsp;Lis\u00e4\u00e4 sivustolle lomake. Muista m\u00e4\u00e4ritt\u00e4\u00e4 my\u00f6s s\u00e4hk\u00f6postiasetukset ja aktivoi SMTP k\u00e4ytt\u00f6\u00f6n.<\/p>\n\n\n\n<p><strong>10. Valikko.<\/strong>&nbsp;Lis\u00e4\u00e4 uusi valikko.<\/p>\n\n\n\n<p><strong>11. Kielet.<\/strong>&nbsp;Lis\u00e4\u00e4 kielivalinnan mahdollistavat painikkeet esim. p\u00e4\u00e4valikkoon.<\/p>\n\n\n\n<p><strong>12. Elementti.<\/strong>&nbsp;Sis\u00e4lt\u00e4\u00e4 valmiita layouteja kuvien, muiden elementtien ja tekstien yhdist\u00e4miseksi.<\/p>\n\n\n\n<p><strong>13. Some.<\/strong>&nbsp;Lis\u00e4\u00e4 erilaisia sosiaalisen median palveluita ja sy\u00f6tteit\u00e4 sivustolle.<\/p>\n\n\n\n<p><strong>14. Lis\u00e4\u00e4 elementtej\u00e4.<\/strong>&nbsp;Lista extra-elementeist\u00e4 lis\u00e4tt\u00e4v\u00e4ksi: Skype, musiikki, Banneri, AdSense-koodi, kalenteri, html-koodi, taulukko, Vimeo, Youku, Zendesk, Olark, Tawk.to chat-sovellus, Effect.<\/p>\n\n\n\n<p><strong>15. Kaupank\u00e4ynti.<\/strong>\u00a0Verkkokaupan toiminnot. Lue lis\u00e4\u00e4 Kotisivukoneen kauppa-osiosta\u00a0<a href=\"https:\/\/www.zoner.fi\/tuki\/kotisivukone\/legacy\/miten-perustan-verkkokaupan-kotisivukoneella\/\">t\u00e4\u00e4lt\u00e4<\/a>.<\/p>\n\n\n\n<p><strong>16. Kartta.<\/strong>&nbsp;Lis\u00e4\u00e4 Bing maps tai Baidu kartat -elementti.<\/p>\n\n\n\n<p><br><\/p>\n","protected":false},"excerpt":{"rendered":"<p>Kotisivueditori sis\u00e4lt\u00e4\u00e4 lukuisia valmiita mallipohjia ja laajat muokkausmahdollisuudet. Voit tehd\u00e4 editorilla yksinkertaiset sivut tai laajemman kokonaisuuden, perustaa blogin tai vaikka verkkokaupan.<\/p>\n","protected":false},"author":1,"featured_media":0,"parent":137590,"menu_order":17,"comment_status":"closed","ping_status":"closed","template":"","meta":{"_relevanssi_hide_post":"","_relevanssi_hide_content":"","_relevanssi_pin_for_all":"","_relevanssi_pin_keywords":"","_relevanssi_unpin_keywords":"","_relevanssi_related_keywords":"","_relevanssi_related_include_ids":"","_relevanssi_related_exclude_ids":"","_relevanssi_related_no_append":"","_relevanssi_related_not_related":"","_relevanssi_related_posts":"1076,1066,1063","_relevanssi_noindex_reason":"","footnotes":""},"categories":[69],"tags":[87],"wf_page_folders":[],"class_list":{"0":"post-607","1":"page","2":"type-page","3":"status-publish","5":"category-legacy-kotisivukone","6":"tag-kotisivukone"},"_links":{"self":[{"href":"https:\/\/www.zoner.fi\/tuki\/wp-json\/wp\/v2\/pages\/607","targetHints":{"allow":["GET"]}}],"collection":[{"href":"https:\/\/www.zoner.fi\/tuki\/wp-json\/wp\/v2\/pages"}],"about":[{"href":"https:\/\/www.zoner.fi\/tuki\/wp-json\/wp\/v2\/types\/page"}],"author":[{"embeddable":true,"href":"https:\/\/www.zoner.fi\/tuki\/wp-json\/wp\/v2\/users\/1"}],"replies":[{"embeddable":true,"href":"https:\/\/www.zoner.fi\/tuki\/wp-json\/wp\/v2\/comments?post=607"}],"version-history":[{"count":7,"href":"https:\/\/www.zoner.fi\/tuki\/wp-json\/wp\/v2\/pages\/607\/revisions"}],"predecessor-version":[{"id":138024,"href":"https:\/\/www.zoner.fi\/tuki\/wp-json\/wp\/v2\/pages\/607\/revisions\/138024"}],"up":[{"embeddable":true,"href":"https:\/\/www.zoner.fi\/tuki\/wp-json\/wp\/v2\/pages\/137590"}],"wp:attachment":[{"href":"https:\/\/www.zoner.fi\/tuki\/wp-json\/wp\/v2\/media?parent=607"}],"wp:term":[{"taxonomy":"category","embeddable":true,"href":"https:\/\/www.zoner.fi\/tuki\/wp-json\/wp\/v2\/categories?post=607"},{"taxonomy":"post_tag","embeddable":true,"href":"https:\/\/www.zoner.fi\/tuki\/wp-json\/wp\/v2\/tags?post=607"},{"taxonomy":"wf_page_folders","embeddable":true,"href":"https:\/\/www.zoner.fi\/tuki\/wp-json\/wp\/v2\/wf_page_folders?post=607"}],"curies":[{"name":"wp","href":"https:\/\/api.w.org\/{rel}","templated":true}]}}