{"id":637,"date":"2019-02-13T17:25:00","date_gmt":"2019-02-13T15:25:00","guid":{"rendered":"https:\/\/www.zoner.fi\/tuki\/?page_id=637"},"modified":"2025-11-12T14:44:47","modified_gmt":"2025-11-12T12:44:47","slug":"miten-perustan-verkkokaupan-kotisivukoneella","status":"publish","type":"page","link":"https:\/\/www.zoner.fi\/tuki\/kotisivukone\/legacy\/miten-perustan-verkkokaupan-kotisivukoneella\/","title":{"rendered":"Nettikaupan perustaminen Zoner kotisivukoneella"},"content":{"rendered":"\n<p><em>Ohje tarkistettu: 11.6.2021<\/em><\/p>\n\n\n\n<p>Zoner Kotisivukone sis\u00e4lt\u00e4\u00e4 my\u00f6s toiminnot nettikaupan perustamiseen. Kauppa on nopea ja helppo ottaa k\u00e4ytt\u00f6\u00f6n ja se on selke\u00e4 k\u00e4ytt\u00e4\u00e4. Asetusten suhteen ohjelmisto on monelta osin suppeampi kuin puhtaasti kaupank\u00e4ynti\u00e4 varten rakennetut alustat, mutta jos haluat myyd\u00e4 sivustollasi tuotteita ja\/tai palveluita, jotka eiv\u00e4t kaipaa monimutkaisia tuotekortteja tai kuponki-, toimitus- ja maksuj\u00e4rjestelmi\u00e4, on&nbsp;<a href=\"https:\/\/www.zoner.fi\/kotisivukone\/\">Zoner Kotisivukone<\/a>&nbsp;hyv\u00e4 vaihtoehto.<\/p>\n\n\n\n<p>Kotisivukoneen nettikauppa sis\u00e4lt\u00e4\u00e4 kaikki t\u00e4rkeimm\u00e4t toiminnot eli kauppan\u00e4kym\u00e4n, selke\u00e4n tuotekortin ja tilausten tekemiseen ja maksamiseen tarvittavat j\u00e4rjestelm\u00e4t. Jos kaipaat tuotteille variaatioita, suomalaisten pankkien maksupainikkeita tai j\u00e4rjestelm\u00e4\u00e4n integroitavaa pakettikorttien tulostusta, suosittelen tutustumaan muihin, erityisesti verkkokauppak\u00e4ytt\u00f6\u00f6n suunniteltuihin ohjelmistoihin.<\/p>\n\n\n\n<h2 class=\"wp-block-heading\">Nettikaupan lis\u00e4\u00e4minen sivustolle<\/h2>\n\n\n\n<p>T\u00e4ss\u00e4 ohjeessa oletamme, ett\u00e4 sinulla on jo Zonerin Kotisivukoneella luotu sivusto. Ohjeet sivuston perustamiseen Zoner Kotisivukoneella l\u00f6yd\u00e4t\u00a0<a href=\"https:\/\/www.zoner.fi\/tuki\/kotisivukone\/legacy\/miten-otan-kayttoon-helppokayttoisen-kotisivukoneen\/\">t\u00e4\u00e4lt\u00e4<\/a>.<\/p>\n\n\n\n<p>Ved\u00e4 kauppa-kuvake sivustolle kohtaan, jonne haluat lis\u00e4t\u00e4 sen. Voit luoda kaupalle oman sivunsa tai lis\u00e4t\u00e4 kauppaosion esim. etusivulle, jos tuotteita on vain muutama.<\/p>\n\n\n\n<figure class=\"wp-block-image size-full\"><img loading=\"lazy\" decoding=\"async\" width=\"330\" height=\"400\" src=\"https:\/\/www.zoner.fi\/tuki\/wp-content\/uploads\/2021\/11\/zoner-kotisivukone-kauppa.jpg\" alt=\"\" class=\"wp-image-641\" srcset=\"https:\/\/www.zoner.fi\/tuki\/wp-content\/uploads\/2021\/11\/zoner-kotisivukone-kauppa.jpg 330w, https:\/\/www.zoner.fi\/tuki\/wp-content\/uploads\/2021\/11\/zoner-kotisivukone-kauppa-248x300.jpg 248w\" sizes=\"auto, (max-width: 330px) 100vw, 330px\" \/><\/figure>\n\n\n\n<h3 class=\"wp-block-heading\">Tuotteiden lis\u00e4\u00e4minen nettikauppaan<\/h3>\n\n\n\n<p>Kauppaosioon tulee oletuksena useampi tuote. Osiota ja tuotteita voit muokata klikkaamalla osion oikeasta yl\u00e4kulmasta kyn\u00e4kuvaketta ja avautuvasta ikkunasta Asetukset. Muokkaa oletustuotteita tai poista ne ja luo tilalle uudet tuotteet.<\/p>\n\n\n\n<figure class=\"wp-block-image size-full\"><img loading=\"lazy\" decoding=\"async\" width=\"800\" height=\"368\" src=\"https:\/\/www.zoner.fi\/tuki\/wp-content\/uploads\/2021\/11\/zoner-kotisivukone-nettikauppa-tuotteet.jpg\" alt=\"\" class=\"wp-image-643\" srcset=\"https:\/\/www.zoner.fi\/tuki\/wp-content\/uploads\/2021\/11\/zoner-kotisivukone-nettikauppa-tuotteet.jpg 800w, https:\/\/www.zoner.fi\/tuki\/wp-content\/uploads\/2021\/11\/zoner-kotisivukone-nettikauppa-tuotteet-300x138.jpg 300w, https:\/\/www.zoner.fi\/tuki\/wp-content\/uploads\/2021\/11\/zoner-kotisivukone-nettikauppa-tuotteet-768x353.jpg 768w\" sizes=\"auto, (max-width: 800px) 100vw, 800px\" \/><\/figure>\n\n\n\n<p>Muokkaa kohteita -v\u00e4lilehdell\u00e4 voit muokata tuotetietoja eli tuotteen nime\u00e4, hintaa, kuvausta jne.<\/p>\n\n\n\n<figure class=\"wp-block-image size-full\"><img loading=\"lazy\" decoding=\"async\" width=\"800\" height=\"504\" src=\"https:\/\/www.zoner.fi\/tuki\/wp-content\/uploads\/2021\/11\/nettikaupan-tuotetietojen-muokkaus.jpg\" alt=\"\" class=\"wp-image-645\" srcset=\"https:\/\/www.zoner.fi\/tuki\/wp-content\/uploads\/2021\/11\/nettikaupan-tuotetietojen-muokkaus.jpg 800w, https:\/\/www.zoner.fi\/tuki\/wp-content\/uploads\/2021\/11\/nettikaupan-tuotetietojen-muokkaus-300x189.jpg 300w, https:\/\/www.zoner.fi\/tuki\/wp-content\/uploads\/2021\/11\/nettikaupan-tuotetietojen-muokkaus-768x484.jpg 768w\" sizes=\"auto, (max-width: 800px) 100vw, 800px\" \/><\/figure>\n\n\n\n<h3 class=\"wp-block-heading\">Kaupan asetusten m\u00e4\u00e4ritt\u00e4minen<\/h3>\n\n\n\n<p>Asetukset-v\u00e4lilehdelt\u00e4 l\u00f6ytyv\u00e4t kauppan\u00e4kym\u00e4n yleiset asetukset hinnan ja kuvien esitt\u00e4misest\u00e4 tuotteiden esitt\u00e4mistietoihin. Jos haluat luoda kaupan, jossa on sivuja eri kategorioille, voit t\u00e4st\u00e4 n\u00e4kym\u00e4st\u00e4 valita, mik\u00e4 kategoria t\u00e4ll\u00e4 sivulla n\u00e4ytet\u00e4\u00e4n.<\/p>\n\n\n\n<figure class=\"wp-block-image size-full\"><img loading=\"lazy\" decoding=\"async\" width=\"800\" height=\"620\" src=\"https:\/\/www.zoner.fi\/tuki\/wp-content\/uploads\/2021\/11\/zoner-kotisivukone-kauppa-asetukset.jpg\" alt=\"\" class=\"wp-image-648\" srcset=\"https:\/\/www.zoner.fi\/tuki\/wp-content\/uploads\/2021\/11\/zoner-kotisivukone-kauppa-asetukset.jpg 800w, https:\/\/www.zoner.fi\/tuki\/wp-content\/uploads\/2021\/11\/zoner-kotisivukone-kauppa-asetukset-300x233.jpg 300w, https:\/\/www.zoner.fi\/tuki\/wp-content\/uploads\/2021\/11\/zoner-kotisivukone-kauppa-asetukset-768x595.jpg 768w\" sizes=\"auto, (max-width: 800px) 100vw, 800px\" \/><\/figure>\n\n\n\n<p>Tyyli-v\u00e4lilehdelt\u00e4 l\u00f6yd\u00e4t fonttien asetukset, Filters-v\u00e4lilehdelt\u00e4 voit p\u00e4\u00e4tt\u00e4\u00e4, n\u00e4ytet\u00e4\u00e4nk\u00f6 sivulla erilaisia suodattimia tuotteiden n\u00e4ytt\u00e4miseksi ja j\u00e4rjest\u00e4miseksi. Valinnat-v\u00e4lilehdelt\u00e4 voit muokata osion n\u00e4kyvyytt\u00e4 ja sijaintia sivulla.<\/p>\n\n\n\n<p>Klikkaamalla Asetukset-v\u00e4lilehdelt\u00e4 l\u00f6ytyv\u00e4 kyn\u00e4kuvaketta kohdan Yhteydenottolomake kohdalta saat esiin valinnat, joilla voit muokata tietoja, joita asiakkaalta pyydet\u00e4\u00e4n tilauksen yhteydess\u00e4. Lis\u00e4\u00e4 s\u00e4hk\u00f6postiosoitteesi S\u00e4hk\u00f6posti-v\u00e4lilehdell\u00e4 ja m\u00e4\u00e4rit\u00e4 tarvittaessa lis\u00e4asetukset SMTP- ja Asetukset-v\u00e4lilehdilt\u00e4. Voit katsoa SMTP-asetuksiin mallia\u00a0<a href=\"https:\/\/www.zoner.fi\/tuki\/kotisivukone\/legacy\/miten-lahetan-sahkopostiviesteja-kotisivukoneella-tehdylta-sivustolta\/\">t\u00e4st\u00e4 ohjeesta<\/a>.<\/p>\n\n\n\n<figure class=\"wp-block-image size-full\"><img loading=\"lazy\" decoding=\"async\" width=\"732\" height=\"800\" src=\"https:\/\/www.zoner.fi\/tuki\/wp-content\/uploads\/2021\/11\/zoner-kotisivukone-lomake-asetukset.jpg\" alt=\"\" class=\"wp-image-649\" srcset=\"https:\/\/www.zoner.fi\/tuki\/wp-content\/uploads\/2021\/11\/zoner-kotisivukone-lomake-asetukset.jpg 732w, https:\/\/www.zoner.fi\/tuki\/wp-content\/uploads\/2021\/11\/zoner-kotisivukone-lomake-asetukset-275x300.jpg 275w\" sizes=\"auto, (max-width: 732px) 100vw, 732px\" \/><\/figure>\n\n\n\n<h3 class=\"wp-block-heading\">Ostoskorin asetukset<\/h3>\n\n\n\n<p>Ved\u00e4 Ostoskori-kuvake sivustolle kohtaan, jonne haluat lis\u00e4t\u00e4 sen.<\/p>\n\n\n\n<figure class=\"wp-block-image size-full\"><img loading=\"lazy\" decoding=\"async\" width=\"400\" height=\"207\" src=\"https:\/\/www.zoner.fi\/tuki\/wp-content\/uploads\/2021\/11\/nettikaupan-ostoskori.jpg\" alt=\"\" class=\"wp-image-652\" srcset=\"https:\/\/www.zoner.fi\/tuki\/wp-content\/uploads\/2021\/11\/nettikaupan-ostoskori.jpg 400w, https:\/\/www.zoner.fi\/tuki\/wp-content\/uploads\/2021\/11\/nettikaupan-ostoskori-300x155.jpg 300w\" sizes=\"auto, (max-width: 400px) 100vw, 400px\" \/><\/figure>\n\n\n\n<p>Siirry ostoskorin asetuksiin klikkaamalla kyn\u00e4kuvaketta osion oikeasta yl\u00e4kulmasta ja sitten avautuvasta ikkunasta Asetukset.<\/p>\n\n\n\n<figure class=\"wp-block-image size-full\"><img loading=\"lazy\" decoding=\"async\" width=\"400\" height=\"83\" src=\"https:\/\/www.zoner.fi\/tuki\/wp-content\/uploads\/2021\/11\/zoner-kotisivukone-ostoskori-asetukset-valikko.jpg\" alt=\"\" class=\"wp-image-653\" srcset=\"https:\/\/www.zoner.fi\/tuki\/wp-content\/uploads\/2021\/11\/zoner-kotisivukone-ostoskori-asetukset-valikko.jpg 400w, https:\/\/www.zoner.fi\/tuki\/wp-content\/uploads\/2021\/11\/zoner-kotisivukone-ostoskori-asetukset-valikko-300x62.jpg 300w\" sizes=\"auto, (max-width: 400px) 100vw, 400px\" \/><\/figure>\n\n\n\n<p>Yleinen-v\u00e4lilehti sis\u00e4lt\u00e4\u00e4 tuotteiden maksamiseen, verotukseen ja toimittamiseen liittyvi\u00e4 asetuksia. T\u00e4lt\u00e4 v\u00e4lilehdelt\u00e4 l\u00f6yd\u00e4t my\u00f6s saapuneet tilaukset kohdasta Tarkista tilaukset.<\/p>\n\n\n\n<figure class=\"wp-block-image size-full\"><img loading=\"lazy\" decoding=\"async\" width=\"800\" height=\"623\" src=\"https:\/\/www.zoner.fi\/tuki\/wp-content\/uploads\/2021\/11\/ostoskorin-asetukset.jpg\" alt=\"\" class=\"wp-image-654\" srcset=\"https:\/\/www.zoner.fi\/tuki\/wp-content\/uploads\/2021\/11\/ostoskorin-asetukset.jpg 800w, https:\/\/www.zoner.fi\/tuki\/wp-content\/uploads\/2021\/11\/ostoskorin-asetukset-300x234.jpg 300w, https:\/\/www.zoner.fi\/tuki\/wp-content\/uploads\/2021\/11\/ostoskorin-asetukset-768x598.jpg 768w\" sizes=\"auto, (max-width: 800px) 100vw, 800px\" \/><\/figure>\n\n\n\n<p>Uudemmassa Zoner Kotisivukoneessa kaupan m\u00e4\u00e4rityksi\u00e4 p\u00e4\u00e4see muuttamaan Kotisivukoneen oikealla puolella l\u00f6ytyv\u00e4st\u00e4 &#8221;Kauppa&#8221; -osiosta, joka aukeaa automaattisesti n\u00e4kyviin kaupan elementti\u00e4 klikattaessa.<\/p>\n\n\n\n<figure class=\"wp-block-image size-full\"><img loading=\"lazy\" decoding=\"async\" width=\"280\" height=\"518\" src=\"https:\/\/www.zoner.fi\/tuki\/wp-content\/uploads\/2023\/08\/image-5.png\" alt=\"\" class=\"wp-image-130911\" srcset=\"https:\/\/www.zoner.fi\/tuki\/wp-content\/uploads\/2023\/08\/image-5.png 280w, https:\/\/www.zoner.fi\/tuki\/wp-content\/uploads\/2023\/08\/image-5-162x300.png 162w\" sizes=\"auto, (max-width: 280px) 100vw, 280px\" \/><\/figure>\n\n\n\n<h3 class=\"wp-block-heading\">Nettikaupan maksutavat<\/h3>\n\n\n\n<p>Tarjolla on useita maksuvaihtoehtoja, joita voit ottaa nettikaupassasi k\u00e4ytt\u00f6\u00f6n. Kotimaiset verkkopankkipainikkeet ja osamaksuvaihtoehdot saa k\u00e4ytt\u00f6\u00f6n Paytrailin kautta. Katso t\u00e4st\u00e4\u00a0<a href=\"https:\/\/www.zoner.fi\/tuki\/kotisivukone\/legacy\/miten-otan-kayttoon-paytrailin-kotisivukoneessa\/\">ohjeet palvelun k\u00e4ytt\u00f6\u00f6nottoon<\/a>. Korttimaksuja voi ottaa vastaan Paytrailin kautta, mutta my\u00f6s\u00a0<a href=\"https:\/\/www.paypal.com\/fi\/home\" target=\"_blank\" rel=\"noreferrer noopener\">PayPal<\/a>\u00a0ja\u00a0<a href=\"https:\/\/stripe.com\/fi\" target=\"_blank\" rel=\"noreferrer noopener\">Stripe<\/a>\u00a0ovat hyv\u00e4ksi havaittuja vaihtoehtoja korttimaksujen vastaanottamiseen. Kaikkien maksupalveluiden k\u00e4ytt\u00f6\u00f6n vaaditaan sopimus ja k\u00e4ytt\u00e4j\u00e4tili maksujen vastaanottamista varten.<\/p>\n\n\n\n<p>Aktivoimalla kohdan Bank Transfer voit pyyt\u00e4\u00e4 asiakkailta maksun pankkitilillesi. Huomaa, ett\u00e4 toiminto vaatii myyj\u00e4n yhteys- ja pankkitietojen antamisen (l\u00f6ytyy Invoice-v\u00e4lilehdelt\u00e4) sek\u00e4 toimivan s\u00e4hk\u00f6postiosoitteen asettamisen. Asetus l\u00f6ytyy Kauppa-osion asetuksista Asetukset-v\u00e4lilehdelt\u00e4 kohdasta Yhteydenottolomake.<\/p>\n\n\n\n<h3 class=\"wp-block-heading\">Toimitusten ja verojen asetukset<\/h3>\n\n\n\n<p>Yleiset-v\u00e4lilehden kohdasta Toimitusalueet voit lis\u00e4t\u00e4 maita, joiden mukaan haluat jakaa vero- ja toimitusasetukset. Jos esim. Suomeen on erilainen toimituskulu kuin muualle EU:n alueelle, kannattaa luoda luokka Suomi ja luokka EU, johon lis\u00e4t\u00e4\u00e4n kaikki EU-maat.<\/p>\n\n\n\n<p>Kohdasta veros\u00e4\u00e4nn\u00f6t lis\u00e4t\u00e4\u00e4n kaupan tuotteiden arvonlis\u00e4veroprosentit. Klikkaa + Lis\u00e4\u00e4 kohde, anna veros\u00e4\u00e4nn\u00f6lle nimi, klikkaa + Lis\u00e4\u00e4 s\u00e4\u00e4nt\u00f6, valitse toimitusalue, lis\u00e4\u00e4 veroprosentti ja klikkaa Suorita.<\/p>\n\n\n\n<figure class=\"wp-block-image size-full\"><img loading=\"lazy\" decoding=\"async\" width=\"800\" height=\"639\" src=\"https:\/\/www.zoner.fi\/tuki\/wp-content\/uploads\/2021\/11\/zoner-kotisivukone-verosaannot.jpg\" alt=\"\" class=\"wp-image-655\" srcset=\"https:\/\/www.zoner.fi\/tuki\/wp-content\/uploads\/2021\/11\/zoner-kotisivukone-verosaannot.jpg 800w, https:\/\/www.zoner.fi\/tuki\/wp-content\/uploads\/2021\/11\/zoner-kotisivukone-verosaannot-300x240.jpg 300w, https:\/\/www.zoner.fi\/tuki\/wp-content\/uploads\/2021\/11\/zoner-kotisivukone-verosaannot-768x613.jpg 768w\" sizes=\"auto, (max-width: 800px) 100vw, 800px\" \/><\/figure>\n\n\n\n<p>Kohdasta Toimitustavat lis\u00e4t\u00e4\u00e4n kauppaan toimitustavat ja m\u00e4\u00e4ritell\u00e4\u00e4n niiden hinta. Klikkaa +Lis\u00e4\u00e4 kohde, anna toimitustavalle nimi, valitse toimitusalue, valitse miten maksu m\u00e4\u00e4ritell\u00e4\u00e4n, anna toimitustavalle hinta ja toimitusaika-arvio. Klikkaa lopuksi Suorita.<\/p>\n\n\n\n<figure class=\"wp-block-image size-full\"><img loading=\"lazy\" decoding=\"async\" width=\"800\" height=\"642\" src=\"https:\/\/www.zoner.fi\/tuki\/wp-content\/uploads\/2021\/11\/nettikaupan-toimitustavat.jpg\" alt=\"\" class=\"wp-image-657\" srcset=\"https:\/\/www.zoner.fi\/tuki\/wp-content\/uploads\/2021\/11\/nettikaupan-toimitustavat.jpg 800w, https:\/\/www.zoner.fi\/tuki\/wp-content\/uploads\/2021\/11\/nettikaupan-toimitustavat-300x241.jpg 300w, https:\/\/www.zoner.fi\/tuki\/wp-content\/uploads\/2021\/11\/nettikaupan-toimitustavat-768x616.jpg 768w\" sizes=\"auto, (max-width: 800px) 100vw, 800px\" \/><\/figure>\n\n\n\n<p>Lis\u00e4\u00e4 ostoskorin asetuksia l\u00f6ytyy Edistynyt- ja Valinnat -v\u00e4lilehdilt\u00e4.<\/p>\n\n\n\n<p>Nyt olet valmis julkaisemaan verkkokaupan ja voit alkaa vastaanottamaan tilauksia!<\/p>\n","protected":false},"excerpt":{"rendered":"<p>Zoner Kotisivukone sis\u00e4lt\u00e4\u00e4 my\u00f6s toiminnot nettikaupan perustamiseen. Kauppa on nopea ja helppo ottaa k\u00e4ytt\u00f6\u00f6n ja se on selke\u00e4 k\u00e4ytt\u00e4\u00e4.<\/p>\n","protected":false},"author":1,"featured_media":0,"parent":137590,"menu_order":18,"comment_status":"closed","ping_status":"closed","template":"","meta":{"_relevanssi_hide_post":"","_relevanssi_hide_content":"","_relevanssi_pin_for_all":"","_relevanssi_pin_keywords":"","_relevanssi_unpin_keywords":"","_relevanssi_related_keywords":"","_relevanssi_related_include_ids":"","_relevanssi_related_exclude_ids":"","_relevanssi_related_no_append":"","_relevanssi_related_not_related":"","_relevanssi_related_posts":"1076,1066,1063","_relevanssi_noindex_reason":"","footnotes":""},"categories":[69],"tags":[87],"wf_page_folders":[],"class_list":{"0":"post-637","1":"page","2":"type-page","3":"status-publish","5":"category-legacy-kotisivukone","6":"tag-kotisivukone"},"_links":{"self":[{"href":"https:\/\/www.zoner.fi\/tuki\/wp-json\/wp\/v2\/pages\/637","targetHints":{"allow":["GET"]}}],"collection":[{"href":"https:\/\/www.zoner.fi\/tuki\/wp-json\/wp\/v2\/pages"}],"about":[{"href":"https:\/\/www.zoner.fi\/tuki\/wp-json\/wp\/v2\/types\/page"}],"author":[{"embeddable":true,"href":"https:\/\/www.zoner.fi\/tuki\/wp-json\/wp\/v2\/users\/1"}],"replies":[{"embeddable":true,"href":"https:\/\/www.zoner.fi\/tuki\/wp-json\/wp\/v2\/comments?post=637"}],"version-history":[{"count":7,"href":"https:\/\/www.zoner.fi\/tuki\/wp-json\/wp\/v2\/pages\/637\/revisions"}],"predecessor-version":[{"id":138026,"href":"https:\/\/www.zoner.fi\/tuki\/wp-json\/wp\/v2\/pages\/637\/revisions\/138026"}],"up":[{"embeddable":true,"href":"https:\/\/www.zoner.fi\/tuki\/wp-json\/wp\/v2\/pages\/137590"}],"wp:attachment":[{"href":"https:\/\/www.zoner.fi\/tuki\/wp-json\/wp\/v2\/media?parent=637"}],"wp:term":[{"taxonomy":"category","embeddable":true,"href":"https:\/\/www.zoner.fi\/tuki\/wp-json\/wp\/v2\/categories?post=637"},{"taxonomy":"post_tag","embeddable":true,"href":"https:\/\/www.zoner.fi\/tuki\/wp-json\/wp\/v2\/tags?post=637"},{"taxonomy":"wf_page_folders","embeddable":true,"href":"https:\/\/www.zoner.fi\/tuki\/wp-json\/wp\/v2\/wf_page_folders?post=637"}],"curies":[{"name":"wp","href":"https:\/\/api.w.org\/{rel}","templated":true}]}}