{"id":662,"date":"2019-11-19T17:39:00","date_gmt":"2019-11-19T15:39:00","guid":{"rendered":"https:\/\/www.zoner.fi\/tuki\/?page_id=662"},"modified":"2025-03-18T14:42:48","modified_gmt":"2025-03-18T12:42:48","slug":"miten-otan-kaksi-domainia-kayttoon-virtuaalipalvelimella","status":"publish","type":"page","link":"https:\/\/www.zoner.fi\/tuki\/virtuaalipalvelimet\/miten-otan-kaksi-domainia-kayttoon-virtuaalipalvelimella\/","title":{"rendered":"Kahden domainin k\u00e4ytt\u00f6\u00f6notto virtuaalipalvelimella"},"content":{"rendered":"\n<p><em>Ohje tarkistettu: 4.12.2019<\/em><\/p>\n\n\n\n<p>1. Asennetaan Apache2.<\/p>\n\n\n\n<figure class=\"wp-block-image size-full\"><img loading=\"lazy\" decoding=\"async\" width=\"676\" height=\"426\" src=\"https:\/\/www.zoner.fi\/tuki\/wp-content\/uploads\/2021\/11\/virtuaalipalvelin-kaksi-domainia.jpg\" alt=\"\" class=\"wp-image-664\" srcset=\"https:\/\/www.zoner.fi\/tuki\/wp-content\/uploads\/2021\/11\/virtuaalipalvelin-kaksi-domainia.jpg 676w, https:\/\/www.zoner.fi\/tuki\/wp-content\/uploads\/2021\/11\/virtuaalipalvelin-kaksi-domainia-300x189.jpg 300w\" sizes=\"auto, (max-width: 676px) 100vw, 676px\" \/><\/figure>\n\n\n\n<p>2. Luodaan domaineille&nbsp;kansiot, joihin sivut rakennetaan.<\/p>\n\n\n\n<pre class=\"wp-block-code\"><code>mkdir -p \/srv\/www\/domain1.fi\/public_html\nmkdir -p \/srv\/www\/domain2.fi\/public_html<\/code><\/pre>\n\n\n\n<p>(Kansiot voivat sijaita my\u00f6s muualla, esimerkiksi k\u00e4ytt\u00e4j\u00e4n kotihakemistossa)<\/p>\n\n\n\n<figure class=\"wp-block-image size-full\"><img loading=\"lazy\" decoding=\"async\" width=\"678\" height=\"427\" src=\"https:\/\/www.zoner.fi\/tuki\/wp-content\/uploads\/2021\/11\/virtuaalipalvelin-useampi-domain.jpg\" alt=\"\" class=\"wp-image-666\" srcset=\"https:\/\/www.zoner.fi\/tuki\/wp-content\/uploads\/2021\/11\/virtuaalipalvelin-useampi-domain.jpg 678w, https:\/\/www.zoner.fi\/tuki\/wp-content\/uploads\/2021\/11\/virtuaalipalvelin-useampi-domain-300x189.jpg 300w\" sizes=\"auto, (max-width: 678px) 100vw, 678px\" \/><\/figure>\n\n\n\n<p>3. Annetaan tarvittavat oikeudet ja luodaan index.html tiedostot testausta varten.<\/p>\n\n\n\n<pre class=\"wp-block-code\"><code>echo \"domain1.fi\" &gt; \/srv\/www\/domain1.fi\/public_html\/index.html\necho \"domain1.fi\" &gt; \/srv\/www\/domain1.fi\/public_html\/index.html\nchmod -R 755 \/srv\/www<\/code><\/pre>\n\n\n\n<figure class=\"wp-block-image size-full\"><img loading=\"lazy\" decoding=\"async\" width=\"676\" height=\"428\" src=\"https:\/\/www.zoner.fi\/tuki\/wp-content\/uploads\/2021\/11\/domain-virtuaalipalvelin.jpg\" alt=\"\" class=\"wp-image-667\" srcset=\"https:\/\/www.zoner.fi\/tuki\/wp-content\/uploads\/2021\/11\/domain-virtuaalipalvelin.jpg 676w, https:\/\/www.zoner.fi\/tuki\/wp-content\/uploads\/2021\/11\/domain-virtuaalipalvelin-300x190.jpg 300w\" sizes=\"auto, (max-width: 676px) 100vw, 676px\" \/><figcaption>4. Menn\u00e4\u00e4n apachen sites-available config tiedostoihin.<\/figcaption><\/figure>\n\n\n\n<pre class=\"wp-block-code\"><code>cd \/etc\/apache2\/sites-available<\/code><\/pre>\n\n\n\n<p>Luodaan domain1.fi:lle tiedosto.<\/p>\n\n\n\n<pre class=\"wp-block-code\"><code>nano domain1.fi<\/code><\/pre>\n\n\n\n<p>Luodaan seuraavanlainen tiedosto domainin tiedoilla.<\/p>\n\n\n\n<pre class=\"wp-block-code\"><code>&lt;VirtualHost *:80&gt;\nServerAdmin webmaster@domain1.fi \nServerName wwww.domain1.fi \nServerAlias domain1.fi \nDocumentRoot \/srv\/www\/domain1.fi\/public_html\n&lt;\/VirtualHost&gt;<\/code><\/pre>\n\n\n\n<p>Editorissa tiedoston tallennus onnistuu n\u00e4pp\u00e4imill\u00e4 Ctrl + O ja hyv\u00e4ksyt\u00e4\u00e4n tallennus Enter-n\u00e4pp\u00e4imell\u00e4.<\/p>\n\n\n\n<p>Editorista p\u00e4\u00e4st\u00e4\u00e4n pois Ctrl + X n\u00e4pp\u00e4imill\u00e4.<\/p>\n\n\n\n<figure class=\"wp-block-image size-full\"><img loading=\"lazy\" decoding=\"async\" width=\"675\" height=\"427\" src=\"https:\/\/www.zoner.fi\/tuki\/wp-content\/uploads\/2021\/11\/virtuaalipalvelin-domainin-lisaaminen.jpg\" alt=\"\" class=\"wp-image-668\" srcset=\"https:\/\/www.zoner.fi\/tuki\/wp-content\/uploads\/2021\/11\/virtuaalipalvelin-domainin-lisaaminen.jpg 675w, https:\/\/www.zoner.fi\/tuki\/wp-content\/uploads\/2021\/11\/virtuaalipalvelin-domainin-lisaaminen-300x190.jpg 300w\" sizes=\"auto, (max-width: 675px) 100vw, 675px\" \/><\/figure>\n\n\n\n<p>Luodaan samanlainen tiedosto domain2.fi :lle.<\/p>\n\n\n\n<pre class=\"wp-block-code\"><code>nano domain2.fi\n<\/code><\/pre>\n\n\n\n<figure class=\"wp-block-image size-full\"><img loading=\"lazy\" decoding=\"async\" width=\"675\" height=\"425\" src=\"https:\/\/www.zoner.fi\/tuki\/wp-content\/uploads\/2021\/11\/toisen-domainin-lisaaminen.jpg\" alt=\"\" class=\"wp-image-671\" srcset=\"https:\/\/www.zoner.fi\/tuki\/wp-content\/uploads\/2021\/11\/toisen-domainin-lisaaminen.jpg 675w, https:\/\/www.zoner.fi\/tuki\/wp-content\/uploads\/2021\/11\/toisen-domainin-lisaaminen-300x189.jpg 300w\" sizes=\"auto, (max-width: 675px) 100vw, 675px\" \/><\/figure>\n\n\n\n<p>5.&nbsp;Otetaan domainit k\u00e4ytt\u00f6\u00f6n komennoilla:<\/p>\n\n\n\n<pre class=\"wp-block-code\"><code>a2ensite domain1.fi\na2ensite domain2.fi<\/code><\/pre>\n\n\n\n<p>P\u00e4ivitet\u00e4\u00e4n apache:<\/p>\n\n\n\n<pre class=\"wp-block-code\"><code>service apache2 reload<\/code><\/pre>\n\n\n\n<p>Domaineja&nbsp;voidaan poistaa k\u00e4yt\u00f6st\u00e4:<\/p>\n\n\n\n<pre class=\"wp-block-code\"><code>a2dissite domain1.fi\n<\/code><\/pre>\n\n\n\n<figure class=\"wp-block-image size-full\"><img loading=\"lazy\" decoding=\"async\" width=\"677\" height=\"427\" src=\"https:\/\/www.zoner.fi\/tuki\/wp-content\/uploads\/2021\/11\/virtuaalipalvelin-domain-kayttoonotto.jpg\" alt=\"\" class=\"wp-image-673\" srcset=\"https:\/\/www.zoner.fi\/tuki\/wp-content\/uploads\/2021\/11\/virtuaalipalvelin-domain-kayttoonotto.jpg 677w, https:\/\/www.zoner.fi\/tuki\/wp-content\/uploads\/2021\/11\/virtuaalipalvelin-domain-kayttoonotto-300x189.jpg 300w\" sizes=\"auto, (max-width: 677px) 100vw, 677px\" \/><\/figure>\n\n\n\n<p>6. Jos domainit on ohjattu palvelimelle, pit\u00e4isi nyt niille luodut testisivut aueta selaimella.<\/p>\n","protected":false},"excerpt":{"rendered":"<p>Ohjeet kuinka saat kaksi domainia k\u00e4ytt\u00f6\u00f6n virtuaalipalvelimella.<\/p>\n","protected":false},"author":1,"featured_media":0,"parent":659,"menu_order":34,"comment_status":"closed","ping_status":"closed","template":"","meta":{"_relevanssi_hide_post":"","_relevanssi_hide_content":"","_relevanssi_pin_for_all":"","_relevanssi_pin_keywords":"","_relevanssi_unpin_keywords":"","_relevanssi_related_keywords":"","_relevanssi_related_include_ids":"","_relevanssi_related_exclude_ids":"","_relevanssi_related_no_append":"","_relevanssi_related_not_related":"","_relevanssi_related_posts":"1063,1066,1076","_relevanssi_noindex_reason":"","footnotes":""},"categories":[70,181],"tags":[182],"wf_page_folders":[],"class_list":{"0":"post-662","1":"page","2":"type-page","3":"status-publish","5":"category-cloudserver-virtuaalipalvelin","6":"category-legacy-virtuaalipalvelin","7":"tag-legacy-virtuaalipalvelin"},"_links":{"self":[{"href":"https:\/\/www.zoner.fi\/tuki\/wp-json\/wp\/v2\/pages\/662","targetHints":{"allow":["GET"]}}],"collection":[{"href":"https:\/\/www.zoner.fi\/tuki\/wp-json\/wp\/v2\/pages"}],"about":[{"href":"https:\/\/www.zoner.fi\/tuki\/wp-json\/wp\/v2\/types\/page"}],"author":[{"embeddable":true,"href":"https:\/\/www.zoner.fi\/tuki\/wp-json\/wp\/v2\/users\/1"}],"replies":[{"embeddable":true,"href":"https:\/\/www.zoner.fi\/tuki\/wp-json\/wp\/v2\/comments?post=662"}],"version-history":[{"count":2,"href":"https:\/\/www.zoner.fi\/tuki\/wp-json\/wp\/v2\/pages\/662\/revisions"}],"predecessor-version":[{"id":129806,"href":"https:\/\/www.zoner.fi\/tuki\/wp-json\/wp\/v2\/pages\/662\/revisions\/129806"}],"up":[{"embeddable":true,"href":"https:\/\/www.zoner.fi\/tuki\/wp-json\/wp\/v2\/pages\/659"}],"wp:attachment":[{"href":"https:\/\/www.zoner.fi\/tuki\/wp-json\/wp\/v2\/media?parent=662"}],"wp:term":[{"taxonomy":"category","embeddable":true,"href":"https:\/\/www.zoner.fi\/tuki\/wp-json\/wp\/v2\/categories?post=662"},{"taxonomy":"post_tag","embeddable":true,"href":"https:\/\/www.zoner.fi\/tuki\/wp-json\/wp\/v2\/tags?post=662"},{"taxonomy":"wf_page_folders","embeddable":true,"href":"https:\/\/www.zoner.fi\/tuki\/wp-json\/wp\/v2\/wf_page_folders?post=662"}],"curies":[{"name":"wp","href":"https:\/\/api.w.org\/{rel}","templated":true}]}}