{"id":675,"date":"2019-11-18T17:48:00","date_gmt":"2019-11-18T15:48:00","guid":{"rendered":"https:\/\/www.zoner.fi\/tuki\/?page_id=675"},"modified":"2025-03-18T14:42:22","modified_gmt":"2025-03-18T12:42:22","slug":"miten-muutan-virtuaalipalvelimen-resursseja","status":"publish","type":"page","link":"https:\/\/www.zoner.fi\/tuki\/virtuaalipalvelimet\/miten-muutan-virtuaalipalvelimen-resursseja\/","title":{"rendered":"Miten muutan virtuaalipalvelimen resursseja?"},"content":{"rendered":"\n<p><em>Ohje tarkistettu: 26.11.2019<\/em><\/p>\n\n\n\n<p>Ohje on suunnattu Zoner Pilvialustan k\u00e4ytt\u00e4jille. Ohjeessa k\u00e4sitell\u00e4\u00e4n kuinka virtuaalipalvelimen resurssien (CPU, RAM ja levytila) m\u00e4\u00e4r\u00e4\u00e4 voidaan muuttaa.<\/p>\n\n\n\n<p>Resurssien muuttaminen vaatii aina virtuaalipalvelimen uudelleen k\u00e4ynnist\u00e4misen. Uudelleen k\u00e4ynnist\u00e4minen tapahtuu automaattisesti, kun resurssien muutos hyv\u00e4ksyt\u00e4\u00e4n. Levytilaa muutettaessa t\u00e4ytyy huomioda, ett\u00e4 levytilaa on mahdollista vain nostaa. Levytilan laskeminen ei ole mahdollista.<\/p>\n\n\n\n<p>Resurssien muuttaminen vaikuttaa virtuaalipalvelimen hintaan. Hinnaston voitte tarkistaa&nbsp;<a href=\"https:\/\/www.zoner.fi\/virtuaalipalvelin\/\">t\u00e4\u00e4lt\u00e4<\/a>.<\/p>\n\n\n\n<p><strong>CPU ja RAM<\/strong><\/p>\n\n\n\n<p>1. Valitaan virtuaalipalvelimen alta Tools -&gt; Edit Virtual Server.<\/p>\n\n\n\n<figure class=\"wp-block-image size-full\"><img loading=\"lazy\" decoding=\"async\" width=\"689\" height=\"500\" src=\"https:\/\/www.zoner.fi\/tuki\/wp-content\/uploads\/2021\/11\/resurssit1.jpg\" alt=\"\" class=\"wp-image-677\" srcset=\"https:\/\/www.zoner.fi\/tuki\/wp-content\/uploads\/2021\/11\/resurssit1.jpg 689w, https:\/\/www.zoner.fi\/tuki\/wp-content\/uploads\/2021\/11\/resurssit1-300x218.jpg 300w\" sizes=\"auto, (max-width: 689px) 100vw, 689px\" \/><\/figure>\n\n\n\n<p>2. T\u00e4m\u00e4n j\u00e4lkeen Resources kohdassa voidaan liukus\u00e4\u00e4timill\u00e4 m\u00e4\u00e4ritt\u00e4\u00e4 RAM :n ja CPU :den m\u00e4\u00e4r\u00e4.<\/p>\n\n\n\n<p>Kun halutut resurssit on m\u00e4\u00e4ritetty sivun alalaidasta Save, jolloin virtuaalipalvelin k\u00e4ynnistet\u00e4\u00e4n automaattisesti uudelleen.<\/p>\n\n\n\n<figure class=\"wp-block-image size-full\"><img loading=\"lazy\" decoding=\"async\" width=\"682\" height=\"197\" src=\"https:\/\/www.zoner.fi\/tuki\/wp-content\/uploads\/2021\/11\/resurssit2.jpg\" alt=\"\" class=\"wp-image-679\" srcset=\"https:\/\/www.zoner.fi\/tuki\/wp-content\/uploads\/2021\/11\/resurssit2.jpg 682w, https:\/\/www.zoner.fi\/tuki\/wp-content\/uploads\/2021\/11\/resurssit2-300x87.jpg 300w\" sizes=\"auto, (max-width: 682px) 100vw, 682px\" \/><\/figure>\n\n\n\n<p><strong>Levytila<\/strong><\/p>\n\n\n\n<p>Huom. Levytilaa voidaan vain nostaa, muttei laskea.<\/p>\n\n\n\n<p>1. Valitaan virtuaalipalvelimen alta Storage -&gt; Disks.<\/p>\n\n\n\n<figure class=\"wp-block-image size-full\"><img loading=\"lazy\" decoding=\"async\" width=\"594\" height=\"94\" src=\"https:\/\/www.zoner.fi\/tuki\/wp-content\/uploads\/2021\/11\/resurssit3.jpg\" alt=\"\" class=\"wp-image-680\" srcset=\"https:\/\/www.zoner.fi\/tuki\/wp-content\/uploads\/2021\/11\/resurssit3.jpg 594w, https:\/\/www.zoner.fi\/tuki\/wp-content\/uploads\/2021\/11\/resurssit3-300x47.jpg 300w\" sizes=\"auto, (max-width: 594px) 100vw, 594px\" \/><\/figure>\n\n\n\n<p>2. Valitaan muokattavan levyosion kohdalta&nbsp;Edit.<\/p>\n\n\n\n<figure class=\"wp-block-image size-large\"><img loading=\"lazy\" decoding=\"async\" width=\"1024\" height=\"224\" src=\"https:\/\/www.zoner.fi\/tuki\/wp-content\/uploads\/2021\/11\/resurssit4-1024x224.jpg\" alt=\"\" class=\"wp-image-681\" srcset=\"https:\/\/www.zoner.fi\/tuki\/wp-content\/uploads\/2021\/11\/resurssit4-1024x224.jpg 1024w, https:\/\/www.zoner.fi\/tuki\/wp-content\/uploads\/2021\/11\/resurssit4-300x65.jpg 300w, https:\/\/www.zoner.fi\/tuki\/wp-content\/uploads\/2021\/11\/resurssit4-768x168.jpg 768w, https:\/\/www.zoner.fi\/tuki\/wp-content\/uploads\/2021\/11\/resurssit4.jpg 1342w\" sizes=\"auto, (max-width: 1024px) 100vw, 1024px\" \/><\/figure>\n\n\n\n<p>3. Valitaan haluttu levytilan m\u00e4\u00e4r\u00e4 ja valitaan Save Disk,&nbsp;jolloin virtuaalipalvelin&nbsp;k\u00e4ynnistet\u00e4\u00e4n&nbsp;automaattisesti uudelleen.<\/p>\n\n\n\n<figure class=\"wp-block-image size-full\"><img loading=\"lazy\" decoding=\"async\" width=\"509\" height=\"496\" src=\"https:\/\/www.zoner.fi\/tuki\/wp-content\/uploads\/2021\/11\/resurssit5.jpg\" alt=\"\" class=\"wp-image-683\" srcset=\"https:\/\/www.zoner.fi\/tuki\/wp-content\/uploads\/2021\/11\/resurssit5.jpg 509w, https:\/\/www.zoner.fi\/tuki\/wp-content\/uploads\/2021\/11\/resurssit5-300x292.jpg 300w\" sizes=\"auto, (max-width: 509px) 100vw, 509px\" \/><\/figure>\n\n\n\n<p><\/p>\n","protected":false},"excerpt":{"rendered":"<p>Ohje on suunnattu Zoner Pilvialustan k\u00e4ytt\u00e4jille. Ohjeessa k\u00e4sitell\u00e4\u00e4n kuinka virtuaalipalvelimen resurssien (CPU, RAM ja levytila) m\u00e4\u00e4r\u00e4\u00e4 voidaan muuttaa.<\/p>\n","protected":false},"author":1,"featured_media":0,"parent":659,"menu_order":37,"comment_status":"closed","ping_status":"closed","template":"","meta":{"_relevanssi_hide_post":"","_relevanssi_hide_content":"","_relevanssi_pin_for_all":"","_relevanssi_pin_keywords":"","_relevanssi_unpin_keywords":"","_relevanssi_related_keywords":"","_relevanssi_related_include_ids":"","_relevanssi_related_exclude_ids":"","_relevanssi_related_no_append":"","_relevanssi_related_not_related":"","_relevanssi_related_posts":"1063,1076,1066","_relevanssi_noindex_reason":"","footnotes":""},"categories":[70,181],"tags":[182],"wf_page_folders":[],"class_list":{"0":"post-675","1":"page","2":"type-page","3":"status-publish","5":"category-cloudserver-virtuaalipalvelin","6":"category-legacy-virtuaalipalvelin","7":"tag-legacy-virtuaalipalvelin"},"_links":{"self":[{"href":"https:\/\/www.zoner.fi\/tuki\/wp-json\/wp\/v2\/pages\/675","targetHints":{"allow":["GET"]}}],"collection":[{"href":"https:\/\/www.zoner.fi\/tuki\/wp-json\/wp\/v2\/pages"}],"about":[{"href":"https:\/\/www.zoner.fi\/tuki\/wp-json\/wp\/v2\/types\/page"}],"author":[{"embeddable":true,"href":"https:\/\/www.zoner.fi\/tuki\/wp-json\/wp\/v2\/users\/1"}],"replies":[{"embeddable":true,"href":"https:\/\/www.zoner.fi\/tuki\/wp-json\/wp\/v2\/comments?post=675"}],"version-history":[{"count":2,"href":"https:\/\/www.zoner.fi\/tuki\/wp-json\/wp\/v2\/pages\/675\/revisions"}],"predecessor-version":[{"id":129807,"href":"https:\/\/www.zoner.fi\/tuki\/wp-json\/wp\/v2\/pages\/675\/revisions\/129807"}],"up":[{"embeddable":true,"href":"https:\/\/www.zoner.fi\/tuki\/wp-json\/wp\/v2\/pages\/659"}],"wp:attachment":[{"href":"https:\/\/www.zoner.fi\/tuki\/wp-json\/wp\/v2\/media?parent=675"}],"wp:term":[{"taxonomy":"category","embeddable":true,"href":"https:\/\/www.zoner.fi\/tuki\/wp-json\/wp\/v2\/categories?post=675"},{"taxonomy":"post_tag","embeddable":true,"href":"https:\/\/www.zoner.fi\/tuki\/wp-json\/wp\/v2\/tags?post=675"},{"taxonomy":"wf_page_folders","embeddable":true,"href":"https:\/\/www.zoner.fi\/tuki\/wp-json\/wp\/v2\/wf_page_folders?post=675"}],"curies":[{"name":"wp","href":"https:\/\/api.w.org\/{rel}","templated":true}]}}