{"id":685,"date":"2019-11-18T12:32:00","date_gmt":"2019-11-18T10:32:00","guid":{"rendered":"https:\/\/www.zoner.fi\/tuki\/?page_id=685"},"modified":"2025-03-18T14:41:27","modified_gmt":"2025-03-18T12:41:27","slug":"miten-asennan-virtuaalipalvelimen","status":"publish","type":"page","link":"https:\/\/www.zoner.fi\/tuki\/virtuaalipalvelimet\/miten-asennan-virtuaalipalvelimen\/","title":{"rendered":"Miten asennan virtuaalipalvelimen?"},"content":{"rendered":"\n<p><em>Ohje tarkistettu: 10.6.2021<\/em><\/p>\n\n\n\n<p>T\u00e4m\u00e4 ohje on suunnattu pilvialustan k\u00e4ytt\u00e4jille. Ohjeessa k\u00e4yd\u00e4\u00e4n l\u00e4pi, kuinka pilvialustalle saadaan luotua virtuaalipalvelin.<\/p>\n\n\n\n<p>1) Kirjaudu palveluun osoitteessa:\u00a0<a href=\"https:\/\/vps.zoner.fi\/users\/sign_in\" target=\"_blank\" rel=\"noopener\">https:\/\/vps.zoner.fi\/<\/a><\/p>\n\n\n\n<p>Tunnukset palveluun toimitettu s\u00e4hk\u00f6postitse, kun tilaus on k\u00e4sitelty.<\/p>\n\n\n\n<figure class=\"wp-block-image size-full\"><img loading=\"lazy\" decoding=\"async\" width=\"515\" height=\"394\" src=\"https:\/\/www.zoner.fi\/tuki\/wp-content\/uploads\/2021\/11\/onapp.jpg\" alt=\"\" class=\"wp-image-687\" srcset=\"https:\/\/www.zoner.fi\/tuki\/wp-content\/uploads\/2021\/11\/onapp.jpg 515w, https:\/\/www.zoner.fi\/tuki\/wp-content\/uploads\/2021\/11\/onapp-300x230.jpg 300w\" sizes=\"auto, (max-width: 515px) 100vw, 515px\" \/><\/figure>\n\n\n\n<p>2) Valitaan vasemmalta \u201dVirtual servers\u201d<\/p>\n\n\n\n<figure class=\"wp-block-image size-large\"><img loading=\"lazy\" decoding=\"async\" width=\"1024\" height=\"193\" src=\"https:\/\/www.zoner.fi\/tuki\/wp-content\/uploads\/2021\/11\/onapp2-1024x193.jpg\" alt=\"\" class=\"wp-image-688\" srcset=\"https:\/\/www.zoner.fi\/tuki\/wp-content\/uploads\/2021\/11\/onapp2-1024x193.jpg 1024w, https:\/\/www.zoner.fi\/tuki\/wp-content\/uploads\/2021\/11\/onapp2-300x57.jpg 300w, https:\/\/www.zoner.fi\/tuki\/wp-content\/uploads\/2021\/11\/onapp2-768x145.jpg 768w, https:\/\/www.zoner.fi\/tuki\/wp-content\/uploads\/2021\/11\/onapp2-1536x290.jpg 1536w, https:\/\/www.zoner.fi\/tuki\/wp-content\/uploads\/2021\/11\/onapp2.jpg 2048w\" sizes=\"auto, (max-width: 1024px) 100vw, 1024px\" \/><\/figure>\n\n\n\n<p>Ja sen j\u00e4lkeen oikeasta reunasta \u201dCreate Virtual Server\u201d<\/p>\n\n\n\n<figure class=\"wp-block-image size-large\"><img loading=\"lazy\" decoding=\"async\" width=\"1024\" height=\"222\" src=\"https:\/\/www.zoner.fi\/tuki\/wp-content\/uploads\/2021\/11\/onapp2_1-1024x222.jpg\" alt=\"\" class=\"wp-image-690\" srcset=\"https:\/\/www.zoner.fi\/tuki\/wp-content\/uploads\/2021\/11\/onapp2_1-1024x222.jpg 1024w, https:\/\/www.zoner.fi\/tuki\/wp-content\/uploads\/2021\/11\/onapp2_1-300x65.jpg 300w, https:\/\/www.zoner.fi\/tuki\/wp-content\/uploads\/2021\/11\/onapp2_1-768x167.jpg 768w, https:\/\/www.zoner.fi\/tuki\/wp-content\/uploads\/2021\/11\/onapp2_1-1536x333.jpg 1536w, https:\/\/www.zoner.fi\/tuki\/wp-content\/uploads\/2021\/11\/onapp2_1.jpg 1714w\" sizes=\"auto, (max-width: 1024px) 100vw, 1024px\" \/><\/figure>\n\n\n\n<p>3) Valitaan haluttu k\u00e4ytt\u00f6j\u00e4rjestelm\u00e4 (ohjeessa valittu Debian)<\/p>\n\n\n\n<figure class=\"wp-block-image size-large\"><img loading=\"lazy\" decoding=\"async\" width=\"1024\" height=\"328\" src=\"https:\/\/www.zoner.fi\/tuki\/wp-content\/uploads\/2021\/11\/onapp3-1024x328.jpg\" alt=\"\" class=\"wp-image-692\" srcset=\"https:\/\/www.zoner.fi\/tuki\/wp-content\/uploads\/2021\/11\/onapp3-1024x328.jpg 1024w, https:\/\/www.zoner.fi\/tuki\/wp-content\/uploads\/2021\/11\/onapp3-300x96.jpg 300w, https:\/\/www.zoner.fi\/tuki\/wp-content\/uploads\/2021\/11\/onapp3-768x246.jpg 768w, https:\/\/www.zoner.fi\/tuki\/wp-content\/uploads\/2021\/11\/onapp3-1536x492.jpg 1536w, https:\/\/www.zoner.fi\/tuki\/wp-content\/uploads\/2021\/11\/onapp3.jpg 1922w\" sizes=\"auto, (max-width: 1024px) 100vw, 1024px\" \/><\/figure>\n\n\n\n<p>Jatketaan painamalla \u201dnext\u201d<\/p>\n\n\n\n<p>4) M\u00e4\u00e4ritet\u00e4\u00e4n palvelimelle tiedot<\/p>\n\n\n\n<p>Label (kuvaava nimi, joka helpottaa yll\u00e4pit\u00e4j\u00e4n ty\u00f6t\u00e4)<\/p>\n\n\n\n<p>Hostname (palvelimen nimi)<\/p>\n\n\n\n<p>Hypervisor Zone (annetaan olla oletuksena)<\/p>\n\n\n\n<p>Hypervisor (annetaan olla oletuksena)<\/p>\n\n\n\n<p>Password (salasana)<\/p>\n\n\n\n<figure class=\"wp-block-image size-full\"><img loading=\"lazy\" decoding=\"async\" width=\"646\" height=\"383\" src=\"https:\/\/www.zoner.fi\/tuki\/wp-content\/uploads\/2021\/11\/onapp4.jpg\" alt=\"\" class=\"wp-image-694\" srcset=\"https:\/\/www.zoner.fi\/tuki\/wp-content\/uploads\/2021\/11\/onapp4.jpg 646w, https:\/\/www.zoner.fi\/tuki\/wp-content\/uploads\/2021\/11\/onapp4-300x178.jpg 300w\" sizes=\"auto, (max-width: 646px) 100vw, 646px\" \/><\/figure>\n\n\n\n<p>Jatketaan painamalla \u201dnext\u201d<\/p>\n\n\n\n<p>5) M\u00e4\u00e4ritet\u00e4\u00e4n palvelimme halutut resurssit (voidaan my\u00f6s rajoittaa mm. kyseisen palvelimen k\u00e4ytt\u00e4m\u00e4\u00e4 portin liikennett\u00e4, jos tarkoitus asentaa useampia palvelimia ja priorisoida nopeuden jakamista eri palvelimien v\u00e4lill\u00e4)<\/p>\n\n\n\n<p>Huomioithan, ett\u00e4 levytilaa ei voi pienent\u00e4\u00e4 j\u00e4lkik\u00e4teen. Levytilaa voi nostaa tai muita ominaisuuksia muuttaa palvelimen luonnin j\u00e4lkeen&nbsp;<a href=\"https:\/\/www.zoner.fi\/tuki\/virtuaalipalvelimet\/miten-muutan-virtuaalipalvelimen-resursseja\/\">t\u00e4m\u00e4n ohjeen mukaan<\/a>.<\/p>\n\n\n\n<figure class=\"wp-block-image size-full\"><img loading=\"lazy\" decoding=\"async\" width=\"769\" height=\"806\" src=\"https:\/\/www.zoner.fi\/tuki\/wp-content\/uploads\/2021\/11\/onapp5.jpg\" alt=\"\" class=\"wp-image-697\" srcset=\"https:\/\/www.zoner.fi\/tuki\/wp-content\/uploads\/2021\/11\/onapp5.jpg 769w, https:\/\/www.zoner.fi\/tuki\/wp-content\/uploads\/2021\/11\/onapp5-286x300.jpg 286w\" sizes=\"auto, (max-width: 769px) 100vw, 769px\" \/><\/figure>\n\n\n\n<p>Jatketaan painamalla \u201dnext\u201d<\/p>\n\n\n\n<p>6) Automation Settings<\/p>\n\n\n\n<p>Enable Automated Backup (pit\u00e4\u00e4 olla backup tila tilattuna)<\/p>\n\n\n\n<p>Build virtual server (luo virtuaalipalvelimen)<\/p>\n\n\n\n<p>Boot virtual server (boottaa luodun virtuaalipalvelimen)<\/p>\n\n\n\n<figure class=\"wp-block-image size-full\"><img loading=\"lazy\" decoding=\"async\" width=\"294\" height=\"275\" src=\"https:\/\/www.zoner.fi\/tuki\/wp-content\/uploads\/2021\/11\/onapp6.jpg\" alt=\"\" class=\"wp-image-698\"\/><\/figure>\n\n\n\n<p>Jos\/kun kaikki asetukset on ok, niin jatketaan painamalla \u201dCreate Virtual Server\u201d<\/p>\n\n\n\n<p>Tulee ilmoitus: \u201dVirtual server has been created successfully, and its build has been queued.\u201d<\/p>\n\n\n\n<p>Palvelimen luonnissa menee muutamia minuutteja, jonka j\u00e4lkeen palvelin on valmis.<\/p>\n\n\n\n<p>Ensimm\u00e4iseksi suosittelemme p\u00e4ivitt\u00e4m\u00e4\u00e4n palvelimeen uusimmat p\u00e4ivitykset.<\/p>\n\n\n\n<p><\/p>\n\n\n\n<p><\/p>\n","protected":false},"excerpt":{"rendered":"<p>T\u00e4m\u00e4 ohje on suunnattu pilvialustan k\u00e4ytt\u00e4jille. Ohjeessa k\u00e4yd\u00e4\u00e4n l\u00e4pi, kuinka pilvialustalle saadaan luotua virtuaalipalvelin.<\/p>\n","protected":false},"author":1,"featured_media":0,"parent":659,"menu_order":35,"comment_status":"closed","ping_status":"closed","template":"","meta":{"_relevanssi_hide_post":"","_relevanssi_hide_content":"","_relevanssi_pin_for_all":"","_relevanssi_pin_keywords":"","_relevanssi_unpin_keywords":"","_relevanssi_related_keywords":"","_relevanssi_related_include_ids":"","_relevanssi_related_exclude_ids":"","_relevanssi_related_no_append":"","_relevanssi_related_not_related":"","_relevanssi_related_posts":"1063,1066,1076","_relevanssi_noindex_reason":"","footnotes":""},"categories":[181],"tags":[182],"wf_page_folders":[],"class_list":{"0":"post-685","1":"page","2":"type-page","3":"status-publish","5":"category-legacy-virtuaalipalvelin","6":"tag-legacy-virtuaalipalvelin"},"_links":{"self":[{"href":"https:\/\/www.zoner.fi\/tuki\/wp-json\/wp\/v2\/pages\/685","targetHints":{"allow":["GET"]}}],"collection":[{"href":"https:\/\/www.zoner.fi\/tuki\/wp-json\/wp\/v2\/pages"}],"about":[{"href":"https:\/\/www.zoner.fi\/tuki\/wp-json\/wp\/v2\/types\/page"}],"author":[{"embeddable":true,"href":"https:\/\/www.zoner.fi\/tuki\/wp-json\/wp\/v2\/users\/1"}],"replies":[{"embeddable":true,"href":"https:\/\/www.zoner.fi\/tuki\/wp-json\/wp\/v2\/comments?post=685"}],"version-history":[{"count":4,"href":"https:\/\/www.zoner.fi\/tuki\/wp-json\/wp\/v2\/pages\/685\/revisions"}],"predecessor-version":[{"id":130785,"href":"https:\/\/www.zoner.fi\/tuki\/wp-json\/wp\/v2\/pages\/685\/revisions\/130785"}],"up":[{"embeddable":true,"href":"https:\/\/www.zoner.fi\/tuki\/wp-json\/wp\/v2\/pages\/659"}],"wp:attachment":[{"href":"https:\/\/www.zoner.fi\/tuki\/wp-json\/wp\/v2\/media?parent=685"}],"wp:term":[{"taxonomy":"category","embeddable":true,"href":"https:\/\/www.zoner.fi\/tuki\/wp-json\/wp\/v2\/categories?post=685"},{"taxonomy":"post_tag","embeddable":true,"href":"https:\/\/www.zoner.fi\/tuki\/wp-json\/wp\/v2\/tags?post=685"},{"taxonomy":"wf_page_folders","embeddable":true,"href":"https:\/\/www.zoner.fi\/tuki\/wp-json\/wp\/v2\/wf_page_folders?post=685"}],"curies":[{"name":"wp","href":"https:\/\/api.w.org\/{rel}","templated":true}]}}