{"id":701,"date":"2019-11-18T16:17:00","date_gmt":"2019-11-18T14:17:00","guid":{"rendered":"https:\/\/www.zoner.fi\/tuki\/?page_id=701"},"modified":"2025-03-18T14:40:17","modified_gmt":"2025-03-18T12:40:17","slug":"miten-varmuuskopioin-virtuaalipalvelimen","status":"publish","type":"page","link":"https:\/\/www.zoner.fi\/tuki\/virtuaalipalvelimet\/miten-varmuuskopioin-virtuaalipalvelimen\/","title":{"rendered":"Miten varmuuskopioin virtuaalipalvelimen?"},"content":{"rendered":"\n<p><em>Ohje tarkistettu: 4.12.2019<\/em><\/p>\n\n\n\n<p>Huom. T\u00e4m\u00e4 ohje on OnApp-pilvialustan k\u00e4ytt\u00e4jille.<\/p>\n\n\n\n<p><a href=\"https:\/\/www.zoner.fi\/virtuaalipalvelin\/\">Virtuaalipalvelin <\/a>varmuuskopionti onnistuu joko automaattisesti tai manuaalisesti. Automaattisen varmuuskopionin voi ottaa k\u00e4ytt\u00f6\u00f6n joko virtuaalipalvelinta luodessa tai j\u00e4lkik\u00e4teen.<\/p>\n\n\n\n<p>A) Automaattisen varmuuskopionin k\u00e4ytt\u00f6\u00f6notto virtuaalipalvelinta luodessa.<\/p>\n\n\n\n<p>Kun automaattinen varmuuskopionti otetaan k\u00e4ytt\u00f6\u00f6n palvelinta luodessa varmuuskopiot muodostuvat n\u00e4in: p\u00e4ivitt\u00e4inen p\u00e4iv\u00e4n kuluttua, viikoittainen viikon kuluttua, kuukausittainen kuukauden kuluttua jne.<\/p>\n\n\n\n<p>Palvelinta luodessa confirmation kohdassa k\u00e4\u00e4nnet\u00e4\u00e4n \u201dEnable Automated Backup\u201d p\u00e4\u00e4lle.<\/p>\n\n\n\n<figure class=\"wp-block-image size-full\"><img loading=\"lazy\" decoding=\"async\" width=\"707\" height=\"502\" src=\"https:\/\/www.zoner.fi\/tuki\/wp-content\/uploads\/2021\/11\/virtuaalipalvelimen-varmuuskopiointi.jpg\" alt=\"\" class=\"wp-image-704\" srcset=\"https:\/\/www.zoner.fi\/tuki\/wp-content\/uploads\/2021\/11\/virtuaalipalvelimen-varmuuskopiointi.jpg 707w, https:\/\/www.zoner.fi\/tuki\/wp-content\/uploads\/2021\/11\/virtuaalipalvelimen-varmuuskopiointi-300x213.jpg 300w\" sizes=\"auto, (max-width: 707px) 100vw, 707px\" \/><\/figure>\n\n\n\n<p><strong>B) Automaattisen varmuuskopionin&nbsp;k\u00e4ytt\u00f6\u00f6notto&nbsp;valmiissa virtuaalipalvelimessa<\/strong><\/p>\n\n\n\n<p>Kun automaattinen varmuuskopionti otetaan k\u00e4ytt\u00f6\u00f6n j\u00e4lkik\u00e4teen ovat varmuuskopiot aluksi identtisi\u00e4.<\/p>\n\n\n\n<p>Luodussa virtuaalipalvelimessa voidaan automaattiset varmuuskopiot ottaa k\u00e4ytt\u00f6\u00f6n virtuaalipalvelimen \u201dProperties\u201d sivulta.<\/p>\n\n\n\n<figure class=\"wp-block-image size-full\"><img loading=\"lazy\" decoding=\"async\" width=\"708\" height=\"474\" src=\"https:\/\/www.zoner.fi\/tuki\/wp-content\/uploads\/2021\/11\/automaattinen-varmuuskopiointi-virtuaalipalvelin.jpg\" alt=\"\" class=\"wp-image-706\" srcset=\"https:\/\/www.zoner.fi\/tuki\/wp-content\/uploads\/2021\/11\/automaattinen-varmuuskopiointi-virtuaalipalvelin.jpg 708w, https:\/\/www.zoner.fi\/tuki\/wp-content\/uploads\/2021\/11\/automaattinen-varmuuskopiointi-virtuaalipalvelin-300x201.jpg 300w\" sizes=\"auto, (max-width: 708px) 100vw, 708px\" \/><\/figure>\n\n\n\n<p>Kun varmuuskopiot otetaan k\u00e4ytt\u00f6\u00f6n pit\u00e4\u00e4 varmuuskopionti configuroida, eli klikataan ponnahdusikkunan \u201dhere\u201d teksti\u00e4.<\/p>\n\n\n\n<figure class=\"wp-block-image size-full\"><img loading=\"lazy\" decoding=\"async\" width=\"706\" height=\"134\" src=\"https:\/\/www.zoner.fi\/tuki\/wp-content\/uploads\/2021\/11\/varmuuskopioinnin-configurointi.jpg\" alt=\"\" class=\"wp-image-710\" srcset=\"https:\/\/www.zoner.fi\/tuki\/wp-content\/uploads\/2021\/11\/varmuuskopioinnin-configurointi.jpg 706w, https:\/\/www.zoner.fi\/tuki\/wp-content\/uploads\/2021\/11\/varmuuskopioinnin-configurointi-300x57.jpg 300w\" sizes=\"auto, (max-width: 706px) 100vw, 706px\" \/><\/figure>\n\n\n\n<p>Valitaan varmuuskopioitavat levyt (Swap levy\u00e4 ei voi varmuuskopioida).<\/p>\n\n\n\n<figure class=\"wp-block-image size-full\"><img loading=\"lazy\" decoding=\"async\" width=\"706\" height=\"254\" src=\"https:\/\/www.zoner.fi\/tuki\/wp-content\/uploads\/2021\/11\/virtuaalipalvelin-varmuuskopioitavat-levyt.jpg\" alt=\"\" class=\"wp-image-711\" srcset=\"https:\/\/www.zoner.fi\/tuki\/wp-content\/uploads\/2021\/11\/virtuaalipalvelin-varmuuskopioitavat-levyt.jpg 706w, https:\/\/www.zoner.fi\/tuki\/wp-content\/uploads\/2021\/11\/virtuaalipalvelin-varmuuskopioitavat-levyt-300x108.jpg 300w\" sizes=\"auto, (max-width: 706px) 100vw, 706px\" \/><\/figure>\n\n\n\n<p>Aukeaa ponnahdusikkuna, josta pit\u00e4\u00e4 viel\u00e4 hyv\u00e4ksy\u00e4 varmuuskopiointi.<\/p>\n\n\n\n<figure class=\"wp-block-image size-full\"><img loading=\"lazy\" decoding=\"async\" width=\"367\" height=\"156\" src=\"https:\/\/www.zoner.fi\/tuki\/wp-content\/uploads\/2021\/11\/hyvaksy-varmuuskopiointi.jpg\" alt=\"\" class=\"wp-image-713\" srcset=\"https:\/\/www.zoner.fi\/tuki\/wp-content\/uploads\/2021\/11\/hyvaksy-varmuuskopiointi.jpg 367w, https:\/\/www.zoner.fi\/tuki\/wp-content\/uploads\/2021\/11\/hyvaksy-varmuuskopiointi-300x128.jpg 300w\" sizes=\"auto, (max-width: 367px) 100vw, 367px\" \/><\/figure>\n\n\n\n<p>Palvelimen Activity logista&nbsp;voidaan seurata varmuuskopioinnin kulkua.<\/p>\n\n\n\n<figure class=\"wp-block-image size-full\"><img loading=\"lazy\" decoding=\"async\" width=\"708\" height=\"290\" src=\"https:\/\/www.zoner.fi\/tuki\/wp-content\/uploads\/2021\/11\/virtuaalipalvelin-activity-log.jpg\" alt=\"\" class=\"wp-image-714\" srcset=\"https:\/\/www.zoner.fi\/tuki\/wp-content\/uploads\/2021\/11\/virtuaalipalvelin-activity-log.jpg 708w, https:\/\/www.zoner.fi\/tuki\/wp-content\/uploads\/2021\/11\/virtuaalipalvelin-activity-log-300x123.jpg 300w\" sizes=\"auto, (max-width: 708px) 100vw, 708px\" \/><\/figure>\n\n\n\n<p><strong>C) Manuualinen varmuuskopionti<\/strong><\/p>\n\n\n\n<p>Varmuuskopionti onnistuu my\u00f6s manuaalisesti.<\/p>\n\n\n\n<p>Menn\u00e4\u00e4n virtuaalipalvelimen \u201dDisks\u201d kohtaan.<\/p>\n\n\n\n<figure class=\"wp-block-image size-full\"><img loading=\"lazy\" decoding=\"async\" width=\"496\" height=\"100\" src=\"https:\/\/www.zoner.fi\/tuki\/wp-content\/uploads\/2021\/11\/manuaalinen-varmuuskopiointi.jpg\" alt=\"\" class=\"wp-image-716\" srcset=\"https:\/\/www.zoner.fi\/tuki\/wp-content\/uploads\/2021\/11\/manuaalinen-varmuuskopiointi.jpg 496w, https:\/\/www.zoner.fi\/tuki\/wp-content\/uploads\/2021\/11\/manuaalinen-varmuuskopiointi-300x60.jpg 300w\" sizes=\"auto, (max-width: 496px) 100vw, 496px\" \/><\/figure>\n\n\n\n<p>Etsit\u00e4\u00e4n kovalevy, josta halutaan ottaa varmuuskopio ja valitaan \u201dBackup\u201d.<\/p>\n\n\n\n<figure class=\"wp-block-image size-full\"><img loading=\"lazy\" decoding=\"async\" width=\"711\" height=\"374\" src=\"https:\/\/www.zoner.fi\/tuki\/wp-content\/uploads\/2021\/11\/virtuaalipalvelin-manuaalinen-varmuuskopiointi.jpg\" alt=\"\" class=\"wp-image-719\" srcset=\"https:\/\/www.zoner.fi\/tuki\/wp-content\/uploads\/2021\/11\/virtuaalipalvelin-manuaalinen-varmuuskopiointi.jpg 711w, https:\/\/www.zoner.fi\/tuki\/wp-content\/uploads\/2021\/11\/virtuaalipalvelin-manuaalinen-varmuuskopiointi-300x158.jpg 300w\" sizes=\"auto, (max-width: 711px) 100vw, 711px\" \/><\/figure>\n\n\n\n<p>Varmuuskopiolle voidaan m\u00e4\u00e4ritt\u00e4\u00e4 valinnaisia muistiinpanoja. Kun halutut muistiinpanot on tehty voidaan varmuuskopio ottaa.<\/p>\n\n\n\n<figure class=\"wp-block-image size-full\"><img loading=\"lazy\" decoding=\"async\" width=\"707\" height=\"506\" src=\"https:\/\/www.zoner.fi\/tuki\/wp-content\/uploads\/2021\/11\/ota-varmuuskopio.jpg\" alt=\"\" class=\"wp-image-720\" srcset=\"https:\/\/www.zoner.fi\/tuki\/wp-content\/uploads\/2021\/11\/ota-varmuuskopio.jpg 707w, https:\/\/www.zoner.fi\/tuki\/wp-content\/uploads\/2021\/11\/ota-varmuuskopio-300x215.jpg 300w\" sizes=\"auto, (max-width: 707px) 100vw, 707px\" \/><\/figure>\n\n\n\n<p><strong>Varmuuskopioden hallinta<\/strong><\/p>\n\n\n\n<p>Varmuuskopiot l\u00f6ytyv\u00e4t \u201dImages\u201d kohdasta.<\/p>\n\n\n\n<figure class=\"wp-block-image size-full\"><img loading=\"lazy\" decoding=\"async\" width=\"504\" height=\"102\" src=\"https:\/\/www.zoner.fi\/tuki\/wp-content\/uploads\/2021\/11\/varmuuskopioiden-hallinta.jpg\" alt=\"\" class=\"wp-image-723\" srcset=\"https:\/\/www.zoner.fi\/tuki\/wp-content\/uploads\/2021\/11\/varmuuskopioiden-hallinta.jpg 504w, https:\/\/www.zoner.fi\/tuki\/wp-content\/uploads\/2021\/11\/varmuuskopioiden-hallinta-300x61.jpg 300w\" sizes=\"auto, (max-width: 504px) 100vw, 504px\" \/><\/figure>\n\n\n\n<p>T\u00e4\u00e4lt\u00e4 n\u00e4hd\u00e4\u00e4n otetut varmuuskopiot ja&nbsp;pystyt\u00e4\u00e4n hallitsemaan niit\u00e4.<\/p>\n\n\n\n<figure class=\"wp-block-image size-full\"><img loading=\"lazy\" decoding=\"async\" width=\"708\" height=\"488\" src=\"https:\/\/www.zoner.fi\/tuki\/wp-content\/uploads\/2021\/11\/virtuaalipalvelin-olemassa-olevat-varmuuskopiot.jpg\" alt=\"\" class=\"wp-image-724\" srcset=\"https:\/\/www.zoner.fi\/tuki\/wp-content\/uploads\/2021\/11\/virtuaalipalvelin-olemassa-olevat-varmuuskopiot.jpg 708w, https:\/\/www.zoner.fi\/tuki\/wp-content\/uploads\/2021\/11\/virtuaalipalvelin-olemassa-olevat-varmuuskopiot-300x207.jpg 300w\" sizes=\"auto, (max-width: 708px) 100vw, 708px\" \/><\/figure>\n\n\n\n<p><strong>Varmuuskopioiden ominaisuudet:<\/strong><\/p>\n\n\n\n<p><strong>Convert to template:<\/strong>&nbsp;Varmuuskopiot voidaan muuttaa templateiksi, joiden avulla pystyt\u00e4\u00e4n kloonamaan palvelimia. Ohjeet kloonaamiseen&nbsp;l\u00f6ytyy&nbsp;<a href=\"https:\/\/www.zoner.fi\/tuki\/virtuaalipalvelimet\/miten-kloonaan-virtuaalipalvelimen\/\">t\u00e4\u00e4lt\u00e4<\/a>.<\/p>\n\n\n\n<p><strong>Restore:<\/strong>&nbsp;Varmuuskopion palauttaminen. Palvelin palautetaan tilaan&nbsp;jossa se on ollut varmuuskopion otto hetkell\u00e4.<\/p>\n\n\n\n<p><strong>Delete:<\/strong>&nbsp;Varmuuskopion poistaminen.<\/p>\n\n\n\n<p><strong>Edit note:<\/strong>&nbsp;Voidaan lis\u00e4t\u00e4 muistiinpanoja varmuuskopiolle.<\/p>\n\n\n\n<figure class=\"wp-block-image size-full\"><img loading=\"lazy\" decoding=\"async\" width=\"706\" height=\"210\" src=\"https:\/\/www.zoner.fi\/tuki\/wp-content\/uploads\/2021\/11\/varmuuskopion-ominaisuudet.jpg\" alt=\"\" class=\"wp-image-725\" srcset=\"https:\/\/www.zoner.fi\/tuki\/wp-content\/uploads\/2021\/11\/varmuuskopion-ominaisuudet.jpg 706w, https:\/\/www.zoner.fi\/tuki\/wp-content\/uploads\/2021\/11\/varmuuskopion-ominaisuudet-300x89.jpg 300w\" sizes=\"auto, (max-width: 706px) 100vw, 706px\" \/><\/figure>\n\n\n\n<p><\/p>\n","protected":false},"excerpt":{"rendered":"<p>Huom. T\u00e4m\u00e4 ohje on OnApp pilvialustan k\u00e4ytt\u00e4jille.<\/p>\n","protected":false},"author":1,"featured_media":0,"parent":659,"menu_order":38,"comment_status":"closed","ping_status":"closed","template":"","meta":{"_relevanssi_hide_post":"","_relevanssi_hide_content":"","_relevanssi_pin_for_all":"","_relevanssi_pin_keywords":"","_relevanssi_unpin_keywords":"","_relevanssi_related_keywords":"","_relevanssi_related_include_ids":"","_relevanssi_related_exclude_ids":"","_relevanssi_related_no_append":"","_relevanssi_related_not_related":"","_relevanssi_related_posts":"1076,1063,1066","_relevanssi_noindex_reason":"","footnotes":""},"categories":[181],"tags":[182],"wf_page_folders":[],"class_list":{"0":"post-701","1":"page","2":"type-page","3":"status-publish","5":"category-legacy-virtuaalipalvelin","6":"tag-legacy-virtuaalipalvelin"},"_links":{"self":[{"href":"https:\/\/www.zoner.fi\/tuki\/wp-json\/wp\/v2\/pages\/701","targetHints":{"allow":["GET"]}}],"collection":[{"href":"https:\/\/www.zoner.fi\/tuki\/wp-json\/wp\/v2\/pages"}],"about":[{"href":"https:\/\/www.zoner.fi\/tuki\/wp-json\/wp\/v2\/types\/page"}],"author":[{"embeddable":true,"href":"https:\/\/www.zoner.fi\/tuki\/wp-json\/wp\/v2\/users\/1"}],"replies":[{"embeddable":true,"href":"https:\/\/www.zoner.fi\/tuki\/wp-json\/wp\/v2\/comments?post=701"}],"version-history":[{"count":5,"href":"https:\/\/www.zoner.fi\/tuki\/wp-json\/wp\/v2\/pages\/701\/revisions"}],"predecessor-version":[{"id":131408,"href":"https:\/\/www.zoner.fi\/tuki\/wp-json\/wp\/v2\/pages\/701\/revisions\/131408"}],"up":[{"embeddable":true,"href":"https:\/\/www.zoner.fi\/tuki\/wp-json\/wp\/v2\/pages\/659"}],"wp:attachment":[{"href":"https:\/\/www.zoner.fi\/tuki\/wp-json\/wp\/v2\/media?parent=701"}],"wp:term":[{"taxonomy":"category","embeddable":true,"href":"https:\/\/www.zoner.fi\/tuki\/wp-json\/wp\/v2\/categories?post=701"},{"taxonomy":"post_tag","embeddable":true,"href":"https:\/\/www.zoner.fi\/tuki\/wp-json\/wp\/v2\/tags?post=701"},{"taxonomy":"wf_page_folders","embeddable":true,"href":"https:\/\/www.zoner.fi\/tuki\/wp-json\/wp\/v2\/wf_page_folders?post=701"}],"curies":[{"name":"wp","href":"https:\/\/api.w.org\/{rel}","templated":true}]}}