{"id":727,"date":"2019-04-08T16:31:00","date_gmt":"2019-04-08T13:31:00","guid":{"rendered":"https:\/\/www.zoner.fi\/tuki\/?page_id=727"},"modified":"2025-03-18T14:40:00","modified_gmt":"2025-03-18T12:40:00","slug":"miten-kloonaan-virtuaalipalvelimen","status":"publish","type":"page","link":"https:\/\/www.zoner.fi\/tuki\/virtuaalipalvelimet\/miten-kloonaan-virtuaalipalvelimen\/","title":{"rendered":"Miten kloonaan virtuaalipalvelimen?"},"content":{"rendered":"\n<p><em>Ohje tarkistettu: 18.11.2019<\/em><\/p>\n\n\n\n<p>T\u00e4ss\u00e4 ohjeessa k\u00e4yd\u00e4\u00e4n l\u00e4pi, kuinka virtuaalipalvelimen kloonaaminen onnistuu Zonerin&nbsp;<a href=\"https:\/\/www.zoner.fi\/virtuaalipalvelin\/\">OnAPP-virtuaalipalvelimilla<\/a>&nbsp;varmuuskopiosta luotavan templaten avulla.<\/p>\n\n\n\n<h2 class=\"wp-block-heading\">Virtuaalipalvelimen kloonaus<\/h2>\n\n\n\n<p>Virtuaalipalvelin voidaan kloonata vain jo valmiiksi palvelusta luodusta palvelimesta. Kloonaus edellytt\u00e4\u00e4 my\u00f6s, ett\u00e4 aluksi virtuaalipalvelimesta l\u00f6ytyy my\u00f6s varmuuskopio.<\/p>\n\n\n\n<p>Ohjeen virtuaalipalvelimen varmuuskopionnista l\u00f6yd\u00e4t\u00a0<a href=\"https:\/\/www.zoner.fi\/tuki\/virtuaalipalvelimet\/miten-varmuuskopioin-virtuaalipalvelimen\/\">t\u00e4\u00e4lt\u00e4<\/a>.<\/p>\n\n\n\n<p>Kun varmuuskopio on luotu, p\u00e4\u00e4set eteenp\u00e4in operaatiossa seuraavien vaiheiden avulla.<\/p>\n\n\n\n<p>1. Mene varmuuskopioihin osiossa Backups.<\/p>\n\n\n\n<figure class=\"wp-block-image size-full\"><img loading=\"lazy\" decoding=\"async\" width=\"504\" height=\"102\" src=\"https:\/\/www.zoner.fi\/tuki\/wp-content\/uploads\/2021\/11\/virtuaalipalvelimen-varmuuskopiot.jpg\" alt=\"\" class=\"wp-image-730\" srcset=\"https:\/\/www.zoner.fi\/tuki\/wp-content\/uploads\/2021\/11\/virtuaalipalvelimen-varmuuskopiot.jpg 504w, https:\/\/www.zoner.fi\/tuki\/wp-content\/uploads\/2021\/11\/virtuaalipalvelimen-varmuuskopiot-300x61.jpg 300w\" sizes=\"auto, (max-width: 504px) 100vw, 504px\" \/><\/figure>\n\n\n\n<p>2. Etsi haluamasi varmuuskopio, josta haluat luoda kloonin. Valitse kyseisen varmuuskopion asetuksista vaihtoehto Convert to template.<\/p>\n\n\n\n<figure class=\"wp-block-image size-full\"><img loading=\"lazy\" decoding=\"async\" width=\"707\" height=\"476\" src=\"https:\/\/www.zoner.fi\/tuki\/wp-content\/uploads\/2021\/11\/virtuaalipalvelimen-kloonaus.jpg\" alt=\"\" class=\"wp-image-732\" srcset=\"https:\/\/www.zoner.fi\/tuki\/wp-content\/uploads\/2021\/11\/virtuaalipalvelimen-kloonaus.jpg 707w, https:\/\/www.zoner.fi\/tuki\/wp-content\/uploads\/2021\/11\/virtuaalipalvelimen-kloonaus-300x202.jpg 300w\" sizes=\"auto, (max-width: 707px) 100vw, 707px\" \/><\/figure>\n\n\n\n<p>3. T\u00e4yt\u00e4 label -kentt\u00e4\u00e4n haluamasi nimi luotavalle templatelle ja valitse Convert Backup. Muiden kenttien minimiarvoihin ei ole tarpeen koskea.<\/p>\n\n\n\n<figure class=\"wp-block-image size-full\"><img loading=\"lazy\" decoding=\"async\" width=\"708\" height=\"335\" src=\"https:\/\/www.zoner.fi\/tuki\/wp-content\/uploads\/2021\/11\/virtuaalipalvelimen-template.jpg\" alt=\"\" class=\"wp-image-733\" srcset=\"https:\/\/www.zoner.fi\/tuki\/wp-content\/uploads\/2021\/11\/virtuaalipalvelimen-template.jpg 708w, https:\/\/www.zoner.fi\/tuki\/wp-content\/uploads\/2021\/11\/virtuaalipalvelimen-template-300x142.jpg 300w\" sizes=\"auto, (max-width: 708px) 100vw, 708px\" \/><\/figure>\n\n\n\n<p>4. Luo seuraavaksi uusi virtuaalipalvelin.<\/p>\n\n\n\n<figure class=\"wp-block-image size-full\"><img loading=\"lazy\" decoding=\"async\" width=\"709\" height=\"221\" src=\"https:\/\/www.zoner.fi\/tuki\/wp-content\/uploads\/2021\/11\/virtuaalipalvelimen-luonti-templatesta.jpg\" alt=\"\" class=\"wp-image-736\" srcset=\"https:\/\/www.zoner.fi\/tuki\/wp-content\/uploads\/2021\/11\/virtuaalipalvelimen-luonti-templatesta.jpg 709w, https:\/\/www.zoner.fi\/tuki\/wp-content\/uploads\/2021\/11\/virtuaalipalvelimen-luonti-templatesta-300x94.jpg 300w\" sizes=\"auto, (max-width: 709px) 100vw, 709px\" \/><\/figure>\n\n\n\n<p>5. Valitse virtuaalipalvelimen pohjaksi luomasi template ja vieasennus loppuun normaalisti. Ohje virtuaalipalvelimen asentamiselle l\u00f6ytyy t\u00e4\u00e4lt\u00e4.<\/p>\n\n\n\n<figure class=\"wp-block-image size-full\"><img loading=\"lazy\" decoding=\"async\" width=\"708\" height=\"536\" src=\"https:\/\/www.zoner.fi\/tuki\/wp-content\/uploads\/2021\/11\/kloonattu-virtuaalipalvelin.jpg\" alt=\"\" class=\"wp-image-738\" srcset=\"https:\/\/www.zoner.fi\/tuki\/wp-content\/uploads\/2021\/11\/kloonattu-virtuaalipalvelin.jpg 708w, https:\/\/www.zoner.fi\/tuki\/wp-content\/uploads\/2021\/11\/kloonattu-virtuaalipalvelin-300x227.jpg 300w\" sizes=\"auto, (max-width: 708px) 100vw, 708px\" \/><\/figure>\n","protected":false},"excerpt":{"rendered":"<p>T\u00e4ss\u00e4 ohjeessa k\u00e4yd\u00e4\u00e4n l\u00e4pi, kuinka virtuaalipalvelimen kloonaaminen onnistuu Zonerin OnAPP-virtuaalipalvelimilla varmuuskopiosta luotavan templaten avulla.<\/p>\n","protected":false},"author":1,"featured_media":0,"parent":659,"menu_order":36,"comment_status":"closed","ping_status":"closed","template":"","meta":{"_relevanssi_hide_post":"","_relevanssi_hide_content":"","_relevanssi_pin_for_all":"","_relevanssi_pin_keywords":"","_relevanssi_unpin_keywords":"","_relevanssi_related_keywords":"","_relevanssi_related_include_ids":"","_relevanssi_related_exclude_ids":"","_relevanssi_related_no_append":"","_relevanssi_related_not_related":"","_relevanssi_related_posts":"1063,1076,1066","_relevanssi_noindex_reason":"","footnotes":""},"categories":[181],"tags":[182],"wf_page_folders":[],"class_list":{"0":"post-727","1":"page","2":"type-page","3":"status-publish","5":"category-legacy-virtuaalipalvelin","6":"tag-legacy-virtuaalipalvelin"},"_links":{"self":[{"href":"https:\/\/www.zoner.fi\/tuki\/wp-json\/wp\/v2\/pages\/727","targetHints":{"allow":["GET"]}}],"collection":[{"href":"https:\/\/www.zoner.fi\/tuki\/wp-json\/wp\/v2\/pages"}],"about":[{"href":"https:\/\/www.zoner.fi\/tuki\/wp-json\/wp\/v2\/types\/page"}],"author":[{"embeddable":true,"href":"https:\/\/www.zoner.fi\/tuki\/wp-json\/wp\/v2\/users\/1"}],"replies":[{"embeddable":true,"href":"https:\/\/www.zoner.fi\/tuki\/wp-json\/wp\/v2\/comments?post=727"}],"version-history":[{"count":3,"href":"https:\/\/www.zoner.fi\/tuki\/wp-json\/wp\/v2\/pages\/727\/revisions"}],"predecessor-version":[{"id":130344,"href":"https:\/\/www.zoner.fi\/tuki\/wp-json\/wp\/v2\/pages\/727\/revisions\/130344"}],"up":[{"embeddable":true,"href":"https:\/\/www.zoner.fi\/tuki\/wp-json\/wp\/v2\/pages\/659"}],"wp:attachment":[{"href":"https:\/\/www.zoner.fi\/tuki\/wp-json\/wp\/v2\/media?parent=727"}],"wp:term":[{"taxonomy":"category","embeddable":true,"href":"https:\/\/www.zoner.fi\/tuki\/wp-json\/wp\/v2\/categories?post=727"},{"taxonomy":"post_tag","embeddable":true,"href":"https:\/\/www.zoner.fi\/tuki\/wp-json\/wp\/v2\/tags?post=727"},{"taxonomy":"wf_page_folders","embeddable":true,"href":"https:\/\/www.zoner.fi\/tuki\/wp-json\/wp\/v2\/wf_page_folders?post=727"}],"curies":[{"name":"wp","href":"https:\/\/api.w.org\/{rel}","templated":true}]}}