{"id":74,"date":"2020-09-25T14:09:51","date_gmt":"2020-09-25T11:09:51","guid":{"rendered":"https:\/\/www.zoner.fi\/tuki\/?page_id=74"},"modified":"2025-11-12T15:42:35","modified_gmt":"2025-11-12T13:42:35","slug":"miten-ohjaan-domainin-wixiin","status":"publish","type":"page","link":"https:\/\/www.zoner.fi\/tuki\/verkkotunnus\/miten-ohjaan-domainin-wixiin\/","title":{"rendered":"Miten ohjaan domainin Wixiin?"},"content":{"rendered":"\n<p><em>Ohje tarkistettu: 7.6.2024<\/em><\/p>\n\n\n\n<p>T\u00e4m\u00e4 ohje on tarkoitettu k\u00e4ytt\u00e4jille, joilla on Wix-kotisivut. K\u00e4ymme t\u00e4ss\u00e4 ohjeessa l\u00e4pi, miten voit ottaa k\u00e4ytt\u00f6\u00f6n <a href=\"https:\/\/www.zoner.fi\/verkkotunnus\/\" target=\"_blank\" rel=\"noreferrer noopener\">verkkotunnuksesi<\/a>\u202fWix-alustalla rakennetuille verkkosivuille.&nbsp;<\/p>\n\n\n\n<p>Ennen kuin oma domain voidaan lis\u00e4t\u00e4, t\u00e4ytyy domain eli verkkotunnus olla jo tilattuna. Vapaita verkkotunnuksia voi etsi\u00e4 ja ostaa\u202f<a href=\"https:\/\/www.zoner.fi\/domainhaku\/\" target=\"_blank\" rel=\"noreferrer noopener\">domainhaun<\/a>\u202favulla. Lis\u00e4ksi tarvitset jonkin Wix Premium -tileist\u00e4.&nbsp;<\/p>\n\n\n\n<h2 class=\"wp-block-heading\">Domainin yhdist\u00e4minen Wixin nimipalvelintiedoilla<\/h2>\n\n\n\n<p>Wix suosittelee, ett\u00e4 oma domain otetaan k\u00e4ytt\u00f6\u00f6n nimipalvelintietojen avulla. Voit tehd\u00e4 sen vaihtamalla domainillesi Wix-nimipalvelimet Zoner Homessa.<\/p>\n\n\n\n<ol start=\"1\" class=\"wp-block-list\">\n<li>Kirjaudu Wix-tilillesi ja siirry kohtaan <strong>Domains<\/strong>.<\/li>\n\n\n\n<li>Napsauta <strong>Add an Existing Domain.<\/strong>&nbsp;<\/li>\n\n\n\n<li>Napsauta <strong>Connect a domain you already own<\/strong>.&nbsp;<\/li>\n<\/ol>\n\n\n\n<figure class=\"wp-block-image size-full\"><img loading=\"lazy\" decoding=\"async\" width=\"800\" height=\"510\" src=\"https:\/\/www.zoner.fi\/tuki\/wp-content\/uploads\/2021\/10\/oma-domain-wix.jpg\" alt=\"\" class=\"wp-image-81\" srcset=\"https:\/\/www.zoner.fi\/tuki\/wp-content\/uploads\/2021\/10\/oma-domain-wix.jpg 800w, https:\/\/www.zoner.fi\/tuki\/wp-content\/uploads\/2021\/10\/oma-domain-wix-300x191.jpg 300w, https:\/\/www.zoner.fi\/tuki\/wp-content\/uploads\/2021\/10\/oma-domain-wix-768x490.jpg 768w\" sizes=\"auto, (max-width: 800px) 100vw, 800px\" \/><\/figure>\n\n\n\n<p>4. Valitse Wix-sivusto, johon haluat yhdist\u00e4\u00e4 verkkotunnuksen, ja paina <strong>Next<\/strong>.&nbsp;<\/p>\n\n\n\n<ol class=\"wp-block-list\">\n<li><\/li>\n<\/ol>\n\n\n\n<figure class=\"wp-block-image size-large\"><img loading=\"lazy\" decoding=\"async\" width=\"1024\" height=\"605\" src=\"https:\/\/www.zoner.fi\/tuki\/wp-content\/uploads\/2024\/06\/Wix_domainin_yhdistaminen_DNS_tietueilla_2-1024x605.png\" alt=\"\" class=\"wp-image-132236\" srcset=\"https:\/\/www.zoner.fi\/tuki\/wp-content\/uploads\/2024\/06\/Wix_domainin_yhdistaminen_DNS_tietueilla_2-1024x605.png 1024w, https:\/\/www.zoner.fi\/tuki\/wp-content\/uploads\/2024\/06\/Wix_domainin_yhdistaminen_DNS_tietueilla_2-300x177.png 300w, https:\/\/www.zoner.fi\/tuki\/wp-content\/uploads\/2024\/06\/Wix_domainin_yhdistaminen_DNS_tietueilla_2-768x454.png 768w, https:\/\/www.zoner.fi\/tuki\/wp-content\/uploads\/2024\/06\/Wix_domainin_yhdistaminen_DNS_tietueilla_2.png 1414w\" sizes=\"auto, (max-width: 1024px) 100vw, 1024px\" \/><\/figure>\n\n\n\n<div class=\"wp-block-group is-vertical is-layout-flex wp-container-core-group-is-layout-8cf370e7 wp-block-group-is-layout-flex\">\n<p>5. Kirjoita verkkotunnuksesi tyhj\u00e4\u00e4n kentt\u00e4\u00e4n. Napsauta sitten <strong>Let\u2019s Go<\/strong>.&nbsp;<\/p>\n\n\n\n<p>6. Valitse <strong>Yes, I own this domain<\/strong>.&nbsp;<\/p>\n\n\n\n<p>7. Paina <strong>Start<\/strong>:&nbsp;<\/p>\n<\/div>\n\n\n\n<figure class=\"wp-block-image size-full\"><img loading=\"lazy\" decoding=\"async\" width=\"1008\" height=\"700\" src=\"https:\/\/www.zoner.fi\/tuki\/wp-content\/uploads\/2024\/06\/Wix_domainin_yhdistaminen_nimipalvelimilla_1.png\" alt=\"\" class=\"wp-image-132233\" srcset=\"https:\/\/www.zoner.fi\/tuki\/wp-content\/uploads\/2024\/06\/Wix_domainin_yhdistaminen_nimipalvelimilla_1.png 1008w, https:\/\/www.zoner.fi\/tuki\/wp-content\/uploads\/2024\/06\/Wix_domainin_yhdistaminen_nimipalvelimilla_1-300x208.png 300w, https:\/\/www.zoner.fi\/tuki\/wp-content\/uploads\/2024\/06\/Wix_domainin_yhdistaminen_nimipalvelimilla_1-768x533.png 768w\" sizes=\"auto, (max-width: 1008px) 100vw, 1008px\" \/><\/figure>\n\n\n\n<ol class=\"wp-block-list\">\n<li><\/li>\n<\/ol>\n\n\n\n<ol start=\"4\" class=\"wp-block-list\">\n<li><\/li>\n<\/ol>\n\n\n\n<ol start=\"5\" class=\"wp-block-list\">\n<li><\/li>\n<\/ol>\n\n\n\n<ol start=\"6\" class=\"wp-block-list\">\n<li><\/li>\n<\/ol>\n\n\n\n<p>8. T\u00e4m\u00e4n j\u00e4lkeen Wix tarjoaa vaiheittaiset ohjeet oman domainin k\u00e4ytt\u00f6\u00f6nottoon. Jos sinulla on verkkotunnus Zonerin kautta, <a href=\"https:\/\/www.zoner.fi\/tuki\/zoner-home\/miten-vaihdan-nimipalvelimet\/\">voit vaihtaa nimipalvelimet Zoner Homessa<\/a> seuraavia vaiheita noudattamalla.<\/p>\n\n\n\n<figure class=\"wp-block-image size-full\"><img loading=\"lazy\" decoding=\"async\" width=\"800\" height=\"931\" src=\"https:\/\/www.zoner.fi\/tuki\/wp-content\/uploads\/2021\/10\/wix-oma-domain.jpg\" alt=\"\" class=\"wp-image-86\" srcset=\"https:\/\/www.zoner.fi\/tuki\/wp-content\/uploads\/2021\/10\/wix-oma-domain.jpg 800w, https:\/\/www.zoner.fi\/tuki\/wp-content\/uploads\/2021\/10\/wix-oma-domain-258x300.jpg 258w, https:\/\/www.zoner.fi\/tuki\/wp-content\/uploads\/2021\/10\/wix-oma-domain-768x894.jpg 768w\" sizes=\"auto, (max-width: 800px) 100vw, 800px\" \/><\/figure>\n\n\n\n<p>9. Kirjaudu uudella v\u00e4lilehdell\u00e4 Zoner Home -hallintapaneeliin. Klikkaa Wix-v\u00e4lilehdell\u00e4 <strong>I logged in<\/strong>.&nbsp;<\/p>\n\n\n\n<p>10. Mene Zoner Home -v\u00e4lilehdell\u00e4 kohtaan <strong>Verkkotunnukset<\/strong>. Klikkaa Wix-v\u00e4lilehdell\u00e4 <strong>I found my domain settings<\/strong>.&nbsp;<\/p>\n\n\n\n<p>11. Napsauta Zoner Homessa nuolta verkkotunnusrivin oikeassa reunassa:&nbsp;<\/p>\n\n\n\n<figure class=\"wp-block-image size-large\"><img loading=\"lazy\" decoding=\"async\" width=\"1024\" height=\"296\" src=\"https:\/\/www.zoner.fi\/tuki\/wp-content\/uploads\/2024\/05\/zoner012-1024x296.jpg\" alt=\"\" class=\"wp-image-131957\" srcset=\"https:\/\/www.zoner.fi\/tuki\/wp-content\/uploads\/2024\/05\/zoner012-1024x296.jpg 1024w, https:\/\/www.zoner.fi\/tuki\/wp-content\/uploads\/2024\/05\/zoner012-300x87.jpg 300w, https:\/\/www.zoner.fi\/tuki\/wp-content\/uploads\/2024\/05\/zoner012-768x222.jpg 768w, https:\/\/www.zoner.fi\/tuki\/wp-content\/uploads\/2024\/05\/zoner012.jpg 1502w\" sizes=\"auto, (max-width: 1024px) 100vw, 1024px\" \/><\/figure>\n\n\n\n<p>12. Napsauta sitten vasempaan valikkoon ilmestynytt\u00e4 <strong>Nimipalvelimet<\/strong>-kohtaa:<\/p>\n\n\n\n<figure class=\"wp-block-image size-large\"><img loading=\"lazy\" decoding=\"async\" width=\"1024\" height=\"338\" src=\"https:\/\/www.zoner.fi\/tuki\/wp-content\/uploads\/2024\/05\/zoner014-1-1024x338.jpg\" alt=\"\" class=\"wp-image-131958\" srcset=\"https:\/\/www.zoner.fi\/tuki\/wp-content\/uploads\/2024\/05\/zoner014-1-1024x338.jpg 1024w, https:\/\/www.zoner.fi\/tuki\/wp-content\/uploads\/2024\/05\/zoner014-1-300x99.jpg 300w, https:\/\/www.zoner.fi\/tuki\/wp-content\/uploads\/2024\/05\/zoner014-1-768x253.jpg 768w, https:\/\/www.zoner.fi\/tuki\/wp-content\/uploads\/2024\/05\/zoner014-1.jpg 1494w\" sizes=\"auto, (max-width: 1024px) 100vw, 1024px\" \/><\/figure>\n\n\n\n<p>13. Napsauta Wix-v\u00e4lilehdell\u00e4 <strong>I found the nameservers<\/strong>.&nbsp;<\/p>\n\n\n\n<p>14. Vaihda Zoner Homessa verkkotunnuksesi nimipalvelimet Wixin antamiin nimipalvelimiin, jotka l\u00f6ytyv\u00e4t tekstin \u201dAdd these Wix Nameservers\u201d alta, ja paina <strong>Tallenna<\/strong>.&nbsp;<\/p>\n\n\n\n<figure class=\"wp-block-image size-full\"><img loading=\"lazy\" decoding=\"async\" width=\"698\" height=\"561\" src=\"https:\/\/www.zoner.fi\/tuki\/wp-content\/uploads\/2024\/06\/Wix_domainin_yhdistaminen_nimipalvelimilla_4.png\" alt=\"\" class=\"wp-image-132234\" srcset=\"https:\/\/www.zoner.fi\/tuki\/wp-content\/uploads\/2024\/06\/Wix_domainin_yhdistaminen_nimipalvelimilla_4.png 698w, https:\/\/www.zoner.fi\/tuki\/wp-content\/uploads\/2024\/06\/Wix_domainin_yhdistaminen_nimipalvelimilla_4-300x241.png 300w\" sizes=\"auto, (max-width: 698px) 100vw, 698px\" \/><\/figure>\n\n\n\n<p>15. Paina lopuksi Wix-v\u00e4lilehdell\u00e4 <strong>I\u2019ve replaced my nameservers<\/strong>.&nbsp;<\/p>\n\n\n\n<p>Huom! T\u00e4m\u00e4n j\u00e4lkeen nimipalvelintietojen p\u00e4ivittyminen voi kest\u00e4\u00e4 viel\u00e4 48 tuntia. Kun 48 tuntia on kulunut, kannattaa k\u00e4yd\u00e4 viel\u00e4 tarkistamassa, ett\u00e4 verkkotunnus on yhdistetty onnistuneesti Wix-kotisivuihin. T\u00e4m\u00e4n n\u00e4et Wix-hallintapaneelista Domains-kohdasta.<\/p>\n\n\n\n<h2 class=\"wp-block-heading\">Domainin osoittaminen Wixin DNS-tietueilla<\/h2>\n\n\n\n<p>Wix suosittelee ensisijaisesti k\u00e4ytt\u00e4m\u00e4\u00e4n nimipalvelintietoja verkkotunnuksen yhdist\u00e4miseen. Jos et kuitenkaan jostain syyst\u00e4 halua vaihtaa nimipalvelintietoja, voit yhdist\u00e4\u00e4 domainin my\u00f6s DNS-tietueilla.&nbsp;<\/p>\n\n\n\n<ol class=\"wp-block-list\">\n<li>Kirjaudu Wix-tilillesi. Mene kohtaan <strong>Domains<\/strong>.&nbsp;<\/li>\n<\/ol>\n\n\n\n<ol start=\"1\" class=\"wp-block-list\">\n<li><\/li>\n<\/ol>\n\n\n\n<ol start=\"2\" class=\"wp-block-list\">\n<li>Napsauta <strong>Connect a domain you already own<\/strong>:&nbsp;<\/li>\n<\/ol>\n\n\n\n<figure class=\"wp-block-image size-large\"><img loading=\"lazy\" decoding=\"async\" width=\"1024\" height=\"702\" src=\"https:\/\/www.zoner.fi\/tuki\/wp-content\/uploads\/2024\/06\/Wix_domainin_yhdistaminen_DNS_tietueilla_1-1024x702.png\" alt=\"\" class=\"wp-image-132235\" srcset=\"https:\/\/www.zoner.fi\/tuki\/wp-content\/uploads\/2024\/06\/Wix_domainin_yhdistaminen_DNS_tietueilla_1-1024x702.png 1024w, https:\/\/www.zoner.fi\/tuki\/wp-content\/uploads\/2024\/06\/Wix_domainin_yhdistaminen_DNS_tietueilla_1-300x206.png 300w, https:\/\/www.zoner.fi\/tuki\/wp-content\/uploads\/2024\/06\/Wix_domainin_yhdistaminen_DNS_tietueilla_1-768x526.png 768w, https:\/\/www.zoner.fi\/tuki\/wp-content\/uploads\/2024\/06\/Wix_domainin_yhdistaminen_DNS_tietueilla_1.png 1058w\" sizes=\"auto, (max-width: 1024px) 100vw, 1024px\" \/><\/figure>\n\n\n\n<p>3. Valitse Wix-sivusto, johon haluat yhdist\u00e4\u00e4 domainin. Paina sitten <strong>Next<\/strong>:&nbsp;<\/p>\n\n\n\n<figure class=\"wp-block-image size-full\"><img loading=\"lazy\" decoding=\"async\" width=\"1414\" height=\"836\" src=\"https:\/\/www.zoner.fi\/tuki\/wp-content\/uploads\/2024\/06\/Wix_domainin_yhdistaminen_DNS_tietueilla_2.png\" alt=\"\" class=\"wp-image-132236\" srcset=\"https:\/\/www.zoner.fi\/tuki\/wp-content\/uploads\/2024\/06\/Wix_domainin_yhdistaminen_DNS_tietueilla_2.png 1414w, https:\/\/www.zoner.fi\/tuki\/wp-content\/uploads\/2024\/06\/Wix_domainin_yhdistaminen_DNS_tietueilla_2-300x177.png 300w, https:\/\/www.zoner.fi\/tuki\/wp-content\/uploads\/2024\/06\/Wix_domainin_yhdistaminen_DNS_tietueilla_2-1024x605.png 1024w, https:\/\/www.zoner.fi\/tuki\/wp-content\/uploads\/2024\/06\/Wix_domainin_yhdistaminen_DNS_tietueilla_2-768x454.png 768w\" sizes=\"auto, (max-width: 1414px) 100vw, 1414px\" \/><\/figure>\n\n\n\n<p>4. Kirjoita aukeavaan n\u00e4kym\u00e4\u00e4n omistamasi verkkotunnus ja klikkaa <strong>Let\u2019s Go<\/strong>:&nbsp;<\/p>\n\n\n\n<figure class=\"wp-block-image size-full\"><img loading=\"lazy\" decoding=\"async\" width=\"1006\" height=\"442\" src=\"https:\/\/www.zoner.fi\/tuki\/wp-content\/uploads\/2024\/06\/Wix_domainin_yhdistaminen_DNS_tietueilla_3.png\" alt=\"\" class=\"wp-image-132237\" srcset=\"https:\/\/www.zoner.fi\/tuki\/wp-content\/uploads\/2024\/06\/Wix_domainin_yhdistaminen_DNS_tietueilla_3.png 1006w, https:\/\/www.zoner.fi\/tuki\/wp-content\/uploads\/2024\/06\/Wix_domainin_yhdistaminen_DNS_tietueilla_3-300x132.png 300w, https:\/\/www.zoner.fi\/tuki\/wp-content\/uploads\/2024\/06\/Wix_domainin_yhdistaminen_DNS_tietueilla_3-768x337.png 768w\" sizes=\"auto, (max-width: 1006px) 100vw, 1006px\" \/><\/figure>\n\n\n\n<ol start=\"5\" class=\"wp-block-list\">\n<li>Napsauta <strong>Yes, I own this domain<\/strong>.&nbsp;<\/li>\n<\/ol>\n\n\n\n<ol start=\"6\" class=\"wp-block-list\">\n<li>Napsauta <strong>pointing<\/strong>-linkki\u00e4 otsikon alla olevassa tekstiss\u00e4:&nbsp;<\/li>\n<\/ol>\n\n\n\n<figure class=\"wp-block-image size-full\"><img loading=\"lazy\" decoding=\"async\" width=\"843\" height=\"502\" src=\"https:\/\/www.zoner.fi\/tuki\/wp-content\/uploads\/2024\/06\/Wix_domainin_yhdistaminen_DNS_tietueilla_5.png\" alt=\"\" class=\"wp-image-132238\" srcset=\"https:\/\/www.zoner.fi\/tuki\/wp-content\/uploads\/2024\/06\/Wix_domainin_yhdistaminen_DNS_tietueilla_5.png 843w, https:\/\/www.zoner.fi\/tuki\/wp-content\/uploads\/2024\/06\/Wix_domainin_yhdistaminen_DNS_tietueilla_5-300x179.png 300w, https:\/\/www.zoner.fi\/tuki\/wp-content\/uploads\/2024\/06\/Wix_domainin_yhdistaminen_DNS_tietueilla_5-768x457.png 768w\" sizes=\"auto, (max-width: 843px) 100vw, 843px\" \/><\/figure>\n\n\n\n<p>7. Valitse <strong>Switch to Pointing Instructions<\/strong>:<\/p>\n\n\n\n<figure class=\"wp-block-image size-full\"><img loading=\"lazy\" decoding=\"async\" width=\"649\" height=\"514\" src=\"https:\/\/www.zoner.fi\/tuki\/wp-content\/uploads\/2024\/06\/Wix_domainin_yhdistaminen_DNS_tietueilla_6.png\" alt=\"\" class=\"wp-image-132239\" srcset=\"https:\/\/www.zoner.fi\/tuki\/wp-content\/uploads\/2024\/06\/Wix_domainin_yhdistaminen_DNS_tietueilla_6.png 649w, https:\/\/www.zoner.fi\/tuki\/wp-content\/uploads\/2024\/06\/Wix_domainin_yhdistaminen_DNS_tietueilla_6-300x238.png 300w\" sizes=\"auto, (max-width: 649px) 100vw, 649px\" \/><\/figure>\n\n\n\n<ol start=\"8\" class=\"wp-block-list\">\n<li>Seuraavaksi Wix antaa vaiheittaiset ohjeet domainin yhdist\u00e4miseen.&nbsp;<\/li>\n<\/ol>\n\n\n\n<ol start=\"9\" class=\"wp-block-list\">\n<li>Kirjaudu toisella v\u00e4lilehdell\u00e4 sis\u00e4\u00e4n\u202f<a href=\"https:\/\/home.zoner.fi\/\" target=\"_blank\" rel=\"noreferrer noopener\">Zoner Home -hallintapaneeliisi<\/a>, ja paina sen j\u00e4lkeen Wix-v\u00e4lilehdell\u00e4 <strong>I logged in<\/strong>.&nbsp;<\/li>\n<\/ol>\n\n\n\n<ol start=\"10\" class=\"wp-block-list\">\n<li>Mene Zoner Homessa kohtaan <strong>Verkkotunnukset<\/strong> ja paina Wix-v\u00e4lilehdell\u00e4 <strong>I found my domain settings<\/strong>.&nbsp;<\/li>\n<\/ol>\n\n\n\n<ol start=\"11\" class=\"wp-block-list\">\n<li>Klikkaa Zoner Homessa verkkotunnuksen oikealta puolelta l\u00f6ytyv\u00e4\u00e4 <strong>nuolipainiketta<\/strong>:&nbsp;<\/li>\n<\/ol>\n\n\n\n<figure class=\"wp-block-image size-full\"><img loading=\"lazy\" decoding=\"async\" width=\"1502\" height=\"434\" src=\"https:\/\/www.zoner.fi\/tuki\/wp-content\/uploads\/2024\/05\/zoner012.jpg\" alt=\"\" class=\"wp-image-131957\" srcset=\"https:\/\/www.zoner.fi\/tuki\/wp-content\/uploads\/2024\/05\/zoner012.jpg 1502w, https:\/\/www.zoner.fi\/tuki\/wp-content\/uploads\/2024\/05\/zoner012-300x87.jpg 300w, https:\/\/www.zoner.fi\/tuki\/wp-content\/uploads\/2024\/05\/zoner012-1024x296.jpg 1024w, https:\/\/www.zoner.fi\/tuki\/wp-content\/uploads\/2024\/05\/zoner012-768x222.jpg 768w\" sizes=\"auto, (max-width: 1502px) 100vw, 1502px\" \/><\/figure>\n\n\n\n<p>12. Napsauta vasempaan valikkoon ilmestynytt\u00e4 kohtaa <strong>DNS:<\/strong>&nbsp;<\/p>\n\n\n\n<figure class=\"wp-block-image size-large\"><img loading=\"lazy\" decoding=\"async\" width=\"1024\" height=\"425\" src=\"https:\/\/www.zoner.fi\/tuki\/wp-content\/uploads\/2024\/05\/zoner027-1024x425.jpg\" alt=\"\" class=\"wp-image-132015\" srcset=\"https:\/\/www.zoner.fi\/tuki\/wp-content\/uploads\/2024\/05\/zoner027-1024x425.jpg 1024w, https:\/\/www.zoner.fi\/tuki\/wp-content\/uploads\/2024\/05\/zoner027-300x124.jpg 300w, https:\/\/www.zoner.fi\/tuki\/wp-content\/uploads\/2024\/05\/zoner027-768x319.jpg 768w, https:\/\/www.zoner.fi\/tuki\/wp-content\/uploads\/2024\/05\/zoner027.jpg 1487w\" sizes=\"auto, (max-width: 1024px) 100vw, 1024px\" \/><\/figure>\n\n\n\n<ol start=\"13\" class=\"wp-block-list\">\n<li>Paina sen j\u00e4lkeen Wix-sivulla <strong>I found my records<\/strong>.&nbsp;<\/li>\n<\/ol>\n\n\n\n<ol start=\"14\" class=\"wp-block-list\">\n<li>Luo sen j\u00e4lkeen Zoner Homessa uusi A-tietue ja CNAME-tietue Wixin antamilla tiedoilla. Katso tarvittaessa lis\u00e4\u00e4 ohjeita\u202f<a href=\"https:\/\/www.zoner.fi\/tuki\/zoner-home\/miten-muokkaan-dns-tietueita\/\">DNS-tietueiden muokkauksesta Zoner Homessa<\/a>:\u00a0<\/li>\n<\/ol>\n\n\n\n<figure class=\"wp-block-image size-full\"><img loading=\"lazy\" decoding=\"async\" width=\"700\" height=\"681\" src=\"https:\/\/www.zoner.fi\/tuki\/wp-content\/uploads\/2024\/06\/Wix_domainin_yhdistaminen_DNS_tietueilla_7.png\" alt=\"\" class=\"wp-image-132241\" srcset=\"https:\/\/www.zoner.fi\/tuki\/wp-content\/uploads\/2024\/06\/Wix_domainin_yhdistaminen_DNS_tietueilla_7.png 700w, https:\/\/www.zoner.fi\/tuki\/wp-content\/uploads\/2024\/06\/Wix_domainin_yhdistaminen_DNS_tietueilla_7-300x292.png 300w\" sizes=\"auto, (max-width: 700px) 100vw, 700px\" \/><\/figure>\n\n\n\n<ol start=\"15\" class=\"wp-block-list\">\n<li>Napsauta lopuksi Wix-v\u00e4lilehdell\u00e4 <strong>I updated my records<\/strong>.&nbsp;<\/li>\n<\/ol>\n\n\n\n<ol start=\"16\" class=\"wp-block-list\">\n<li>Huomaathan, ett\u00e4 muutosten voimaan tuleminen voi kest\u00e4\u00e4 jopa 48 tuntia. Kun 48 tuntia on kulunut, kannattaa k\u00e4yd\u00e4 viel\u00e4 tarkistamassa, ett\u00e4 verkkotunnus on yhdistetty onnistuneesti Wix-kotisivuihin. Voit tarkistaa sen Wix-hallintapaneelin <strong>Domains<\/strong>-kohdassa. Jos tarvitset apua, ole yhteydess\u00e4 asiakaspalveluumme.&nbsp;<\/li>\n<\/ol>\n\n\n\n<h3 class=\"wp-block-heading\">K\u00e4yt\u00e4tk\u00f6 Zonerin webhotellin s\u00e4hk\u00f6postia?<\/h3>\n\n\n\n<p>Jotta s\u00e4hk\u00f6posti toimii oikein, tulee webhotellin hallintapaneelista hakea tietue ja lis\u00e4t\u00e4 se Wix-hallintan\u00e4kym\u00e4\u00e4n. Webhotellin s\u00e4hk\u00f6posti toimii my\u00f6s ilman t\u00e4t\u00e4, mutta erilaisten s\u00e4hk\u00f6postisovellusten k\u00e4yt\u00f6ss\u00e4 tulee ongelmia, koska ne eiv\u00e4t saa muodostettua yhteytt\u00e4.&nbsp;<br>Ennen t\u00e4m\u00e4n tekemist\u00e4 tulisi verkkotunnuksen olla jo yhdistetty Wix-kotisivuihin.<\/p>\n\n\n\n<p>1. Kirjaudu Zoner Home -hallintapaneeliin ja valitse <strong>Verkkotunnukset<\/strong>.<\/p>\n\n\n\n<p>2. Paina verkkotunnuksen oikealta puolelta l\u00f6ytyv\u00e4\u00e4 <strong>nuolipainiketta<\/strong>:<\/p>\n\n\n\n<figure class=\"wp-block-image size-full\"><img loading=\"lazy\" decoding=\"async\" width=\"1502\" height=\"434\" src=\"https:\/\/www.zoner.fi\/tuki\/wp-content\/uploads\/2024\/05\/zoner012.jpg\" alt=\"\" class=\"wp-image-131957\" srcset=\"https:\/\/www.zoner.fi\/tuki\/wp-content\/uploads\/2024\/05\/zoner012.jpg 1502w, https:\/\/www.zoner.fi\/tuki\/wp-content\/uploads\/2024\/05\/zoner012-300x87.jpg 300w, https:\/\/www.zoner.fi\/tuki\/wp-content\/uploads\/2024\/05\/zoner012-1024x296.jpg 1024w, https:\/\/www.zoner.fi\/tuki\/wp-content\/uploads\/2024\/05\/zoner012-768x222.jpg 768w\" sizes=\"auto, (max-width: 1502px) 100vw, 1502px\" \/><\/figure>\n\n\n\n<p>3. Napsauta vasempaan valikkoon ilmestynytt\u00e4 kohtaa <strong>DNS<\/strong>:<\/p>\n\n\n\n<figure class=\"wp-block-image size-full\"><img loading=\"lazy\" decoding=\"async\" width=\"1487\" height=\"617\" src=\"https:\/\/www.zoner.fi\/tuki\/wp-content\/uploads\/2024\/05\/zoner027.jpg\" alt=\"\" class=\"wp-image-132015\" srcset=\"https:\/\/www.zoner.fi\/tuki\/wp-content\/uploads\/2024\/05\/zoner027.jpg 1487w, https:\/\/www.zoner.fi\/tuki\/wp-content\/uploads\/2024\/05\/zoner027-300x124.jpg 300w, https:\/\/www.zoner.fi\/tuki\/wp-content\/uploads\/2024\/05\/zoner027-1024x425.jpg 1024w, https:\/\/www.zoner.fi\/tuki\/wp-content\/uploads\/2024\/05\/zoner027-768x319.jpg 768w\" sizes=\"auto, (max-width: 1487px) 100vw, 1487px\" \/><\/figure>\n\n\n\n<p>4. Kirjaudu Wix-hallintapaneeliisi ja mene kohtaa <strong>Domains<\/strong>. Verkkotunnuksen oikealla puolella on n\u00e4yt\u00e4 lis\u00e4\u00e4 -ikoni (\u2026), jota klikkaamalla saat enemm\u00e4n verkkotunnukseen liittyvi\u00e4 asetuksia n\u00e4kyville.&nbsp;<\/p>\n\n\n\n<p>5. Valitse aukeavasta pudotusvalikosta <strong>Manage DNS Records<\/strong>.&nbsp;<\/p>\n\n\n\n<p>6. Etsi oikea tietuetyyppi eli <strong>A<\/strong>, ja paina <strong>Add record<\/strong>.&nbsp;<\/p>\n\n\n\n<p>7. Lis\u00e4\u00e4 tietue seuraavilla tiedoilla:&nbsp;<br>Host Name: mail&nbsp;<br>Value: IP-osoite webhotellista&nbsp;<br>TTL: 1 hour&nbsp;<\/p>\n\n\n\n<p>8. Paina lopuksi <strong>Save<\/strong> ja paina viel\u00e4 aukeavasta ponnahdusikkunasta <strong>Save Changes<\/strong>.&nbsp;<\/p>\n","protected":false},"excerpt":{"rendered":"<p>T\u00e4m\u00e4 ohje on tarkoitettu Wix-kotisivut omaaville k\u00e4ytt\u00e4jille ja k\u00e4ymme t\u00e4ss\u00e4 ohjeessa l\u00e4pi, miten otetaan k\u00e4ytt\u00f6\u00f6n oma domain Wix-alustalla rakennetuille verkkosivuille.<\/p>\n","protected":false},"author":1,"featured_media":0,"parent":72,"menu_order":32,"comment_status":"closed","ping_status":"closed","template":"","meta":{"_relevanssi_hide_post":"","_relevanssi_hide_content":"","_relevanssi_pin_for_all":"","_relevanssi_pin_keywords":"","_relevanssi_unpin_keywords":"","_relevanssi_related_keywords":"","_relevanssi_related_include_ids":"","_relevanssi_related_exclude_ids":"","_relevanssi_related_no_append":"","_relevanssi_related_not_related":"","_relevanssi_related_posts":"1066,1063,1076","_relevanssi_noindex_reason":"","footnotes":""},"categories":[211,212,209,210],"tags":[158],"wf_page_folders":[],"class_list":{"0":"post-74","1":"page","2":"type-page","3":"status-publish","5":"category-cpanel-webhotelli-fi","6":"category-cpanel-wepardi-verkkotunnus","7":"category-directadmin-verkkotunnus","8":"category-zoner-home-verkkotunnus","9":"tag-yleiset"},"_links":{"self":[{"href":"https:\/\/www.zoner.fi\/tuki\/wp-json\/wp\/v2\/pages\/74","targetHints":{"allow":["GET"]}}],"collection":[{"href":"https:\/\/www.zoner.fi\/tuki\/wp-json\/wp\/v2\/pages"}],"about":[{"href":"https:\/\/www.zoner.fi\/tuki\/wp-json\/wp\/v2\/types\/page"}],"author":[{"embeddable":true,"href":"https:\/\/www.zoner.fi\/tuki\/wp-json\/wp\/v2\/users\/1"}],"replies":[{"embeddable":true,"href":"https:\/\/www.zoner.fi\/tuki\/wp-json\/wp\/v2\/comments?post=74"}],"version-history":[{"count":10,"href":"https:\/\/www.zoner.fi\/tuki\/wp-json\/wp\/v2\/pages\/74\/revisions"}],"predecessor-version":[{"id":138065,"href":"https:\/\/www.zoner.fi\/tuki\/wp-json\/wp\/v2\/pages\/74\/revisions\/138065"}],"up":[{"embeddable":true,"href":"https:\/\/www.zoner.fi\/tuki\/wp-json\/wp\/v2\/pages\/72"}],"wp:attachment":[{"href":"https:\/\/www.zoner.fi\/tuki\/wp-json\/wp\/v2\/media?parent=74"}],"wp:term":[{"taxonomy":"category","embeddable":true,"href":"https:\/\/www.zoner.fi\/tuki\/wp-json\/wp\/v2\/categories?post=74"},{"taxonomy":"post_tag","embeddable":true,"href":"https:\/\/www.zoner.fi\/tuki\/wp-json\/wp\/v2\/tags?post=74"},{"taxonomy":"wf_page_folders","embeddable":true,"href":"https:\/\/www.zoner.fi\/tuki\/wp-json\/wp\/v2\/wf_page_folders?post=74"}],"curies":[{"name":"wp","href":"https:\/\/api.w.org\/{rel}","templated":true}]}}