{"id":745,"date":"2020-11-02T16:01:00","date_gmt":"2020-11-02T14:01:00","guid":{"rendered":"https:\/\/www.zoner.fi\/tuki\/?page_id=745"},"modified":"2023-10-16T13:40:21","modified_gmt":"2023-10-16T10:40:21","slug":"miten-otan-https-salauksen-kayttoon-wordpress-sivustolla","status":"publish","type":"page","link":"https:\/\/www.zoner.fi\/tuki\/wordpress\/miten-otan-https-salauksen-kayttoon-wordpress-sivustolla\/","title":{"rendered":"HTTPS-salauksen k\u00e4ytt\u00f6\u00f6notto WordPress-sivustolle"},"content":{"rendered":"\n<p><em>Ohje tarkistettu: 28.10.2021<\/em><\/p>\n\n\n\n<p>HTTPS-salaus suojaa liikenteen palvelimen ja k\u00e4vij\u00e4n selaimen v\u00e4lill\u00e4. T\u00e4m\u00e4 on erityisen suotavaa verkkokaupoissa, mutta my\u00f6s Google ja monet selaimet alkavat suosimaan SSL salausta k\u00e4ytt\u00e4vi\u00e4 sivustoja.<\/p>\n\n\n\n<p>T\u00e4ss\u00e4 ohjeessa k\u00e4ymme l\u00e4pi vaihe vaiheelta, kuinka WordPress-sivuston saa hy\u00f6dynt\u00e4m\u00e4\u00e4n salattua yhteytt\u00e4 tai, kuinka saat korjattua yhteys ei ole suojattu -virheilmoituksen.<\/p>\n\n\n\n<h2 class=\"wp-block-heading\">HTTPS-tuki ja sertifikaatti verkkotunnukselle<\/h2>\n\n\n<div class=\"gb-grid-wrapper gb-grid-wrapper-5f1e8394\">\n<div class=\"gb-grid-column gb-grid-column-8153423d\"><div class=\"gb-container gb-container-8153423d\"><div class=\"gb-inside-container\">\n\n<p>Alkuun sinun tulee mahdollistaa k\u00e4ytettyyn verkkotunnukseen ja kotisivutilaan HTTPS-tuki. Mik\u00e4li k\u00e4yt\u00e4t jo Zonerin&nbsp;<a href=\"https:\/\/www.zoner.fi\/webhotellit\/\">webhotellia<\/a>, voit tehd\u00e4 sen helposti&nbsp;<a href=\"https:\/\/www.zoner.fi\/tuki\/webhotellit\/miten-otan-kayttoon-lets-encrypt-ssl-sertifikaatin\/\" target=\"_blank\" rel=\"noreferrer noopener\">t\u00e4st\u00e4 linkist\u00e4<\/a>&nbsp;l\u00f6ytyv\u00e4n ohjeen avulla.<\/p>\n\n\n\n<p>Samassa ohjeessa k\u00e4yd\u00e4\u00e4n l\u00e4pi, kuinka tarvittava <a href=\"https:\/\/www.zoner.fi\/tietoturva\/ssl-sertifikaatti\/\">SSL-sertifikaatti <\/a>luodaan webhotellin hallintapaneelista. Zonerin webhotelleihin sis\u00e4ltyy mahdollisuus luoda ilmaisia\u00a0<a href=\"https:\/\/www.zoner.fi\/tietoturva\/lets-encrypt\/\">Let\u2019s Encrypt<\/a>\u00a0SSL-sertifikaatteja suoraan hallintapaneelin kautta.<\/p>\n\n\n\n<p>Erillisess\u00e4&nbsp;WP.one <a href=\"https:\/\/www.zoner.fi\/wordpress\/wp-one\/\">WordPress hosting<\/a> -palvelussa on taas kaikki hoidettu puolestasi jo valmiiksi, eik\u00e4 sinun tarvitse tehd\u00e4 mit\u00e4\u00e4n toimenpiteit\u00e4.<\/p>\n\n<\/div><\/div><\/div>\n\n<div class=\"gb-grid-column gb-grid-column-e072e247\"><div class=\"gb-container gb-container-e072e247\"><div class=\"gb-inside-container\">\n<div class=\"wp-block-image\">\n<figure class=\"aligncenter size-full\"><img loading=\"lazy\" decoding=\"async\" width=\"300\" height=\"248\" src=\"https:\/\/www.zoner.fi\/tuki\/wp-content\/uploads\/2021\/11\/lets-encrypt.png\" alt=\"\" class=\"wp-image-748\"\/><\/figure>\n<\/div>\n<\/div><\/div><\/div>\n<\/div>\n\n\n<h2 class=\"wp-block-heading\">HTTPS-salauksen m\u00e4\u00e4ritt\u00e4minen WordPress-sivustoon<\/h2>\n\n\n\n<p>Seuraavaksi sinun tulee m\u00e4\u00e4ritt\u00e4\u00e4 viel\u00e4 itse WordPress asennus hy\u00f6dynt\u00e4m\u00e4\u00e4n HTTPS salausta. T\u00e4m\u00e4 onnistuu joko muutamalla muutoksella sek\u00e4 itse WordPress asetuksiin ett\u00e4 sivuston .htaccess ett\u00e4 wp-config.php tiedostoihin. Helpoiten saat kuitenkin salauksen otettua k\u00e4ytt\u00f6\u00f6n erillisen lis\u00e4osan avulla.<\/p>\n\n\n\n<h3 class=\"wp-block-heading\">Really Simple SSL<\/h3>\n\n\n\n<p>T\u00e4ss\u00e4 esimerkiss\u00e4 asennamme WordPress-sivustolle Really Simple SSL -nimisen lis\u00e4osan, jolla SSL salauksen k\u00e4ytt\u00f6notto onnistuu WordPress sivustolle.<\/p>\n\n\n\n<p>Kirjaudu aluksi WordPress asennukseesi sis\u00e4\u00e4n ja valitse osio: Lis\u00e4osat -&gt; Lis\u00e4\u00e4 uusi<\/p>\n\n\n\n<figure class=\"wp-block-image size-full\"><img loading=\"lazy\" decoding=\"async\" width=\"327\" height=\"71\" src=\"https:\/\/www.zoner.fi\/tuki\/wp-content\/uploads\/2021\/11\/wordpress-ssl.jpg\" alt=\"\" class=\"wp-image-754\" srcset=\"https:\/\/www.zoner.fi\/tuki\/wp-content\/uploads\/2021\/11\/wordpress-ssl.jpg 327w, https:\/\/www.zoner.fi\/tuki\/wp-content\/uploads\/2021\/11\/wordpress-ssl-300x65.jpg 300w\" sizes=\"auto, (max-width: 327px) 100vw, 327px\" \/><\/figure>\n\n\n\n<p>Valitse sivun oikealta laidalta hakukentt\u00e4 ja kirjoita: Really Simple SSL<\/p>\n\n\n\n<p>Eteesi aukeaa hakutulosn\u00e4kym\u00e4 erilaisista lis\u00e4osista. Valitse t\u00e4m\u00e4 kyseist\u00e4 nime\u00e4 kantava lis\u00e4osa ja paina Asenna nyt.<\/p>\n\n\n\n<figure class=\"wp-block-image size-full\"><img loading=\"lazy\" decoding=\"async\" width=\"555\" height=\"237\" src=\"https:\/\/www.zoner.fi\/tuki\/wp-content\/uploads\/2021\/11\/wordpress-ssl-asennus.jpg\" alt=\"\" class=\"wp-image-756\" srcset=\"https:\/\/www.zoner.fi\/tuki\/wp-content\/uploads\/2021\/11\/wordpress-ssl-asennus.jpg 555w, https:\/\/www.zoner.fi\/tuki\/wp-content\/uploads\/2021\/11\/wordpress-ssl-asennus-300x128.jpg 300w\" sizes=\"auto, (max-width: 555px) 100vw, 555px\" \/><\/figure>\n\n\n\n<p>Kun WordPress on asentanut lis\u00e4osan, n\u00e4kyy listauksessa lis\u00e4osan kohdalla painike, Ota k\u00e4ytt\u00f6\u00f6n, jota tulee painaa.<\/p>\n\n\n\n<figure class=\"wp-block-image size-full\"><img loading=\"lazy\" decoding=\"async\" width=\"555\" height=\"237\" src=\"https:\/\/www.zoner.fi\/tuki\/wp-content\/uploads\/2021\/11\/wordpress-really-simple-ssl-asennus.jpg\" alt=\"\" class=\"wp-image-759\" srcset=\"https:\/\/www.zoner.fi\/tuki\/wp-content\/uploads\/2021\/11\/wordpress-really-simple-ssl-asennus.jpg 555w, https:\/\/www.zoner.fi\/tuki\/wp-content\/uploads\/2021\/11\/wordpress-really-simple-ssl-asennus-300x128.jpg 300w\" sizes=\"auto, (max-width: 555px) 100vw, 555px\" \/><\/figure>\n\n\n\n<p>Aktivoi lopuksi viel\u00e4 SSL suojaus k\u00e4ytt\u00f6\u00f6si ylh\u00e4\u00e4lle ilmestyv\u00e4st\u00e4 infolaatikosta, painamalla: Go ahead, activate SSL.<\/p>\n\n\n\n<figure class=\"wp-block-image size-full\"><img loading=\"lazy\" decoding=\"async\" width=\"900\" height=\"213\" src=\"https:\/\/www.zoner.fi\/tuki\/wp-content\/uploads\/2021\/11\/wordpress-activate-ssl.jpg\" alt=\"\" class=\"wp-image-762\" srcset=\"https:\/\/www.zoner.fi\/tuki\/wp-content\/uploads\/2021\/11\/wordpress-activate-ssl.jpg 900w, https:\/\/www.zoner.fi\/tuki\/wp-content\/uploads\/2021\/11\/wordpress-activate-ssl-300x71.jpg 300w, https:\/\/www.zoner.fi\/tuki\/wp-content\/uploads\/2021\/11\/wordpress-activate-ssl-768x182.jpg 768w\" sizes=\"auto, (max-width: 900px) 100vw, 900px\" \/><\/figure>\n\n\n\n<p>Saat lopuksi ilmoituksen aktivoinnin onnistumisesta ja SSL-suojaus on otettu k\u00e4ytt\u00f6\u00f6n sivustolla.<\/p>\n\n\n\n<figure class=\"wp-block-image size-full\"><img loading=\"lazy\" decoding=\"async\" width=\"555\" height=\"240\" src=\"https:\/\/www.zoner.fi\/tuki\/wp-content\/uploads\/2021\/11\/wordpress-ssl-aktivoitu.jpg\" alt=\"\" class=\"wp-image-764\" srcset=\"https:\/\/www.zoner.fi\/tuki\/wp-content\/uploads\/2021\/11\/wordpress-ssl-aktivoitu.jpg 555w, https:\/\/www.zoner.fi\/tuki\/wp-content\/uploads\/2021\/11\/wordpress-ssl-aktivoitu-300x130.jpg 300w\" sizes=\"auto, (max-width: 555px) 100vw, 555px\" \/><\/figure>\n\n\n\n<h2 class=\"wp-block-heading\">Suojattu yhteys selaimessa<\/h2>\n\n\n\n<p>Kun SSL salaus on onnistuneesti otettu k\u00e4ytt\u00f6\u00f6n, voit tarkistaa suojauksen tilanteen vierailemalla sivustolla. Jos suojaus on kunnossa, t\u00e4m\u00e4 ilmaistaan vihre\u00e4ll\u00e4 lukkokuvakkeella selaimen osoiterivill\u00e4. Lis\u00e4tietoja painamalla n\u00e4kee my\u00f6s hieman lis\u00e4tietoja salauksesta, kuten sertifikaatin todentajan.<\/p>\n\n\n\n<figure class=\"wp-block-image size-full\"><img loading=\"lazy\" decoding=\"async\" width=\"361\" height=\"170\" src=\"https:\/\/www.zoner.fi\/tuki\/wp-content\/uploads\/2021\/11\/suojattu-yhteys.jpg\" alt=\"\" class=\"wp-image-766\" srcset=\"https:\/\/www.zoner.fi\/tuki\/wp-content\/uploads\/2021\/11\/suojattu-yhteys.jpg 361w, https:\/\/www.zoner.fi\/tuki\/wp-content\/uploads\/2021\/11\/suojattu-yhteys-300x141.jpg 300w\" sizes=\"auto, (max-width: 361px) 100vw, 361px\" \/><\/figure>\n\n\n\n<h3 class=\"wp-block-heading\">Yhteys ei ole suojattu<\/h3>\n\n\n\n<p>Joskus vihre\u00e4n lukon sijasta, osoiterivill\u00e4 n\u00e4kyykin keltainen varoituskolmio. Lis\u00e4tiedoissa on my\u00f6s maininta, ett\u00e4&nbsp;<strong>yhteys ei ole suojattu<\/strong>&nbsp;tai&nbsp;<strong>yhteytesi ei ole salattu<\/strong>. T\u00e4m\u00e4 ilmaisee, ett\u00e4 yhteys sivuston ja k\u00e4vij\u00e4n selaimen v\u00e4lill\u00e4 ei ole kokonaan suojattu.<\/p>\n\n\n\n<figure class=\"wp-block-image size-full\"><img loading=\"lazy\" decoding=\"async\" width=\"359\" height=\"214\" src=\"https:\/\/www.zoner.fi\/tuki\/wp-content\/uploads\/2021\/11\/ssl-salaus-ei-suojattu.jpg\" alt=\"\" class=\"wp-image-768\" srcset=\"https:\/\/www.zoner.fi\/tuki\/wp-content\/uploads\/2021\/11\/ssl-salaus-ei-suojattu.jpg 359w, https:\/\/www.zoner.fi\/tuki\/wp-content\/uploads\/2021\/11\/ssl-salaus-ei-suojattu-300x179.jpg 300w\" sizes=\"auto, (max-width: 359px) 100vw, 359px\" \/><\/figure>\n\n\n\n<p>T\u00e4m\u00e4n kaltaisissa tilanteissa, jokin elementti sivuston koodissa yritet\u00e4\u00e4n ladata viel\u00e4 https:\/\/ protokollalla, jolloin selain varoittaa k\u00e4vij\u00e4lle, ettei koko sivun sis\u00e4lt\u00f6 ole suojattu. L\u00f6yd\u00e4t usein syyllisen tiedoston helposti selaamalla sivun l\u00e4hdekoodia ja hakemalla https:\/\/ termill\u00e4.<\/p>\n\n\n\n<p>Kun kaikki elementit ovat korjattu k\u00e4ytt\u00e4m\u00e4\u00e4n https:\/\/ protokollaa, saat vihre\u00e4n lukkokuvakkeen selaimen osoiteriville.<\/p>\n","protected":false},"excerpt":{"rendered":"<p>T\u00e4ss\u00e4 ohjeessa k\u00e4ymme l\u00e4pi vaihe vaiheelta, kuinka WordPress-sivuston saa hy\u00f6dynt\u00e4m\u00e4\u00e4n salattua yhteytt\u00e4 tai, kuinka saat korjattua yhteys ei ole suojattu -virheilmoituksen.<\/p>\n","protected":false},"author":1,"featured_media":0,"parent":740,"menu_order":42,"comment_status":"closed","ping_status":"closed","template":"","meta":{"_relevanssi_hide_post":"","_relevanssi_hide_content":"","_relevanssi_pin_for_all":"","_relevanssi_pin_keywords":"","_relevanssi_unpin_keywords":"","_relevanssi_related_keywords":"","_relevanssi_related_include_ids":"","_relevanssi_related_exclude_ids":"","_relevanssi_related_no_append":"","_relevanssi_related_not_related":"","_relevanssi_related_posts":"1066,1076,1063","_relevanssi_noindex_reason":"","footnotes":""},"categories":[72],"tags":[100],"wf_page_folders":[],"class_list":{"0":"post-745","1":"page","2":"type-page","3":"status-publish","5":"category-wordpress","6":"tag-wordpressin-perusohjeet"},"_links":{"self":[{"href":"https:\/\/www.zoner.fi\/tuki\/wp-json\/wp\/v2\/pages\/745","targetHints":{"allow":["GET"]}}],"collection":[{"href":"https:\/\/www.zoner.fi\/tuki\/wp-json\/wp\/v2\/pages"}],"about":[{"href":"https:\/\/www.zoner.fi\/tuki\/wp-json\/wp\/v2\/types\/page"}],"author":[{"embeddable":true,"href":"https:\/\/www.zoner.fi\/tuki\/wp-json\/wp\/v2\/users\/1"}],"replies":[{"embeddable":true,"href":"https:\/\/www.zoner.fi\/tuki\/wp-json\/wp\/v2\/comments?post=745"}],"version-history":[{"count":6,"href":"https:\/\/www.zoner.fi\/tuki\/wp-json\/wp\/v2\/pages\/745\/revisions"}],"predecessor-version":[{"id":131378,"href":"https:\/\/www.zoner.fi\/tuki\/wp-json\/wp\/v2\/pages\/745\/revisions\/131378"}],"up":[{"embeddable":true,"href":"https:\/\/www.zoner.fi\/tuki\/wp-json\/wp\/v2\/pages\/740"}],"wp:attachment":[{"href":"https:\/\/www.zoner.fi\/tuki\/wp-json\/wp\/v2\/media?parent=745"}],"wp:term":[{"taxonomy":"category","embeddable":true,"href":"https:\/\/www.zoner.fi\/tuki\/wp-json\/wp\/v2\/categories?post=745"},{"taxonomy":"post_tag","embeddable":true,"href":"https:\/\/www.zoner.fi\/tuki\/wp-json\/wp\/v2\/tags?post=745"},{"taxonomy":"wf_page_folders","embeddable":true,"href":"https:\/\/www.zoner.fi\/tuki\/wp-json\/wp\/v2\/wf_page_folders?post=745"}],"curies":[{"name":"wp","href":"https:\/\/api.w.org\/{rel}","templated":true}]}}