{"id":770,"date":"2020-04-02T16:17:00","date_gmt":"2020-04-02T13:17:00","guid":{"rendered":"https:\/\/www.zoner.fi\/tuki\/?page_id=770"},"modified":"2025-02-25T14:08:28","modified_gmt":"2025-02-25T12:08:28","slug":"miten-siirran-kotisivuni-wordpress-comista-webhotelliin","status":"publish","type":"page","link":"https:\/\/www.zoner.fi\/tuki\/wordpress\/miten-siirran-kotisivuni-wordpress-comista-webhotelliin\/","title":{"rendered":"WordPress.com kotisivujen siirto webhotelliin"},"content":{"rendered":"\n<p><em>Ohje tarkistettu: 13.9.2021<\/em><\/p>\n\n\n\n<p>T\u00e4ss\u00e4 kirjoituksessa ohjeistamme, kuinka WordPress.com palvelusta luodut kotisivut saa siirretty\u00e4 omaan palvelintilaan asennettavaan <a href=\"https:\/\/www.zoner.fi\/wordpress\/\">WordPress webhotelli<\/a> -versioon.<\/p>\n\n\n\n<h2 class=\"wp-block-heading\">Sis\u00e4lt\u00f6jen siirto WordPress-versioiden v\u00e4lill\u00e4<\/h2>\n\n\n\n<p>Usein WordPress.com palvelun rajoitusten takia, on tarve siirty\u00e4 k\u00e4ytt\u00e4m\u00e4\u00e4n omaan palvelintilaan asennettavaa WP-versiota. Koska j\u00e4rjestelm\u00e4t ovat l\u00e4ht\u00f6kohtaisesti samaa ohjelmistoa, on vaihdos mahdollinen, joskin vaatii pient\u00e4 ty\u00f6t\u00e4.<\/p>\n\n\n\n<h3 class=\"wp-block-heading\">Kaksi eri versiota: WordPress.com ja WordPress.org<\/h3>\n\n\n\n<p>Alkuun lienee hyv\u00e4 selvent\u00e4\u00e4, ett\u00e4 WordPress julkaisuj\u00e4rjestelm\u00e4st\u00e4 on olemassa kaksikin versiota, joka voi helposti tuntua alkuun h\u00e4mment\u00e4v\u00e4lt\u00e4. Vaihtoehtoina on kaupallinen, kotisivukonemainen, WordPress.com sek\u00e4 ilmainen omaan palvelintilaan asennettava niin sanottu WordPress.org -versio. Lue tarkemmin&nbsp;<a href=\"https:\/\/www.zoner.fi\/wordpress\/wordpress-com-wordpress-org\/\">WordPress.org ja WordPress.com<\/a>&nbsp;-versioiden eroista.<\/p>\n\n\n\n<p>my\u00f6s sivuston osoite, josta julkaisuj\u00e4rjestelm\u00e4n viralliset kotisivut, ohjeet, k\u00e4\u00e4nn\u00f6kset, keskustelufoorumit ja erilaiset ladattavat tiedostot l\u00f6ytyv\u00e4t.<\/p>\n\n\n\n<h2 class=\"wp-block-heading\">WordPress.com-sivuston siirto<\/h2>\n\n\n\n<p>Alkuun on t\u00e4rke\u00e4 huomioida, ett\u00e4 asennettuja lis\u00e4osia ja ulkoasuteemoja ei voi siirt\u00e4\u00e4, eli sivusto ei siirry sellaisenaan. Pystyt kuitenkin siirt\u00e4m\u00e4\u00e4n kaikki tuottamasi sis\u00e4ll\u00f6t, kuten artikkelit ja sis\u00e4lt\u00f6sivut WordPressin sis\u00e4\u00e4nrakennettujen tuo\/vie -ominaisuuksien avulla.<\/p>\n\n\n\n<p>Seuraavat kohdat ohjeistavat, kuinka siirto onnistuu.<\/p>\n\n\n\n<h3 class=\"wp-block-heading\">1. Asenna uusi WordPress-asennus<\/h3>\n\n\n\n<p>Alkuun tarvitset siis uuden WordPress-asennuksen.<\/p>\n\n\n\n<p>Mik\u00e4li tilaat <a href=\"https:\/\/www.zoner.fi\/wordpress\/wp-one\/\">WordPress-hosting<\/a> WP.one-palvelun, hoidamme asennuksen sek\u00e4 sis\u00e4lt\u00f6jen siirron (vaihe 3.) puolestasi.<\/p>\n\n\n\n<p>Webhotelleissamme taas asennus onnistuu helposti hallintapaneelista l\u00f6ytyv\u00e4n asennusohjelman avulla. T\u00e4\u00e4lt\u00e4 l\u00f6yd\u00e4t ohjeen\u00a0<a href=\"https:\/\/www.zoner.fi\/tuki\/wordpress\/miten-wordpress-asennus-onnistuu\/\">WordPress-julkaisuj\u00e4rjestelm\u00e4n asentamiseen<\/a>.<\/p>\n\n\n\n<p>Mik\u00e4li sinulla ei viel\u00e4 ole webhotellia, l\u00f6yd\u00e4t vaihtoehtomme t\u00e4\u00e4lt\u00e4:<br><a href=\"https:\/\/www.zoner.fi\/webhotellit\/\">https:\/\/www.zoner.fi\/webhotellit\/<\/a><\/p>\n\n\n\n<h3 class=\"wp-block-heading\">2. Asenna haluamasi ulkoasuteema ja lis\u00e4osat<\/h3>\n\n\n\n<p>Seuraavaksi asenna k\u00e4ytt\u00f6\u00f6si haluamasi ulkoasuteemat ja lis\u00e4osat. Voit hy\u00f6dynt\u00e4\u00e4 t\u00e4h\u00e4n esimerkiksi suoraan julkaisuj\u00e4rjestelm\u00e4n sis\u00e4lt\u00e4 l\u00f6ytyv\u00e4\u00e4 WordPress.org pankkia, josta voit hakea ja asentaa tuhansia teemoja, samaan tapaan kuin WordPress.com palvelussakin. Uutena ominaisuutena voit my\u00f6s asentaa muita kaupallisia lis\u00e4osia ja ulkoasuteemoja, joita voit ostaa ja ladata useilta eri myyntisivustoilta.<\/p>\n\n\n\n<p>M\u00e4\u00e4rit\u00e4 my\u00f6s muut WordPress-asetukset t\u00e4ss\u00e4 vaiheessa haluamaasi pisteeseen.<\/p>\n\n\n\n<h3 class=\"wp-block-heading\">3. Hae nykyiset sis\u00e4lt\u00f6si WordPress.com palvelusta<\/h3>\n\n\n\n<p>Seuraavaksi haetaan sis\u00e4lt\u00f6 vanhasta palvelusta talteen omalle koneelle.<br>Kirjaudu oman sivustosi hallintapaneeliin ja valitse osio Ty\u00f6kalut -&gt; Vie.<\/p>\n\n\n\n<figure class=\"wp-block-image size-full\"><img loading=\"lazy\" decoding=\"async\" width=\"317\" height=\"188\" src=\"https:\/\/www.zoner.fi\/tuki\/wp-content\/uploads\/2021\/11\/wordpress-vie.jpg\" alt=\"\" class=\"wp-image-777\" srcset=\"https:\/\/www.zoner.fi\/tuki\/wp-content\/uploads\/2021\/11\/wordpress-vie.jpg 317w, https:\/\/www.zoner.fi\/tuki\/wp-content\/uploads\/2021\/11\/wordpress-vie-300x178.jpg 300w\" sizes=\"auto, (max-width: 317px) 100vw, 317px\" \/><\/figure>\n\n\n\n<p>WordPress.com tarjoaa kahta erilaista mahdollisuutta siirrolle. Maksullista siirtoa heid\u00e4n toimestaan rajattujen palveluntarjoajien yll\u00e4pitoon sek\u00e4 ilmaista siirtomahdollisuutta. Valitse n\u00e4ist\u00e4 ilmainen, eli Free ja Start Export.<\/p>\n\n\n\n<figure class=\"wp-block-image size-full\"><img loading=\"lazy\" decoding=\"async\" width=\"576\" height=\"368\" src=\"https:\/\/www.zoner.fi\/tuki\/wp-content\/uploads\/2021\/11\/start-export.jpg\" alt=\"\" class=\"wp-image-778\" srcset=\"https:\/\/www.zoner.fi\/tuki\/wp-content\/uploads\/2021\/11\/start-export.jpg 576w, https:\/\/www.zoner.fi\/tuki\/wp-content\/uploads\/2021\/11\/start-export-300x192.jpg 300w\" sizes=\"auto, (max-width: 576px) 100vw, 576px\" \/><\/figure>\n\n\n\n<p>Nyt ohjelma pyyt\u00e4\u00e4 sinua valitsemaan kaikki sis\u00e4ll\u00f6t, jotka haluat sis\u00e4llytt\u00e4\u00e4 vientitiedostoon. Valitse l\u00e4ht\u00f6kohtaisesti Kaikki sis\u00e4lt\u00f6 ja paina Lataa vientitiedosto.<\/p>\n\n\n\n<figure class=\"wp-block-image size-full\"><img loading=\"lazy\" decoding=\"async\" width=\"674\" height=\"390\" src=\"https:\/\/www.zoner.fi\/tuki\/wp-content\/uploads\/2021\/11\/lataa-vientitiedosto.jpg\" alt=\"\" class=\"wp-image-781\" srcset=\"https:\/\/www.zoner.fi\/tuki\/wp-content\/uploads\/2021\/11\/lataa-vientitiedosto.jpg 674w, https:\/\/www.zoner.fi\/tuki\/wp-content\/uploads\/2021\/11\/lataa-vientitiedosto-300x174.jpg 300w\" sizes=\"auto, (max-width: 674px) 100vw, 674px\" \/><\/figure>\n\n\n\n<p>Nyt sinun pit\u00e4isi saada koneellesi xml-muotoinen tiedosto, joka sis\u00e4lt\u00e4\u00e4 sivustosi sis\u00e4ll\u00f6n.<\/p>\n\n\n\n<h3 class=\"wp-block-heading\">4. Vie XML-tiedosto uuteen WordPress-asennukseesi<\/h3>\n\n\n\n<p>Kirjaudu alkuun uuden WordPress-asennuksesi hallintapaneeliin ja valitse osio Ty\u00f6kalut -&gt; Tuo.<\/p>\n\n\n\n<figure class=\"wp-block-image size-full\"><img loading=\"lazy\" decoding=\"async\" width=\"320\" height=\"156\" src=\"https:\/\/www.zoner.fi\/tuki\/wp-content\/uploads\/2021\/11\/wordpress-tuo.jpg\" alt=\"\" class=\"wp-image-784\" srcset=\"https:\/\/www.zoner.fi\/tuki\/wp-content\/uploads\/2021\/11\/wordpress-tuo.jpg 320w, https:\/\/www.zoner.fi\/tuki\/wp-content\/uploads\/2021\/11\/wordpress-tuo-300x146.jpg 300w\" sizes=\"auto, (max-width: 320px) 100vw, 320px\" \/><\/figure>\n\n\n\n<p>Seuraavaksi valitaan mist\u00e4 l\u00e4hteest\u00e4 tuotava aineisto on. Valitse WordPress ja sen alta asenna nyt, mik\u00e4li olet ensimm\u00e4ist\u00e4 kertaa tuomassa aineistoa t\u00e4h\u00e4n asennukseen.<\/p>\n\n\n\n<figure class=\"wp-block-image size-full\"><img loading=\"lazy\" decoding=\"async\" width=\"735\" height=\"90\" src=\"https:\/\/www.zoner.fi\/tuki\/wp-content\/uploads\/2021\/11\/wordpress-asenna-nyt.jpg\" alt=\"\" class=\"wp-image-785\" srcset=\"https:\/\/www.zoner.fi\/tuki\/wp-content\/uploads\/2021\/11\/wordpress-asenna-nyt.jpg 735w, https:\/\/www.zoner.fi\/tuki\/wp-content\/uploads\/2021\/11\/wordpress-asenna-nyt-300x37.jpg 300w\" sizes=\"auto, (max-width: 735px) 100vw, 735px\" \/><\/figure>\n\n\n\n<p>Ohjelma pyyt\u00e4\u00e4 asentamaan alkuun toiminnon, joka mahdollistaa tuonnin. T\u00e4m\u00e4n j\u00e4lkeen p\u00e4\u00e4set eteenp\u00e4in valitsemalla K\u00e4ynnist\u00e4 tuontity\u00f6kalu.<\/p>\n\n\n\n<figure class=\"wp-block-image size-full\"><img loading=\"lazy\" decoding=\"async\" width=\"735\" height=\"90\" src=\"https:\/\/www.zoner.fi\/tuki\/wp-content\/uploads\/2021\/11\/wordpress-kaynnista.jpg\" alt=\"\" class=\"wp-image-786\" srcset=\"https:\/\/www.zoner.fi\/tuki\/wp-content\/uploads\/2021\/11\/wordpress-kaynnista.jpg 735w, https:\/\/www.zoner.fi\/tuki\/wp-content\/uploads\/2021\/11\/wordpress-kaynnista-300x37.jpg 300w\" sizes=\"auto, (max-width: 735px) 100vw, 735px\" \/><\/figure>\n\n\n\n<p>Seuraavaksi p\u00e4\u00e4set valitsemaan ja tuomaan aiemmin lataamasi xml-tiedoston asennukseen. Valitse alkuun Selaa -painike, etsi ladattu tiedosto omalta koneeltasi ja valitse Tuo tiedosto.<\/p>\n\n\n\n<figure class=\"wp-block-image size-full\"><img loading=\"lazy\" decoding=\"async\" width=\"656\" height=\"160\" src=\"https:\/\/www.zoner.fi\/tuki\/wp-content\/uploads\/2021\/11\/valitse-wxr-tiedosto.jpg\" alt=\"\" class=\"wp-image-789\" srcset=\"https:\/\/www.zoner.fi\/tuki\/wp-content\/uploads\/2021\/11\/valitse-wxr-tiedosto.jpg 656w, https:\/\/www.zoner.fi\/tuki\/wp-content\/uploads\/2021\/11\/valitse-wxr-tiedosto-300x73.jpg 300w\" sizes=\"auto, (max-width: 656px) 100vw, 656px\" \/><\/figure>\n\n\n\n<p>Sinun tulee viel\u00e4 m\u00e4\u00e4ritt\u00e4\u00e4 mink\u00e4 uuden asennuksen k\u00e4ytt\u00e4j\u00e4tunnuksen alle, vanhat tuotavat kirjoitukset m\u00e4\u00e4ritet\u00e4\u00e4n. Voit m\u00e4\u00e4ritt\u00e4\u00e4 uuden luotavan k\u00e4ytt\u00e4j\u00e4n tai valita pudotusvalikosta jo olemassa oleva k\u00e4ytt\u00e4j\u00e4tunnus.<\/p>\n\n\n\n<p>Lopuksi valitaan kohdasta Tuo liitteet, haluatko, ett\u00e4 asennus lataa my\u00f6s kirjoitusten ja sivujen yhteydess\u00e4 olevat mediatiedostot uuteen asennukseen.<\/p>\n\n\n\n<figure class=\"wp-block-image size-full\"><img loading=\"lazy\" decoding=\"async\" width=\"456\" height=\"240\" src=\"https:\/\/www.zoner.fi\/tuki\/wp-content\/uploads\/2021\/11\/tuo-kirjoittaja.jpg\" alt=\"\" class=\"wp-image-790\" srcset=\"https:\/\/www.zoner.fi\/tuki\/wp-content\/uploads\/2021\/11\/tuo-kirjoittaja.jpg 456w, https:\/\/www.zoner.fi\/tuki\/wp-content\/uploads\/2021\/11\/tuo-kirjoittaja-300x158.jpg 300w\" sizes=\"auto, (max-width: 456px) 100vw, 456px\" \/><\/figure>\n\n\n\n<p>Latauksessa voi kest\u00e4\u00e4 jonkin aikaa, jonka j\u00e4lkeen saat n\u00e4kyviisi onnistumisesta ilmoituksen.<\/p>\n\n\n\n<figure class=\"wp-block-image size-full\"><img loading=\"lazy\" decoding=\"async\" width=\"382\" height=\"178\" src=\"https:\/\/www.zoner.fi\/tuki\/wp-content\/uploads\/2021\/11\/wordpress-tuonti.jpg\" alt=\"\" class=\"wp-image-791\" srcset=\"https:\/\/www.zoner.fi\/tuki\/wp-content\/uploads\/2021\/11\/wordpress-tuonti.jpg 382w, https:\/\/www.zoner.fi\/tuki\/wp-content\/uploads\/2021\/11\/wordpress-tuonti-300x140.jpg 300w\" sizes=\"auto, (max-width: 382px) 100vw, 382px\" \/><\/figure>\n\n\n\n<p>Nyt sis\u00e4lt\u00f6jen pit\u00e4isi olla tuotuna uuteen asennukseen. Muista kuitenkin tarkistaa sivuston toiminta huolellisesti l\u00e4pi.<\/p>\n","protected":false},"excerpt":{"rendered":"<p>T\u00e4ss\u00e4 kirjoituksessa ohjeistamme, kuinka WordPress.com palvelusta luodut kotisivut saa siirretty\u00e4 omaan palvelintilaan, eli useimmiten webhotelliin, asennettavaan WordPress-versioon.<\/p>\n","protected":false},"author":1,"featured_media":0,"parent":740,"menu_order":50,"comment_status":"closed","ping_status":"closed","template":"","meta":{"_relevanssi_hide_post":"","_relevanssi_hide_content":"","_relevanssi_pin_for_all":"","_relevanssi_pin_keywords":"","_relevanssi_unpin_keywords":"","_relevanssi_related_keywords":"","_relevanssi_related_include_ids":"","_relevanssi_related_exclude_ids":"","_relevanssi_related_no_append":"","_relevanssi_related_not_related":"","_relevanssi_related_posts":"1066,1063,1076","_relevanssi_noindex_reason":"","footnotes":""},"categories":[72],"tags":[95,100],"wf_page_folders":[],"class_list":{"0":"post-770","1":"page","2":"type-page","3":"status-publish","5":"category-wordpress","6":"tag-ohjelmistot","7":"tag-wordpressin-perusohjeet"},"_links":{"self":[{"href":"https:\/\/www.zoner.fi\/tuki\/wp-json\/wp\/v2\/pages\/770","targetHints":{"allow":["GET"]}}],"collection":[{"href":"https:\/\/www.zoner.fi\/tuki\/wp-json\/wp\/v2\/pages"}],"about":[{"href":"https:\/\/www.zoner.fi\/tuki\/wp-json\/wp\/v2\/types\/page"}],"author":[{"embeddable":true,"href":"https:\/\/www.zoner.fi\/tuki\/wp-json\/wp\/v2\/users\/1"}],"replies":[{"embeddable":true,"href":"https:\/\/www.zoner.fi\/tuki\/wp-json\/wp\/v2\/comments?post=770"}],"version-history":[{"count":7,"href":"https:\/\/www.zoner.fi\/tuki\/wp-json\/wp\/v2\/pages\/770\/revisions"}],"predecessor-version":[{"id":135443,"href":"https:\/\/www.zoner.fi\/tuki\/wp-json\/wp\/v2\/pages\/770\/revisions\/135443"}],"up":[{"embeddable":true,"href":"https:\/\/www.zoner.fi\/tuki\/wp-json\/wp\/v2\/pages\/740"}],"wp:attachment":[{"href":"https:\/\/www.zoner.fi\/tuki\/wp-json\/wp\/v2\/media?parent=770"}],"wp:term":[{"taxonomy":"category","embeddable":true,"href":"https:\/\/www.zoner.fi\/tuki\/wp-json\/wp\/v2\/categories?post=770"},{"taxonomy":"post_tag","embeddable":true,"href":"https:\/\/www.zoner.fi\/tuki\/wp-json\/wp\/v2\/tags?post=770"},{"taxonomy":"wf_page_folders","embeddable":true,"href":"https:\/\/www.zoner.fi\/tuki\/wp-json\/wp\/v2\/wf_page_folders?post=770"}],"curies":[{"name":"wp","href":"https:\/\/api.w.org\/{rel}","templated":true}]}}