{"id":866,"date":"2016-01-26T16:49:00","date_gmt":"2016-01-26T14:49:00","guid":{"rendered":"https:\/\/www.zoner.fi\/tuki\/?page_id=866"},"modified":"2024-01-04T11:16:14","modified_gmt":"2024-01-04T09:16:14","slug":"miten-asennan-wordpress-multisiten","status":"publish","type":"page","link":"https:\/\/www.zoner.fi\/tuki\/wordpress\/miten-asennan-wordpress-multisiten\/","title":{"rendered":"Miten asennan WordPress-multisiten?"},"content":{"rendered":"\n<p><em>Ohje tarkistettu: 5.12.2019<\/em><\/p>\n\n\n\n<p>Oletko aina halunnut hallita useita eri sivustoja keskitetysti yhden <a href=\"https:\/\/www.zoner.fi\/wordpress\/\" data-type=\"page\">WordPress<\/a>-asennuksen kautta? Tai vaikkapa halunnut toteuttaa palvelun, jossa sen yksitt\u00e4iset k\u00e4ytt\u00e4j\u00e4t saavat luotua omia sivustojaan? <a href=\"https:\/\/www.zoner.fi\/wordpress\/wordpress-multisite\/\">WordPress multisite<\/a> -toiminnon avulla t\u00e4m\u00e4 onnistuu.<\/p>\n\n\n\n<h2 class=\"wp-block-heading\">WP multisite -asennus webhotellissa<\/h2>\n\n\n\n<p><strong>WordPress multisite kansiorakenteella<\/strong><br>L\u00e4ht\u00f6kohtaisesti WordPress multisite -asennus on mahdollista toteuttaa joko alidomainrakenteella tai kansiorakenteella. T\u00e4ss\u00e4 ohjeessa k\u00e4sittelemme vain kansiorakenteella toimivaa multisitea.<\/p>\n\n\n\n<p><a href=\"https:\/\/www.zoner.fi\/webhotellit\/\">Webhotelleistamme<\/a>&nbsp;l\u00f6ytyv\u00e4 Installatron-asennusohjelma, tarjoaa vain kansiorakenteisen WP multisiten k\u00e4ytt\u00f6\u00f6nottoa.<\/p>\n\n\n\n<h3 class=\"wp-block-heading\">Mik\u00e4li et viel\u00e4 ole asentanut WordPressi\u00e4<\/h3>\n\n\n\n<p>Jos et viel\u00e4 ole asentanut k\u00e4ytt\u00f6\u00f6si lainkaan WordPress-julkaisuj\u00e4rjestelm\u00e4\u00e4, suosittelemme k\u00e4ytt\u00e4m\u00e4\u00e4n asennuksessa Installatron-asennusohjelmaa. Se kysyy osana asennusta, haluatko ottaa multisite toiminnon k\u00e4ytt\u00f6\u00f6si.<\/p>\n\n\n\n<figure class=\"wp-block-image size-full\"><img loading=\"lazy\" decoding=\"async\" width=\"484\" height=\"124\" src=\"https:\/\/www.zoner.fi\/tuki\/wp-content\/uploads\/2021\/11\/wordpress-multisite-asentaminen.jpg\" alt=\"\" class=\"wp-image-872\" srcset=\"https:\/\/www.zoner.fi\/tuki\/wp-content\/uploads\/2021\/11\/wordpress-multisite-asentaminen.jpg 484w, https:\/\/www.zoner.fi\/tuki\/wp-content\/uploads\/2021\/11\/wordpress-multisite-asentaminen-300x77.jpg 300w\" sizes=\"auto, (max-width: 484px) 100vw, 484px\" \/><\/figure>\n\n\n\n<p>Katso my\u00f6s tarvittaessa&nbsp;<a href=\"https:\/\/www.zoner.fi\/tuki\/wordpress\/miten-wordpress-asennus-onnistuu\/\">WordPress-asennusohje<\/a> webhotellille.<\/p>\n\n\n\n<h3 class=\"wp-block-heading\">Mik\u00e4li sinulla on jo WordPress-asennus<\/h3>\n\n\n\n<p>Mik\u00e4li sinulla on jo toimiva WordPress-asennus, voit muuttaa sen koska tahansa tavallisesta asennuksesta multisite-asennukseksi.<\/p>\n\n\n\n<p>Ennen muutosta, on hyv\u00e4 kuitenkin ottaa t\u00e4ydellinen varmuuskopio asennuksestasi ja ottaa kaikki mahdolliset lis\u00e4osat pois p\u00e4\u00e4lt\u00e4. N\u00e4m\u00e4 voi aktivoida uudelleen p\u00e4\u00e4lle multisite-verkoston luonnin j\u00e4lkeen.<\/p>\n\n\n\n<p><strong>Vaihe 1 \u2013 Muokkaa wp-config.php-tiedostoa<\/strong><\/p>\n\n\n\n<p>Itse muutos onnistuu lis\u00e4\u00e4m\u00e4ll\u00e4 alkuper\u00e4isen WordPress-asennuksesi wp-config.php-tiedostoon seuraavan rivin:<\/p>\n\n\n\n<pre class=\"wp-block-code\"><code>define('WP_ALLOW_MULTISITE', true );<\/code><\/pre>\n\n\n\n<p><strong>Vaihe 2 \u2013 kirjaudu WordPress-asennuksen hallintapaneeliin<\/strong><\/p>\n\n\n\n<p>P\u00e4ivit\u00e4 seuraavaksi selain tai tyhjenn\u00e4 selainmuisti kokonaan, jonka j\u00e4lkeen WordPress-sivustosi ty\u00f6kalut-valikon alta l\u00f6ytyy uusi osio nimelt\u00e4 verkon asennus.<\/p>\n\n\n\n<figure class=\"wp-block-image size-full\"><img loading=\"lazy\" decoding=\"async\" width=\"609\" height=\"230\" src=\"https:\/\/www.zoner.fi\/tuki\/wp-content\/uploads\/2021\/11\/wordpress-multisite-verkon-asennus.jpg\" alt=\"\" class=\"wp-image-875\" srcset=\"https:\/\/www.zoner.fi\/tuki\/wp-content\/uploads\/2021\/11\/wordpress-multisite-verkon-asennus.jpg 609w, https:\/\/www.zoner.fi\/tuki\/wp-content\/uploads\/2021\/11\/wordpress-multisite-verkon-asennus-300x113.jpg 300w\" sizes=\"auto, (max-width: 609px) 100vw, 609px\" \/><\/figure>\n\n\n\n<p>Seuraavalla n\u00e4kym\u00e4ll\u00e4 valitaan, mink\u00e4laista hakemistorakennetta luotavassa verkostossa k\u00e4ytet\u00e4\u00e4n. Valitse alihakemistot.<\/p>\n\n\n\n<figure class=\"wp-block-image size-full\"><img loading=\"lazy\" decoding=\"async\" width=\"931\" height=\"244\" src=\"https:\/\/www.zoner.fi\/tuki\/wp-content\/uploads\/2021\/11\/wordpress-multisite-hakemistorakenne.jpg\" alt=\"\" class=\"wp-image-878\" srcset=\"https:\/\/www.zoner.fi\/tuki\/wp-content\/uploads\/2021\/11\/wordpress-multisite-hakemistorakenne.jpg 931w, https:\/\/www.zoner.fi\/tuki\/wp-content\/uploads\/2021\/11\/wordpress-multisite-hakemistorakenne-300x79.jpg 300w, https:\/\/www.zoner.fi\/tuki\/wp-content\/uploads\/2021\/11\/wordpress-multisite-hakemistorakenne-768x201.jpg 768w\" sizes=\"auto, (max-width: 931px) 100vw, 931px\" \/><\/figure>\n\n\n\n<p>M\u00e4\u00e4rit\u00e4 viel\u00e4 lopuksi verkoston nimi ja yll\u00e4pit\u00e4j\u00e4n s\u00e4hk\u00f6postiosoite ja paina asenna. Saat t\u00e4m\u00e4n j\u00e4lkeen eteesi lis\u00e4\u00e4 ohjeita.<\/p>\n\n\n\n<p><strong>Vaihe 3 \u2013 muokkaa wp-config.php-tiedostoa<\/strong><\/p>\n\n\n\n<p>Kopioi aluksi saamasi ohjeen mukaiset rivit wp-config.php-tiedostoosi<\/p>\n\n\n\n<figure class=\"wp-block-image size-full\"><img loading=\"lazy\" decoding=\"async\" width=\"905\" height=\"228\" src=\"https:\/\/www.zoner.fi\/tuki\/wp-content\/uploads\/2021\/11\/wp-multisite-wp-config-php.jpg\" alt=\"\" class=\"wp-image-880\" srcset=\"https:\/\/www.zoner.fi\/tuki\/wp-content\/uploads\/2021\/11\/wp-multisite-wp-config-php.jpg 905w, https:\/\/www.zoner.fi\/tuki\/wp-content\/uploads\/2021\/11\/wp-multisite-wp-config-php-300x76.jpg 300w, https:\/\/www.zoner.fi\/tuki\/wp-content\/uploads\/2021\/11\/wp-multisite-wp-config-php-768x193.jpg 768w\" sizes=\"auto, (max-width: 905px) 100vw, 905px\" \/><\/figure>\n\n\n\n<p><strong>Vaihe 4 \u2013 muokkaa .htaccess-tiedostoa<\/strong><\/p>\n\n\n\n<p>Muokkaa seuraavaksi WordPress-asennuksen kansiosta l\u00f6ytyv\u00e4\u00e4 .htaccess-tiedostoa ohjeen mukaisesti<\/p>\n\n\n\n<figure class=\"wp-block-image size-full\"><img loading=\"lazy\" decoding=\"async\" width=\"872\" height=\"374\" src=\"https:\/\/www.zoner.fi\/tuki\/wp-content\/uploads\/2021\/11\/wp-multisite-htaccess-tiedosto.jpg\" alt=\"\" class=\"wp-image-881\" srcset=\"https:\/\/www.zoner.fi\/tuki\/wp-content\/uploads\/2021\/11\/wp-multisite-htaccess-tiedosto.jpg 872w, https:\/\/www.zoner.fi\/tuki\/wp-content\/uploads\/2021\/11\/wp-multisite-htaccess-tiedosto-300x129.jpg 300w, https:\/\/www.zoner.fi\/tuki\/wp-content\/uploads\/2021\/11\/wp-multisite-htaccess-tiedosto-768x329.jpg 768w\" sizes=\"auto, (max-width: 872px) 100vw, 872px\" \/><\/figure>\n\n\n\n<p><strong>Vaihe 5 \u2013 kirjaudu WordPress-asennuksen hallintapaneeliin<\/strong><\/p>\n\n\n\n<p>Kun muokkaukset tiedostoihin ovat tehty, kirjaudu uudelleen WordPress-asennuksesi hallintapaneeliin. L\u00f6yd\u00e4t yl\u00e4vasemmalta osion, josta p\u00e4\u00e4set hallinnoimaan uutta verkostoasi.<\/p>\n\n\n\n<figure class=\"wp-block-image size-full\"><img loading=\"lazy\" decoding=\"async\" width=\"603\" height=\"244\" src=\"https:\/\/www.zoner.fi\/tuki\/wp-content\/uploads\/2021\/11\/wordpress-multisite-asennus.jpg\" alt=\"\" class=\"wp-image-882\" srcset=\"https:\/\/www.zoner.fi\/tuki\/wp-content\/uploads\/2021\/11\/wordpress-multisite-asennus.jpg 603w, https:\/\/www.zoner.fi\/tuki\/wp-content\/uploads\/2021\/11\/wordpress-multisite-asennus-300x121.jpg 300w\" sizes=\"auto, (max-width: 603px) 100vw, 603px\" \/><\/figure>\n\n\n\n<h3 class=\"wp-block-heading\">WordPress multisite useilla eri verkkotunnuksilla<\/h3>\n\n\n\n<p>WordPress multisite antaa mahdollisuuden k\u00e4ytt\u00e4\u00e4 luotuja sivustoja my\u00f6s t\u00e4ysin erillisill\u00e4 verkkotunnuksilla. T\u00e4m\u00e4 mahdollistetaan luomalla domainpointereita, eli pointataan haluttu <a href=\"https:\/\/www.zoner.fi\/verkkotunnus\/\">verkkotunnus<\/a> ohjautumaan oikean sivuston kansiorakenteeseen.<\/p>\n\n\n\n<p>Huomioithan, ett\u00e4 webhotellipalvelluissamme halutut domainit t\u00e4ytyy tilata lis\u00e4verkkotunnuksina palveluun ja m\u00e4\u00e4ritt\u00e4\u00e4 domainpointereiksi asiakaspalvelumme toimesta.<\/p>\n\n\n\n<p>Domainpointereina lis\u00e4tyill\u00e4 domaineilla, ei my\u00f6sk\u00e4\u00e4n ole mahdollisuutta k\u00e4ytt\u00e4\u00e4 s\u00e4hk\u00f6posteja saman webhotellin kautta.<\/p>\n","protected":false},"excerpt":{"rendered":"<p>Oletko aina halunnut hallita useita eri sivustoja keskitetysti yhden WordPress-asennuksen kautta? Tai vaikkapa halunnut toteuttaa palvelun, jossa sen yksitt\u00e4iset k\u00e4ytt\u00e4j\u00e4t saavat luotua omia sivustojaan? WordPress multisite -asennuksen avulla t\u00e4m\u00e4 onnistuu.<\/p>\n","protected":false},"author":1,"featured_media":0,"parent":740,"menu_order":46,"comment_status":"closed","ping_status":"closed","template":"","meta":{"_relevanssi_hide_post":"","_relevanssi_hide_content":"","_relevanssi_pin_for_all":"","_relevanssi_pin_keywords":"","_relevanssi_unpin_keywords":"","_relevanssi_related_keywords":"","_relevanssi_related_include_ids":"","_relevanssi_related_exclude_ids":"","_relevanssi_related_no_append":"","_relevanssi_related_not_related":"","_relevanssi_related_posts":"1066,1063,1076","_relevanssi_noindex_reason":"","footnotes":""},"categories":[72],"tags":[102],"wf_page_folders":[],"class_list":{"0":"post-866","1":"page","2":"type-page","3":"status-publish","5":"category-wordpress","6":"tag-wordpress-sivuston-laajentaminen"},"_links":{"self":[{"href":"https:\/\/www.zoner.fi\/tuki\/wp-json\/wp\/v2\/pages\/866","targetHints":{"allow":["GET"]}}],"collection":[{"href":"https:\/\/www.zoner.fi\/tuki\/wp-json\/wp\/v2\/pages"}],"about":[{"href":"https:\/\/www.zoner.fi\/tuki\/wp-json\/wp\/v2\/types\/page"}],"author":[{"embeddable":true,"href":"https:\/\/www.zoner.fi\/tuki\/wp-json\/wp\/v2\/users\/1"}],"replies":[{"embeddable":true,"href":"https:\/\/www.zoner.fi\/tuki\/wp-json\/wp\/v2\/comments?post=866"}],"version-history":[{"count":8,"href":"https:\/\/www.zoner.fi\/tuki\/wp-json\/wp\/v2\/pages\/866\/revisions"}],"predecessor-version":[{"id":131494,"href":"https:\/\/www.zoner.fi\/tuki\/wp-json\/wp\/v2\/pages\/866\/revisions\/131494"}],"up":[{"embeddable":true,"href":"https:\/\/www.zoner.fi\/tuki\/wp-json\/wp\/v2\/pages\/740"}],"wp:attachment":[{"href":"https:\/\/www.zoner.fi\/tuki\/wp-json\/wp\/v2\/media?parent=866"}],"wp:term":[{"taxonomy":"category","embeddable":true,"href":"https:\/\/www.zoner.fi\/tuki\/wp-json\/wp\/v2\/categories?post=866"},{"taxonomy":"post_tag","embeddable":true,"href":"https:\/\/www.zoner.fi\/tuki\/wp-json\/wp\/v2\/tags?post=866"},{"taxonomy":"wf_page_folders","embeddable":true,"href":"https:\/\/www.zoner.fi\/tuki\/wp-json\/wp\/v2\/wf_page_folders?post=866"}],"curies":[{"name":"wp","href":"https:\/\/api.w.org\/{rel}","templated":true}]}}