{"id":886,"date":"2015-07-07T17:02:00","date_gmt":"2015-07-07T14:02:00","guid":{"rendered":"https:\/\/www.zoner.fi\/tuki\/?page_id=886"},"modified":"2023-11-15T13:11:58","modified_gmt":"2023-11-15T11:11:58","slug":"miten-ajastan-artikkelin-wordpress-sivustolla","status":"publish","type":"page","link":"https:\/\/www.zoner.fi\/tuki\/wordpress\/miten-ajastan-artikkelin-wordpress-sivustolla\/","title":{"rendered":"Miten ajastan artikkelin WordPress-sivustolla?"},"content":{"rendered":"\n<p><em>Ohje tarkistettu: 3.12.2019<\/em><\/p>\n\n\n\n<p>Kirjoitatko WordPress sivustollasi blogia, tai julkaisetko muuten vain ajankohtaisia uutisia \/ artikkeleja? Tiesitk\u00f6, ett\u00e4 <a href=\"https:\/\/www.zoner.fi\/wordpress\/\">WordPress <\/a>sis\u00e4lt\u00e4\u00e4 sis\u00e4\u00e4nrakennettuna fiksun ominaisuuden, jolla kirjoitusten julkaisuajankohdan voi automatisoida?<\/p>\n\n\n\n<p>T\u00e4ss\u00e4 kirjoituksessa k\u00e4ymme l\u00e4pi, kuinka uutisartikkelien ajastaminen WordPress julkaisuj\u00e4rjestelm\u00e4n hallintapaneelista onnistuu.<\/p>\n\n\n\n<h2 class=\"wp-block-heading\">Artikkelin ajastaminen WordPress-sivuilla<\/h2>\n\n\n\n<p><strong>Miksi artikkeleita kannattaa ylip\u00e4\u00e4ns\u00e4 ajastaa?<\/strong><\/p>\n\n\n\n<p>Varsinkin bloggaamisessa, on t\u00e4rke\u00e4\u00e4 s\u00e4ilytt\u00e4\u00e4 mahdollisimman yhten\u00e4inen p\u00e4ivitysv\u00e4li. N\u00e4in lukijat oppivat, koska seuraavaa kirjoitusta on lupa odottaa ja vierailevat s\u00e4\u00e4nn\u00f6llisemmin sivustollasi. Jatkuva tekstisis\u00e4ll\u00f6n tuottaminen voi joskus olla hieman tuskaista, jolloin luovimpina ajanjaksoina kannattaakin tuottaa hyvi\u00e4 kirjoituksia my\u00f6s varastoon \u2013 ja julkaista ne ajastuksen kanssa sopivin v\u00e4liajoin.<\/p>\n\n\n\n<p>Tiesitk\u00f6, ett\u00e4 t\u00e4m\u00e4kin artikkeli on ajastettu? Itseasiassa kaikki hein\u00e4kuussa julkaisemani artikkelit ovat ajastettuja, ja viet\u00e4n itse juuri lomaani kalastellen kaukana p\u00e4\u00e4telaitteista.<\/p>\n\n\n\n<p><strong>Kuinka WordPress artikkeli ajastetaan?<\/strong><\/p>\n\n\n\n<p>Artikkeli luodaan alkuun normaaliin tapaan WordPress hallinnan osiosta: Artikkelit \u2192 Lis\u00e4\u00e4 uusi<\/p>\n\n\n\n<p>Mik\u00e4li WordPress -asennuksesi on englanniksi, on haluttu osio siis: Posts \u2192 Add new<\/p>\n\n\n\n<figure class=\"wp-block-image size-full\"><img loading=\"lazy\" decoding=\"async\" width=\"450\" height=\"88\" src=\"https:\/\/www.zoner.fi\/tuki\/wp-content\/uploads\/2021\/11\/wordpress-artikkelin-ajastus.jpg\" alt=\"\" class=\"wp-image-891\" srcset=\"https:\/\/www.zoner.fi\/tuki\/wp-content\/uploads\/2021\/11\/wordpress-artikkelin-ajastus.jpg 450w, https:\/\/www.zoner.fi\/tuki\/wp-content\/uploads\/2021\/11\/wordpress-artikkelin-ajastus-300x59.jpg 300w\" sizes=\"auto, (max-width: 450px) 100vw, 450px\" \/><\/figure>\n\n\n\n<p>Voit joko rauhassa ty\u00f6st\u00e4\u00e4 artikkelia valmiiksi, tai m\u00e4\u00e4ritt\u00e4\u00e4 ajastuksen jo v\u00e4litt\u00f6m\u00e4sti k\u00e4ytt\u00f6\u00f6n. Itse ajastaminen ja sen asetuksen l\u00f6yd\u00e4t, kun valitset oikeasta reunasta l\u00f6ytyvist\u00e4 Julkaise -asetuksista, kohdan Julkaise heti \u2192 Muokkaa<\/p>\n\n\n\n<figure class=\"wp-block-image size-full\"><img loading=\"lazy\" decoding=\"async\" width=\"292\" height=\"280\" src=\"https:\/\/www.zoner.fi\/tuki\/wp-content\/uploads\/2021\/11\/wordpress-artikkelin-ajastaminen.jpg\" alt=\"\" class=\"wp-image-892\"\/><\/figure>\n\n\n\n<p>Seuraavaksi p\u00e4\u00e4set m\u00e4\u00e4ritt\u00e4m\u00e4\u00e4n halutun ajankohdan julkaisulle. M\u00e4\u00e4rit\u00e4 p\u00e4iv\u00e4m\u00e4\u00e4r\u00e4 ja kellonaika, jonka j\u00e4lkeen valitse viel\u00e4 OK.<\/p>\n\n\n\n<figure class=\"wp-block-image size-full\"><img loading=\"lazy\" decoding=\"async\" width=\"292\" height=\"103\" src=\"https:\/\/www.zoner.fi\/tuki\/wp-content\/uploads\/2021\/11\/wordpress-kirjoituksen-ajastus.jpg\" alt=\"\" class=\"wp-image-893\"\/><\/figure>\n\n\n\n<p>Nyt WordPress n\u00e4ytt\u00e4\u00e4 asetuksissa halutun julkaisuajankohdan, mutta itse kirjoitus t\u00e4ytyy viel\u00e4 \u201djulkaista\u201d, ett\u00e4 artikkeli menee liveen haluttuna ajankohtana. Vahvista viel\u00e4 ajastettu julkaisu valitsemalla: Ajasta<\/p>\n\n\n\n<figure class=\"wp-block-image size-full\"><img loading=\"lazy\" decoding=\"async\" width=\"293\" height=\"298\" src=\"https:\/\/www.zoner.fi\/tuki\/wp-content\/uploads\/2021\/11\/wordpress-kirjoituksen-ajastaminen.jpg\" alt=\"\" class=\"wp-image-894\"\/><\/figure>\n\n\n\n<p>My\u00f6s jo julkaistun artikkelin saa ajastuksella piiloitettua pois sivustolta, jolloin se ilmestyy lukijoille n\u00e4ht\u00e4v\u00e4ksi j\u00e4lleen, vasta kun haluttu ajankohta koittaa.<\/p>\n\n\n\n<h3 class=\"wp-block-heading\">Artikkelin p\u00e4iv\u00e4\u00e4minen menneisyyteen<\/h3>\n\n\n\n<p>Yksi eritt\u00e4in fiksu kikka on my\u00f6s p\u00e4iv\u00e4t\u00e4 artikkeleita menneisyyteen. T\u00e4n\u00e4\u00e4n luodun artikkelin saa samalla tavalla, kuin ylemp\u00e4n\u00e4, muokattua siten, ett\u00e4 n\u00e4ytt\u00e4isi olevan julkaistu jo vaikkapa vuosia sitten.<\/p>\n\n\n\n<p>T\u00e4ll\u00e4 konstilla saadaan, vaikkapa kokonaan uusiksi rakennetulle sivustolle, tuotua kaikki vanhat uutisartikkelit ja n\u00e4kym\u00e4\u00e4n alkuper\u00e4isill\u00e4 p\u00e4iv\u00e4yksill\u00e4 varustettuna.<\/p>\n\n\n\n<h3 class=\"wp-block-heading\">Ajastaminen ja muut WordPress julkaisumuodot<\/h3>\n\n\n\n<p>Sama ajastamistoiminto toimii my\u00f6s muiden WordPress osioiden sis\u00e4lt\u00f6jen julkaisemiseen. Voit ajastaa my\u00f6hemmin n\u00e4kyv\u00e4ksi my\u00f6s erilaiset sivut, sliderit, portfolio -elementit ja monet muut WordPress -sivustollesi asennetut toiminnot.<\/p>\n","protected":false},"excerpt":{"rendered":"<p>T\u00e4ss\u00e4 kirjoituksessa k\u00e4ymme l\u00e4pi, kuinka uutisartikkelien ajastaminen WordPress julkaisuj\u00e4rjestelm\u00e4n hallintapaneelista onnistuu.<\/p>\n","protected":false},"author":1,"featured_media":0,"parent":740,"menu_order":41,"comment_status":"closed","ping_status":"closed","template":"","meta":{"_relevanssi_hide_post":"","_relevanssi_hide_content":"","_relevanssi_pin_for_all":"","_relevanssi_pin_keywords":"","_relevanssi_unpin_keywords":"","_relevanssi_related_keywords":"","_relevanssi_related_include_ids":"","_relevanssi_related_exclude_ids":"","_relevanssi_related_no_append":"","_relevanssi_related_not_related":"","_relevanssi_related_posts":"1066,1063,1076","_relevanssi_noindex_reason":"","footnotes":""},"categories":[72],"tags":[100],"wf_page_folders":[],"class_list":{"0":"post-886","1":"page","2":"type-page","3":"status-publish","5":"category-wordpress","6":"tag-wordpressin-perusohjeet"},"_links":{"self":[{"href":"https:\/\/www.zoner.fi\/tuki\/wp-json\/wp\/v2\/pages\/886","targetHints":{"allow":["GET"]}}],"collection":[{"href":"https:\/\/www.zoner.fi\/tuki\/wp-json\/wp\/v2\/pages"}],"about":[{"href":"https:\/\/www.zoner.fi\/tuki\/wp-json\/wp\/v2\/types\/page"}],"author":[{"embeddable":true,"href":"https:\/\/www.zoner.fi\/tuki\/wp-json\/wp\/v2\/users\/1"}],"replies":[{"embeddable":true,"href":"https:\/\/www.zoner.fi\/tuki\/wp-json\/wp\/v2\/comments?post=886"}],"version-history":[{"count":3,"href":"https:\/\/www.zoner.fi\/tuki\/wp-json\/wp\/v2\/pages\/886\/revisions"}],"predecessor-version":[{"id":131456,"href":"https:\/\/www.zoner.fi\/tuki\/wp-json\/wp\/v2\/pages\/886\/revisions\/131456"}],"up":[{"embeddable":true,"href":"https:\/\/www.zoner.fi\/tuki\/wp-json\/wp\/v2\/pages\/740"}],"wp:attachment":[{"href":"https:\/\/www.zoner.fi\/tuki\/wp-json\/wp\/v2\/media?parent=886"}],"wp:term":[{"taxonomy":"category","embeddable":true,"href":"https:\/\/www.zoner.fi\/tuki\/wp-json\/wp\/v2\/categories?post=886"},{"taxonomy":"post_tag","embeddable":true,"href":"https:\/\/www.zoner.fi\/tuki\/wp-json\/wp\/v2\/tags?post=886"},{"taxonomy":"wf_page_folders","embeddable":true,"href":"https:\/\/www.zoner.fi\/tuki\/wp-json\/wp\/v2\/wf_page_folders?post=886"}],"curies":[{"name":"wp","href":"https:\/\/api.w.org\/{rel}","templated":true}]}}