{"id":898,"date":"2015-06-03T17:09:00","date_gmt":"2015-06-03T14:09:00","guid":{"rendered":"https:\/\/www.zoner.fi\/tuki\/?page_id=898"},"modified":"2023-11-15T13:12:55","modified_gmt":"2023-11-15T11:12:55","slug":"miten-asetan-wordpress-sivuston-huoltotilaan","status":"publish","type":"page","link":"https:\/\/www.zoner.fi\/tuki\/wordpress\/miten-asetan-wordpress-sivuston-huoltotilaan\/","title":{"rendered":"Miten asetan WordPress-sivuston huoltotilaan?"},"content":{"rendered":"\n<p><em>Ohje tarkistettu: 13.12.2019<\/em><\/p>\n\n\n\n<p>Eritt\u00e4in yleinen kysymys asiakaspalveluumme on; \u201d<strong><em>kuinka saan suojattua rakenteilla olevan sivustoni, niin ettei se n\u00e4y ulkopuolisille<\/em><\/strong>\u201d.<\/p>\n\n\n\n<p><a href=\"https:\/\/www.zoner.fi\/wordpress\/wordpress-kotisivut\/\">WordPress-kotisivut<\/a> voidaan asettaa huoltotilaan, mahdollistaa juuri t\u00e4m\u00e4nkaltaisen operaation, eli kotisivuston rakentamisen rauhassa muiden katseilta.<\/p>\n\n\n\n<p>T\u00e4ss\u00e4 kirjoituksessa ohjeistamme, kuinka <a href=\"https:\/\/www.zoner.fi\/wordpress\/\">WordPress <\/a>julkaisuj\u00e4rjestelm\u00e4ll\u00e4 toteutetun sivuston saa asetettua huoltotilaan.<\/p>\n\n\n\n<h2 class=\"wp-block-heading\">Kuinka WordPress huoltotila toimii?<\/h2>\n\n\n\n<p>Helpoiten huoltotilan saa otettua k\u00e4ytt\u00f6\u00f6n, asentamalla WordPress -asennukseen erillisen lis\u00e4osan toimintoa varten.<\/p>\n\n\n\n<p>Kun huoltotila on p\u00e4\u00e4ll\u00e4, vain WordPress -hallintaan sis\u00e4\u00e4nkirjautuneet k\u00e4ytt\u00e4j\u00e4t p\u00e4\u00e4sev\u00e4t n\u00e4kem\u00e4\u00e4n sivuston normaalisti. Muille n\u00e4ytet\u00e4\u00e4n kustomoitavaa sivua, jolla informoidaan sivuston olevan tulossa, rakenteilla yms.<\/p>\n\n\n\n<p><strong>Mist\u00e4 l\u00f6yd\u00e4n huoltotila -lis\u00e4osan?<\/strong><\/p>\n\n\n\n<p>Toimivia lis\u00e4osia l\u00f6ytyy useita, ja t\u00e4ss\u00e4 kirjoituksessa valitsimme k\u00e4ytt\u00f6\u00f6n lis\u00e4osan, joka kulkee nimell\u00e4: Maintenance. Asentaminen onnistuu suoraan WordPress -hallintapaneelista k\u00e4sin.<\/p>\n\n\n\n<p>Kuten aina ennen lis\u00e4osien asentamista, kannattaa vertailla eri lis\u00e4osien saamia arvosteluja, seurata koska lis\u00e4osaa on viimeksi p\u00e4ivitetty ja varmistua, ett\u00e4 sit\u00e4 p\u00e4ivitet\u00e4\u00e4n my\u00f6s jatkossa. N\u00e4in v\u00e4ltyt\u00e4\u00e4n mahdollisista tietoturvaongelmilta.<\/p>\n\n\n\n<p>Muistathan my\u00f6s aina p\u00e4ivitt\u00e4\u00e4 k\u00e4ytt\u00e4m\u00e4si lis\u00e4osat viimeisimpiin versioihin sek\u00e4 poistaa sellaiset lis\u00e4osat kokonaan sivustolta, joita et en\u00e4\u00e4 tarvitse.<\/p>\n\n\n\n<h2 class=\"wp-block-heading\">Huoltotila -lis\u00e4osan asentaminen WordPressiin<\/h2>\n\n\n\n<p>Kirjaudu sis\u00e4\u00e4n WP-asennuksen hallintapaneeliin ja valitse osio: Lis\u00e4osat \u2192 Lis\u00e4\u00e4 uusi<br>Jos k\u00e4yt\u00e4t WordPressi\u00e4 englanniksi, on osio nimelt\u00e4\u00e4n: Plugins \u2192 Add new<\/p>\n\n\n\n<p>1. Aloita asentaminen etsim\u00e4ll\u00e4 haluttua lis\u00e4osaa, sivun oikeasta yl\u00e4kulmasta l\u00f6ytyv\u00e4n Etsi -kent\u00e4n avulla. T\u00e4ss\u00e4 asennuksessa kirjoitamme kentt\u00e4\u00e4n siis Maintenance.<\/p>\n\n\n\n<figure class=\"wp-block-image size-full\"><img loading=\"lazy\" decoding=\"async\" width=\"327\" height=\"71\" src=\"https:\/\/www.zoner.fi\/tuki\/wp-content\/uploads\/2021\/11\/wordpress-huoltotila.jpg\" alt=\"\" class=\"wp-image-903\" srcset=\"https:\/\/www.zoner.fi\/tuki\/wp-content\/uploads\/2021\/11\/wordpress-huoltotila.jpg 327w, https:\/\/www.zoner.fi\/tuki\/wp-content\/uploads\/2021\/11\/wordpress-huoltotila-300x65.jpg 300w\" sizes=\"auto, (max-width: 327px) 100vw, 327px\" \/><\/figure>\n\n\n\n<p>2. Valitse t\u00e4m\u00e4n j\u00e4lkeen haluamasi lis\u00e4osa listan ehdotuksista ja paina Asenna nyt<\/p>\n\n\n\n<figure class=\"wp-block-image size-full\"><img loading=\"lazy\" decoding=\"async\" width=\"575\" height=\"275\" src=\"https:\/\/www.zoner.fi\/tuki\/wp-content\/uploads\/2021\/11\/wordpress-maintenance.jpg\" alt=\"\" class=\"wp-image-904\" srcset=\"https:\/\/www.zoner.fi\/tuki\/wp-content\/uploads\/2021\/11\/wordpress-maintenance.jpg 575w, https:\/\/www.zoner.fi\/tuki\/wp-content\/uploads\/2021\/11\/wordpress-maintenance-300x143.jpg 300w\" sizes=\"auto, (max-width: 575px) 100vw, 575px\" \/><\/figure>\n\n\n\n<p>3. Kun WordPress on asentanut lis\u00e4osan, saat onnistumisesta erillisen ilmoituksen. Sinun tulee viel\u00e4 aktivoida lis\u00e4osa, valitsemalla: ota lis\u00e4osa k\u00e4ytt\u00f6\u00f6n.<\/p>\n\n\n\n<figure class=\"wp-block-image size-full\"><img loading=\"lazy\" decoding=\"async\" width=\"611\" height=\"229\" src=\"https:\/\/www.zoner.fi\/tuki\/wp-content\/uploads\/2021\/11\/asennetaan-maintenance.jpg\" alt=\"\" class=\"wp-image-907\" srcset=\"https:\/\/www.zoner.fi\/tuki\/wp-content\/uploads\/2021\/11\/asennetaan-maintenance.jpg 611w, https:\/\/www.zoner.fi\/tuki\/wp-content\/uploads\/2021\/11\/asennetaan-maintenance-300x112.jpg 300w\" sizes=\"auto, (max-width: 611px) 100vw, 611px\" \/><\/figure>\n\n\n\n<p>4. Kun lis\u00e4osa on aktivoitu, voit hallita sen omia asetuksia WordPress hallintapaneeliin ilmestyneest\u00e4 Maintenance -osiosta (l\u00f6ytyy WordPress hallintapaneelin vasemmasta sivulaidasta). Voit helposti m\u00e4\u00e4ritt\u00e4\u00e4 huoltosivulla n\u00e4kyv\u00e4t tekstit, oman logon sek\u00e4 halutun taustakuvan ja tietysti hallita, koska huoltotila on p\u00e4\u00e4ll\u00e4 ja pois p\u00e4\u00e4lt\u00e4.<\/p>\n","protected":false},"excerpt":{"rendered":"<p>T\u00e4ss\u00e4 kirjoituksessa ohjeistamme, kuinka WordPress julkaisuj\u00e4rjestelm\u00e4ll\u00e4 toteutetun sivuston saa asetettua huoltotilaan.<\/p>\n","protected":false},"author":1,"featured_media":0,"parent":740,"menu_order":48,"comment_status":"closed","ping_status":"closed","template":"","meta":{"_relevanssi_hide_post":"","_relevanssi_hide_content":"","_relevanssi_pin_for_all":"","_relevanssi_pin_keywords":"","_relevanssi_unpin_keywords":"","_relevanssi_related_keywords":"","_relevanssi_related_include_ids":"","_relevanssi_related_exclude_ids":"","_relevanssi_related_no_append":"","_relevanssi_related_not_related":"","_relevanssi_related_posts":"1066,1063,1076","_relevanssi_noindex_reason":"","footnotes":""},"categories":[72],"tags":[100],"wf_page_folders":[],"class_list":{"0":"post-898","1":"page","2":"type-page","3":"status-publish","5":"category-wordpress","6":"tag-wordpressin-perusohjeet"},"_links":{"self":[{"href":"https:\/\/www.zoner.fi\/tuki\/wp-json\/wp\/v2\/pages\/898","targetHints":{"allow":["GET"]}}],"collection":[{"href":"https:\/\/www.zoner.fi\/tuki\/wp-json\/wp\/v2\/pages"}],"about":[{"href":"https:\/\/www.zoner.fi\/tuki\/wp-json\/wp\/v2\/types\/page"}],"author":[{"embeddable":true,"href":"https:\/\/www.zoner.fi\/tuki\/wp-json\/wp\/v2\/users\/1"}],"replies":[{"embeddable":true,"href":"https:\/\/www.zoner.fi\/tuki\/wp-json\/wp\/v2\/comments?post=898"}],"version-history":[{"count":3,"href":"https:\/\/www.zoner.fi\/tuki\/wp-json\/wp\/v2\/pages\/898\/revisions"}],"predecessor-version":[{"id":131457,"href":"https:\/\/www.zoner.fi\/tuki\/wp-json\/wp\/v2\/pages\/898\/revisions\/131457"}],"up":[{"embeddable":true,"href":"https:\/\/www.zoner.fi\/tuki\/wp-json\/wp\/v2\/pages\/740"}],"wp:attachment":[{"href":"https:\/\/www.zoner.fi\/tuki\/wp-json\/wp\/v2\/media?parent=898"}],"wp:term":[{"taxonomy":"category","embeddable":true,"href":"https:\/\/www.zoner.fi\/tuki\/wp-json\/wp\/v2\/categories?post=898"},{"taxonomy":"post_tag","embeddable":true,"href":"https:\/\/www.zoner.fi\/tuki\/wp-json\/wp\/v2\/tags?post=898"},{"taxonomy":"wf_page_folders","embeddable":true,"href":"https:\/\/www.zoner.fi\/tuki\/wp-json\/wp\/v2\/wf_page_folders?post=898"}],"curies":[{"name":"wp","href":"https:\/\/api.w.org\/{rel}","templated":true}]}}