{"id":909,"date":"2014-12-19T17:18:00","date_gmt":"2014-12-19T15:18:00","guid":{"rendered":"https:\/\/www.zoner.fi\/tuki\/?page_id=909"},"modified":"2023-10-03T14:14:26","modified_gmt":"2023-10-03T11:14:26","slug":"miten-asennan-valmiin-teeman-wordpressiin","status":"publish","type":"page","link":"https:\/\/www.zoner.fi\/tuki\/wordpress\/miten-asennan-valmiin-teeman-wordpressiin\/","title":{"rendered":"Miten asennan valmiin teeman WordPressiin?"},"content":{"rendered":"\n<p><em>Ohje tarkistettu: 3.6.2021<\/em><\/p>\n\n\n\n<p>T\u00e4ss\u00e4 ohjeessa k\u00e4ymme l\u00e4pi ulkoasuteeman asentamisen WordPress-julkaisuj\u00e4rjestelm\u00e4\u00e4n ja tutustumme hieman, kuinka WordPress-asennusta voidaan personoida valmiin ulkoasuteeman avulla.<\/p>\n\n\n\n<p>Perusta oma\u00a0<a href=\"https:\/\/www.zoner.fi\/wordpress\/\" target=\"_blank\" rel=\"noreferrer noopener\">WordPress<\/a>-sivu helposti Zoner WP.one <a href=\"https:\/\/www.zoner.fi\/wordpress\/wp-one\/\">WordPress hosting<\/a> -palvelun avulla. Jos haluat asentaa WordPressin webhotelliin, onnistuu se seuraavan ohjeen avulla:\u00a0<a href=\"https:\/\/www.zoner.fi\/tuki\/wordpress\/miten-wordpress-asennus-onnistuu\/\">WordPress-asennus<\/a>.<\/p>\n\n\n\n<h2 class=\"wp-block-heading\">Ilmaiset WordPress-ulkoasuteemat<\/h2>\n\n\n\n<p>WordPressin yksi hienoimmista ominaisuuksista on se, ett\u00e4 kuka tahansa voi kehitt\u00e4\u00e4 ja jakaa luomiaan toimintoja my\u00f6s kaikille muille WordPress-k\u00e4ytt\u00e4jille. Helpoiten muokattava osa WordPress -julkaisuj\u00e4rjestelm\u00e4\u00e4 onkin sen p\u00e4\u00e4lle toteutettavan sivuston ulkoasu eli teema. T\u00e4st\u00e4 syyst\u00e4 Internetist\u00e4 l\u00f6ytyykin tuhansia vapaasti ladattavia ilmaisia ulkoasuteemoja, joita kuka tahansa voi asentaa ja ottaa k\u00e4ytt\u00f6\u00f6n omille WP:n p\u00e4\u00e4lle rakennetuille kotisivuilleen. Ulkoasuteeman asentaminen on my\u00f6s hyvin helppoa ja yksinkertaista.<\/p>\n\n\n\n<p>Koska kuka tahansa voi luoda ja jakaa ilmaisen ulkoasuteeman, kannattaa latauksiin ja asennuksiin suhtautua my\u00f6s pienell\u00e4 varauksella. Ilmaisten ulkoasuteemojen laatu voi vaihdella maan ja taivaan v\u00e4lill\u00e4. Osa ilmaisista teemoista on t\u00e4ytt\u00e4 kuraa, mutta seasta l\u00f6ytyy monesti my\u00f6s hyvi\u00e4 ja tyylikk\u00e4it\u00e4kin toteutuksia.<\/p>\n\n\n\n<p>Suositeltavaa on etsi\u00e4 ja asennella ilmaisia teemoja ensisijaisesti WP:n omilta virallisilta sivuilta osoitteessa:&nbsp;<a rel=\"noreferrer noopener\" href=\"https:\/\/wordpress.org\/themes\/\" target=\"_blank\">wordpress.org\/themes<\/a>. N\u00e4in teemojen osalta on my\u00f6s mahdollista tarkistaa muiden k\u00e4ytt\u00e4jien niille antamat arvosanat, kommentit ja vikailmoitukset.<\/p>\n\n\n\n<p>WordPress.org palvelun kautta l\u00f6ytyv\u00e4t ulkoasuteemat on my\u00f6s mahdollista asentaa suoraan WordPress-asennuksen hallintapaneelin kautta.<\/p>\n\n\n\n<p><strong>Ohjeet ulkoasuteeman asennukseen<\/strong><\/p>\n\n\n\n<p>1. Ota ensin varmuuskopio asennuksestasi. Ulkoasuteeman asennus voi pahimmassa tapauksessa aiheuttaa ongelmia ja vahinkoa WordPress-asennuksessasi.<\/p>\n\n\n\n<p>2. Kirjaudu WordPress-hallintapaneeliisi ja etsi osio Ulkoasu \u2192 Teemat. Valitse Teemat -sivun yl\u00e4laidasta painike Lis\u00e4\u00e4 uusi. Englanninkielisiss\u00e4 asennuksissa osion nimi on Appearance \u2192 Themes<\/p>\n\n\n\n<p>3. Aukeavalta sivulta p\u00e4\u00e4set selaamaan WordPress.org palveluun lis\u00e4ttyj\u00e4 teemoja. Tuhansien teemojen selaamisen helpottamiseksi, yl\u00e4laidasta l\u00f6ytyy my\u00f6s suodatintoiminto, jonka avulla on mahdollista etsi\u00e4 tarkoitukseen sopivaa teemaa.<\/p>\n\n\n\n<figure class=\"wp-block-image size-large\"><img loading=\"lazy\" decoding=\"async\" width=\"1024\" height=\"520\" src=\"https:\/\/www.zoner.fi\/tuki\/wp-content\/uploads\/2021\/11\/wordpress-ulkoasuteeman-asentaminen-1024x520.jpg\" alt=\"\" class=\"wp-image-914\" srcset=\"https:\/\/www.zoner.fi\/tuki\/wp-content\/uploads\/2021\/11\/wordpress-ulkoasuteeman-asentaminen-1024x520.jpg 1024w, https:\/\/www.zoner.fi\/tuki\/wp-content\/uploads\/2021\/11\/wordpress-ulkoasuteeman-asentaminen-300x152.jpg 300w, https:\/\/www.zoner.fi\/tuki\/wp-content\/uploads\/2021\/11\/wordpress-ulkoasuteeman-asentaminen-768x390.jpg 768w, https:\/\/www.zoner.fi\/tuki\/wp-content\/uploads\/2021\/11\/wordpress-ulkoasuteeman-asentaminen.jpg 1040w\" sizes=\"auto, (max-width: 1024px) 100vw, 1024px\" \/><\/figure>\n\n\n\n<p>4. Vie hiiri haluamasi ulkoasuteeman p\u00e4\u00e4lle listauksessa, jonka j\u00e4lkeen saat vaihtoehdoiksi Asenna ja Esikatselu<\/p>\n\n\n\n<figure class=\"wp-block-image size-full\"><img loading=\"lazy\" decoding=\"async\" width=\"437\" height=\"376\" src=\"https:\/\/www.zoner.fi\/tuki\/wp-content\/uploads\/2021\/11\/wordpress-teeman-asennus.jpg\" alt=\"\" class=\"wp-image-916\" srcset=\"https:\/\/www.zoner.fi\/tuki\/wp-content\/uploads\/2021\/11\/wordpress-teeman-asennus.jpg 437w, https:\/\/www.zoner.fi\/tuki\/wp-content\/uploads\/2021\/11\/wordpress-teeman-asennus-300x258.jpg 300w\" sizes=\"auto, (max-width: 437px) 100vw, 437px\" \/><\/figure>\n\n\n\n<p>Esikatselusta p\u00e4\u00e4set infosivulle, jolla my\u00f6s n\u00e4ytet\u00e4\u00e4n k\u00e4ytt\u00e4jien antamat arvosanat teemalle sek\u00e4 n\u00e4kym\u00e4n, milt\u00e4 sivusto oletuksena n\u00e4ytt\u00e4isi valitun teeman kanssa.<\/p>\n\n\n\n<p>5. Kun haluat asentaa valitsemasi teeman, paina Asenna, jonka j\u00e4lkeen ulkoasuteema asentuu automaattisesti sivustollesi.<\/p>\n\n\n\n<figure class=\"wp-block-image size-full\"><img loading=\"lazy\" decoding=\"async\" width=\"659\" height=\"212\" src=\"https:\/\/www.zoner.fi\/tuki\/wp-content\/uploads\/2021\/11\/wordpress-ulkoasun-asennus.jpg\" alt=\"\" class=\"wp-image-918\" srcset=\"https:\/\/www.zoner.fi\/tuki\/wp-content\/uploads\/2021\/11\/wordpress-ulkoasun-asennus.jpg 659w, https:\/\/www.zoner.fi\/tuki\/wp-content\/uploads\/2021\/11\/wordpress-ulkoasun-asennus-300x97.jpg 300w\" sizes=\"auto, (max-width: 659px) 100vw, 659px\" \/><\/figure>\n\n\n\n<p>Saat asennuksen onnistuttua informaation asennuksesta, jonka j\u00e4lkeen asennettu ulkoasuteema tulee viel\u00e4 ottaa k\u00e4ytt\u00f6\u00f6n, jolloin se tulee my\u00f6s aktiivisesti k\u00e4ytt\u00f6\u00f6n.<\/p>\n\n\n\n<h2 class=\"wp-block-heading\">Maksulliset WordPress-ulkoasuteemat<\/h2>\n\n\n\n<p>Lukemattomien ilmaisten ulkoasumallien lis\u00e4ksi WordPress-julkaisuj\u00e4rjestelm\u00e4\u00e4n on saatavilla my\u00f6s runsaasti maksullisia ulkoasuteemoja.<\/p>\n\n\n\n<p><strong>Miksi ulkoasuteemasta kannattaisi maksaa?<\/strong><\/p>\n\n\n\n<p>Usein laatu maksaa ja rahalla saa hienompia ja monipuolisempia ulkoasuteemoja k\u00e4ytt\u00f6\u00f6n.<\/p>\n\n\n\n<p>Riippuen hieman palveluntarjoajasta, saa ulkoasuteeman lis\u00e4ksi my\u00f6s alkuper\u00e4isen photoshop -tiedoston, jonka avulla, osaavissa k\u00e4siss\u00e4, ulkoasumuutokset sivuston elementteihin helpottuvat huomattavasti. Maksullisen ulkoasuteeman mukana tulee monesti my\u00f6s enemm\u00e4n toimintoja, kuten lis\u00e4osia tai kuvapankkikuvia k\u00e4ytett\u00e4v\u00e4ksi kotisivustolla.<\/p>\n\n\n\n<p>Lis\u00e4ksi maksullisten ulkoasujen tarjoajat, usein tarjoavat my\u00f6s k\u00e4ytt\u00f6tukea tuotteilleen, joskin tukea on saatavilla usein vain englanniksi.<\/p>\n\n\n\n<p><strong>Mist\u00e4 maksullisia ulkoasuteemoja l\u00f6ytyy WordPress-julkaisuj\u00e4rjestelm\u00e4\u00e4n?<\/strong><\/p>\n\n\n\n<p>Olen henkil\u00f6kohtaisesti k\u00e4ytt\u00e4nyt Themeforestia sek\u00e4 Templatemonsteria, kuten monia muitakin vastaavia toimijoita sek\u00e4 olemme my\u00f6s Zonerilla toteuttaneet useampia asiakastoteutuksiakin heid\u00e4n ulkoasuteemojen pohjalta. WordPress-pohjien lis\u00e4ksi ulkoasuteemoja l\u00f6ytyy my\u00f6s muihin isoimpiin avoimen l\u00e4hdekoodin julkaisuj\u00e4rjestelmiin.<\/p>\n\n\n\n<p>Laatu maksullisissa teemoissa on ollut p\u00e4\u00e4osin ok, joskin pieniin teknisiin ongelmiin on tullut t\u00f6rm\u00e4tty\u00e4 aika ajoin sek\u00e4 yksitt\u00e4isten ulkoasuteemojen v\u00e4lill\u00e4 voi olla todella paljon eroja laadun ja toimintojen suhteen.<\/p>\n\n\n\n<p>Suositeltavaa on aina varmistaa my\u00f6s ennen teeman ostoa, ett\u00e4 haluttu ulkoasuteema on my\u00f6s yhteensopiva uusimman ja k\u00e4ytt\u00e4m\u00e4si WP-version kanssa.<\/p>\n\n\n\n<p>Maksullisten ulkoasuteemojen asennus onnistuu my\u00f6s WordPress-hallintapaneelin kautta. Asennus tehd\u00e4\u00e4n edelleen osiosta Ulkoasu \u2192 Teemat \u2192 Lis\u00e4\u00e4 uusi, mutta hakutoiminnon sijasta k\u00e4ytet\u00e4\u00e4nkin otsikon vierest\u00e4 l\u00f6ytyv\u00e4\u00e4 toimintoa Lataa teema.<\/p>\n\n\n\n<figure class=\"wp-block-image size-full\"><img loading=\"lazy\" decoding=\"async\" width=\"350\" height=\"56\" src=\"https:\/\/www.zoner.fi\/tuki\/wp-content\/uploads\/2021\/11\/lataa-wordpress-ulkoasuteema.jpg\" alt=\"\" class=\"wp-image-921\" srcset=\"https:\/\/www.zoner.fi\/tuki\/wp-content\/uploads\/2021\/11\/lataa-wordpress-ulkoasuteema.jpg 350w, https:\/\/www.zoner.fi\/tuki\/wp-content\/uploads\/2021\/11\/lataa-wordpress-ulkoasuteema-300x48.jpg 300w\" sizes=\"auto, (max-width: 350px) 100vw, 350px\" \/><\/figure>\n\n\n\n<p>Usein maksulliset ulkoasuteemat toimitetaan .zip tiedostona, jonka sis\u00e4lt\u00e4 l\u00f6ytyy asennusohjeiden ja muiden tiedostojen lis\u00e4ksi my\u00f6s varsinainen teema valmiina .zip tiedostona, joka ladataan WordPress-hallintaan Lataa teema -toiminnon kautta.<\/p>\n","protected":false},"excerpt":{"rendered":"<p>T\u00e4ss\u00e4 ohjeessa k\u00e4ymme l\u00e4pi ulkoasuteeman asentamisen WordPress-julkaisuj\u00e4rjestelm\u00e4\u00e4n ja tutustumme hieman, kuinka WordPress-asennusta voidaan personoida valmiin ulkoasuteeman avulla.<\/p>\n","protected":false},"author":1,"featured_media":0,"parent":740,"menu_order":44,"comment_status":"closed","ping_status":"closed","template":"","meta":{"_relevanssi_hide_post":"","_relevanssi_hide_content":"","_relevanssi_pin_for_all":"","_relevanssi_pin_keywords":"","_relevanssi_unpin_keywords":"","_relevanssi_related_keywords":"","_relevanssi_related_include_ids":"","_relevanssi_related_exclude_ids":"","_relevanssi_related_no_append":"","_relevanssi_related_not_related":"","_relevanssi_related_posts":"1066,1063,1076","_relevanssi_noindex_reason":"","footnotes":""},"categories":[72],"tags":[101],"wf_page_folders":[],"class_list":{"0":"post-909","1":"page","2":"type-page","3":"status-publish","5":"category-wordpress","6":"tag-wordpressin-ulkoasu"},"_links":{"self":[{"href":"https:\/\/www.zoner.fi\/tuki\/wp-json\/wp\/v2\/pages\/909","targetHints":{"allow":["GET"]}}],"collection":[{"href":"https:\/\/www.zoner.fi\/tuki\/wp-json\/wp\/v2\/pages"}],"about":[{"href":"https:\/\/www.zoner.fi\/tuki\/wp-json\/wp\/v2\/types\/page"}],"author":[{"embeddable":true,"href":"https:\/\/www.zoner.fi\/tuki\/wp-json\/wp\/v2\/users\/1"}],"replies":[{"embeddable":true,"href":"https:\/\/www.zoner.fi\/tuki\/wp-json\/wp\/v2\/comments?post=909"}],"version-history":[{"count":5,"href":"https:\/\/www.zoner.fi\/tuki\/wp-json\/wp\/v2\/pages\/909\/revisions"}],"predecessor-version":[{"id":130959,"href":"https:\/\/www.zoner.fi\/tuki\/wp-json\/wp\/v2\/pages\/909\/revisions\/130959"}],"up":[{"embeddable":true,"href":"https:\/\/www.zoner.fi\/tuki\/wp-json\/wp\/v2\/pages\/740"}],"wp:attachment":[{"href":"https:\/\/www.zoner.fi\/tuki\/wp-json\/wp\/v2\/media?parent=909"}],"wp:term":[{"taxonomy":"category","embeddable":true,"href":"https:\/\/www.zoner.fi\/tuki\/wp-json\/wp\/v2\/categories?post=909"},{"taxonomy":"post_tag","embeddable":true,"href":"https:\/\/www.zoner.fi\/tuki\/wp-json\/wp\/v2\/tags?post=909"},{"taxonomy":"wf_page_folders","embeddable":true,"href":"https:\/\/www.zoner.fi\/tuki\/wp-json\/wp\/v2\/wf_page_folders?post=909"}],"curies":[{"name":"wp","href":"https:\/\/api.w.org\/{rel}","templated":true}]}}