{"id":948,"date":"2019-03-02T16:10:00","date_gmt":"2019-03-02T14:10:00","guid":{"rendered":"https:\/\/www.zoner.fi\/tuki\/?page_id=948"},"modified":"2025-11-28T14:43:23","modified_gmt":"2025-11-28T12:43:23","slug":"miten-muokkaan-asiakkaan-webhotellin-ulkoasua","status":"publish","type":"page","link":"https:\/\/www.zoner.fi\/tuki\/kumppanit\/miten-muokkaan-asiakkaan-webhotellin-ulkoasua\/","title":{"rendered":"Miten muokkaan asiakkaan webhotellin ulkoasua?"},"content":{"rendered":"\n<p><em>Ohje tarkistettu: 12.11.2025<\/em><\/p>\n\n\n\n<p>Voit muokata asiakkaan webhotellin\u00e4kym\u00e4\u00e4 vastaamaan esim. yrityksesi graafista ulkoasua.<\/p>\n\n\n\n<p>1. Kirjaudu J\u00e4lleenmyyj\u00e4-tunnuksilla sis\u00e4\u00e4n DirectAdmin-hallintapaneeliin. Ohje:\u00a0<a href=\"https:\/\/www.zoner.fi\/tuki\/webhotellit\/miten-kaytan-directadmin-hallintapaneelia\/\">DirectAdmin-hallintapaneeli<\/a><\/p>\n\n\n\n<p>2. Valitse p\u00e4\u00e4valikosta <strong>J\u00e4lleenmyyj\u00e4n ty\u00f6kalut<\/strong> \u2192 <strong>Mukauta Evolution-ulkoasua<\/strong>.<\/p>\n\n\n\n<figure class=\"wp-block-image size-full\"><img loading=\"lazy\" decoding=\"async\" width=\"951\" height=\"557\" src=\"https:\/\/www.zoner.fi\/tuki\/wp-content\/uploads\/2025\/11\/da-ulkoasu.png\" alt=\"\" class=\"wp-image-138007\" srcset=\"https:\/\/www.zoner.fi\/tuki\/wp-content\/uploads\/2025\/11\/da-ulkoasu.png 951w, https:\/\/www.zoner.fi\/tuki\/wp-content\/uploads\/2025\/11\/da-ulkoasu-300x176.png 300w, https:\/\/www.zoner.fi\/tuki\/wp-content\/uploads\/2025\/11\/da-ulkoasu-768x450.png 768w\" sizes=\"auto, (max-width: 951px) 100vw, 951px\" \/><\/figure>\n\n\n\n<p>Avautuvalta sivulta p\u00e4\u00e4set muokkaamaan seuraavia:<\/p>\n\n\n\n<ol class=\"wp-block-list\">\n<li><strong>Layout <\/strong>&#8211; Valitse DirectAdmin-teema, joka n\u00e4kyy itsellesi ja asiakkaillesi.<\/li>\n\n\n\n<li><strong>P\u00e4iv\u00e4m\u00e4\u00e4r\u00e4muodot <\/strong>&#8211; M\u00e4\u00e4rit\u00e4 p\u00e4iv\u00e4m\u00e4\u00e4riss\u00e4 k\u00e4ytett\u00e4v\u00e4 muoto.<\/li>\n\n\n\n<li><strong>Widgets <\/strong>&#8211; Valitse hallintapaneelin p\u00e4\u00e4sivulla n\u00e4kyv\u00e4t widgetit.<\/li>\n\n\n\n<li><strong>Help links<\/strong> &#8211; Muokkaa ohjesivujen linkkej\u00e4.<\/li>\n\n\n\n<li><strong>V\u00e4rit <\/strong>&#8211; Valitse hallintapaneelin v\u00e4rit.<\/li>\n\n\n\n<li><strong>CSS Styles<\/strong> &#8211; M\u00e4\u00e4rit\u00e4 teemalle CSS-tyylit.<\/li>\n\n\n\n<li><strong>Logo <\/strong>&#8211; Lataa oma logo, joka korvaa vasemmassa yl\u00e4kulmassa n\u00e4kyv\u00e4n DirectAdmin-logon.<\/li>\n\n\n\n<li><strong>Menu <\/strong>&#8211; Valitse itsellesi ja asiakkaillesi n\u00e4kyv\u00e4t valikkokohteet.<\/li>\n<\/ol>\n\n\n\n<figure class=\"wp-block-image size-full\"><img loading=\"lazy\" decoding=\"async\" width=\"1581\" height=\"973\" src=\"https:\/\/www.zoner.fi\/tuki\/wp-content\/uploads\/2025\/11\/da-ulkoasu-2.png\" alt=\"\" class=\"wp-image-138010\" srcset=\"https:\/\/www.zoner.fi\/tuki\/wp-content\/uploads\/2025\/11\/da-ulkoasu-2.png 1581w, https:\/\/www.zoner.fi\/tuki\/wp-content\/uploads\/2025\/11\/da-ulkoasu-2-300x185.png 300w, https:\/\/www.zoner.fi\/tuki\/wp-content\/uploads\/2025\/11\/da-ulkoasu-2-1024x630.png 1024w, https:\/\/www.zoner.fi\/tuki\/wp-content\/uploads\/2025\/11\/da-ulkoasu-2-768x473.png 768w, https:\/\/www.zoner.fi\/tuki\/wp-content\/uploads\/2025\/11\/da-ulkoasu-2-1536x945.png 1536w\" sizes=\"auto, (max-width: 1581px) 100vw, 1581px\" \/><\/figure>\n","protected":false},"excerpt":{"rendered":"<p>Voit muokata asiakkaan webhotellin n\u00e4kym\u00e4n vastaamaan esim. yrityksesi graafisia linjoja. Kirjaudu J\u00e4lleenmyyj\u00e4-tunnuksillasi sis\u00e4\u00e4n DirectAdmin-hallintapaneeliin.<\/p>\n","protected":false},"author":1,"featured_media":0,"parent":136059,"menu_order":3,"comment_status":"closed","ping_status":"closed","template":"","meta":{"_relevanssi_hide_post":"","_relevanssi_hide_content":"","_relevanssi_pin_for_all":"","_relevanssi_pin_keywords":"","_relevanssi_unpin_keywords":"","_relevanssi_related_keywords":"","_relevanssi_related_include_ids":"","_relevanssi_related_exclude_ids":"","_relevanssi_related_no_append":"","_relevanssi_related_not_related":"","_relevanssi_related_posts":"1066,1063,1076","_relevanssi_noindex_reason":"","footnotes":""},"categories":[71],"tags":[88],"wf_page_folders":[],"class_list":{"0":"post-948","1":"page","2":"type-page","3":"status-publish","5":"category-kumppanit","6":"tag-jalleenmyyjat"},"_links":{"self":[{"href":"https:\/\/www.zoner.fi\/tuki\/wp-json\/wp\/v2\/pages\/948","targetHints":{"allow":["GET"]}}],"collection":[{"href":"https:\/\/www.zoner.fi\/tuki\/wp-json\/wp\/v2\/pages"}],"about":[{"href":"https:\/\/www.zoner.fi\/tuki\/wp-json\/wp\/v2\/types\/page"}],"author":[{"embeddable":true,"href":"https:\/\/www.zoner.fi\/tuki\/wp-json\/wp\/v2\/users\/1"}],"replies":[{"embeddable":true,"href":"https:\/\/www.zoner.fi\/tuki\/wp-json\/wp\/v2\/comments?post=948"}],"version-history":[{"count":4,"href":"https:\/\/www.zoner.fi\/tuki\/wp-json\/wp\/v2\/pages\/948\/revisions"}],"predecessor-version":[{"id":138012,"href":"https:\/\/www.zoner.fi\/tuki\/wp-json\/wp\/v2\/pages\/948\/revisions\/138012"}],"up":[{"embeddable":true,"href":"https:\/\/www.zoner.fi\/tuki\/wp-json\/wp\/v2\/pages\/136059"}],"wp:attachment":[{"href":"https:\/\/www.zoner.fi\/tuki\/wp-json\/wp\/v2\/media?parent=948"}],"wp:term":[{"taxonomy":"category","embeddable":true,"href":"https:\/\/www.zoner.fi\/tuki\/wp-json\/wp\/v2\/categories?post=948"},{"taxonomy":"post_tag","embeddable":true,"href":"https:\/\/www.zoner.fi\/tuki\/wp-json\/wp\/v2\/tags?post=948"},{"taxonomy":"wf_page_folders","embeddable":true,"href":"https:\/\/www.zoner.fi\/tuki\/wp-json\/wp\/v2\/wf_page_folders?post=948"}],"curies":[{"name":"wp","href":"https:\/\/api.w.org\/{rel}","templated":true}]}}