{"id":954,"date":"2019-03-02T16:25:00","date_gmt":"2019-03-02T14:25:00","guid":{"rendered":"https:\/\/www.zoner.fi\/tuki\/?page_id=954"},"modified":"2025-12-11T09:45:21","modified_gmt":"2025-12-11T07:45:21","slug":"miten-otan-jalleenmyyntipalvelun-kayttoon","status":"publish","type":"page","link":"https:\/\/www.zoner.fi\/tuki\/kumppanit\/miten-otan-jalleenmyyntipalvelun-kayttoon\/","title":{"rendered":"Miten otan j\u00e4lleenmyyntipalvelun k\u00e4ytt\u00f6\u00f6n?"},"content":{"rendered":"\n<p>Kiitos, ett\u00e4 valitsit Zonerin J\u00e4lleenmyyj\u00e4-webhotellin! Alla n\u00e4yt\u00e4mme, miten otat J\u00e4lleenmyyj\u00e4-webhotellin k\u00e4ytt\u00f6\u00f6n, luot webhotellipaketteja ja m\u00e4\u00e4rit\u00e4t niit\u00e4 asiakkaillesi.<\/p>\n\n\n\n<ol class=\"wp-block-list\">\n<li><a href=\"#1\">Kirjaudu Zoner Homeen<\/a><\/li>\n\n\n\n<li><a href=\"#2\">Siirry webhotellin DirectAdmin-hallintapaneeliin<\/a><\/li>\n\n\n\n<li><a href=\"#3\">Webhotellin DirectAdmin-hallintapaneelin perusteet<\/a><\/li>\n\n\n\n<li><a href=\"#4\">Luo paketit<\/a><\/li>\n\n\n\n<li><a href=\"#5\">Muokkaa viestej\u00e4 ja ulkoasua<\/a><\/li>\n\n\n\n<li><a href=\"#6\">Luo asiakkaalle webhotelli<\/a><\/li>\n\n\n\n<li><a href=\"#7\">Asiakkaan webhotellin hallinta<\/a><\/li>\n<\/ol>\n\n\n\n<h3 class=\"wp-block-heading\">T\u00e4rke\u00e4\u00e4! Uuden asiakkaan lis\u00e4\u00e4minen tapahtuu aina t\u00e4ss\u00e4 j\u00e4rjestyksess\u00e4:<\/h3>\n\n\n\n<p>1. M\u00e4\u00e4rit\u00e4 k\u00e4ytt\u00e4j\u00e4paketit:<br><a href=\"https:\/\/www.zoner.fi\/tuki\/jalleenmyyjat\/miten-luon-ja-muokkaan-kayttajien-paketteja\/\">www.zoner.fi\/tuki\/jalleenmyyjat\/miten-luon-ja-muokkaan-kayttajien-paketteja\/<\/a><\/p>\n\n\n\n<p>2. Luo webhotelli loppuasiakkaalle:<br><a href=\"https:\/\/www.zoner.fi\/tuki\/jalleenmyyjat\/miten-luon-uuden-webhotellin\/\">www.zoner.fi\/tuki\/jalleenmyyjat\/miten-luon-uuden-webhotellin\/<\/a><\/p>\n\n\n\n<hr class=\"wp-block-separator has-alpha-channel-opacity\"\/>\n\n\n\n<h2 class=\"wp-block-heading\" id=\"1\">1. Kirjaudu Zoner Homeen<\/h2>\n\n\n\n<p>Jos et ole jo luonut Zoner Home -salasanaa, luo se klikkaamalla painiketta viestiss\u00e4, jonka olet saanut s\u00e4hk\u00f6postiisi.<\/p>\n\n\n\n<p><a href=\"https:\/\/home.zoner.fi\/\" target=\"_blank\" rel=\"noopener\">Zoner Homessa<\/a> voit hallita <strong>omia tietoja<\/strong>, <strong>tilauksia<\/strong> ja <strong>laskutusta<\/strong>, ja sen kautta voit k<strong>irjautua helposti webhotellin hallintapaneeliin<\/strong>.<\/p>\n\n\n\n<ul class=\"wp-block-list\">\n<li><a href=\"https:\/\/www.zoner.fi\/tuki\/zoner-home\/miten-kirjaudun-zoner-home-hallintapaneeliin\/\">Miten kirjaudun Zoner Home -hallintapaneeliin?<\/a><\/li>\n\n\n\n<li><a href=\"https:\/\/www.zoner.fi\/tuki\/zoner-home\/\">Zoner Home -ohjeet tilauksen ja oman tilin hallintaan<\/a><\/li>\n<\/ul>\n\n\n\n<hr class=\"wp-block-separator has-alpha-channel-opacity\"\/>\n\n\n\n<h2 class=\"wp-block-heading\" id=\"2\">2. Siirry webhotellin DirectAdmin-hallintapaneeliin<\/h2>\n\n\n\n<p>J\u00e4lleenmyyj\u00e4-webhotellia hallitaan DirectAdmin-hallintapaneelissa, jonka kirjautumistiedot olet saanut tilausvahvistuksessa. Lis\u00e4ksi voit kirjautua DirectAdminiin Zoner Homen kautta:<\/p>\n\n\n\n<ol class=\"wp-block-list\">\n<li>Klikkaa Zoner Home -hallintapaneelin yl\u00e4reunassa <strong>Omat tuotteet<\/strong>.<\/li>\n\n\n\n<li>Klikkaa <strong>Reseller-webhotellia<\/strong>.<\/li>\n\n\n\n<li>Vierit\u00e4 webhotellin yleiskatsauksessa alemmas ja klikkaa <strong>Hallitse webhotellia<\/strong>.<\/li>\n<\/ol>\n\n\n\n<figure class=\"wp-block-image size-large\"><img loading=\"lazy\" decoding=\"async\" width=\"1024\" height=\"605\" src=\"https:\/\/www.zoner.fi\/tuki\/wp-content\/uploads\/2025\/11\/zoner-home-da-1024x605.png\" alt=\"\" class=\"wp-image-137967\" srcset=\"https:\/\/www.zoner.fi\/tuki\/wp-content\/uploads\/2025\/11\/zoner-home-da-1024x605.png 1024w, https:\/\/www.zoner.fi\/tuki\/wp-content\/uploads\/2025\/11\/zoner-home-da-300x177.png 300w, https:\/\/www.zoner.fi\/tuki\/wp-content\/uploads\/2025\/11\/zoner-home-da-768x454.png 768w, https:\/\/www.zoner.fi\/tuki\/wp-content\/uploads\/2025\/11\/zoner-home-da-1536x907.png 1536w, https:\/\/www.zoner.fi\/tuki\/wp-content\/uploads\/2025\/11\/zoner-home-da.png 1652w\" sizes=\"auto, (max-width: 1024px) 100vw, 1024px\" \/><\/figure>\n\n\n\n<hr class=\"wp-block-separator has-alpha-channel-opacity\"\/>\n\n\n\n<h2 class=\"wp-block-heading\" id=\"3\">3. Webhotellin DirectAdmin-hallintapaneelin perusteet<\/h2>\n\n\n\n<figure class=\"wp-block-image size-full\"><img loading=\"lazy\" decoding=\"async\" width=\"900\" height=\"728\" src=\"https:\/\/www.zoner.fi\/tuki\/wp-content\/uploads\/2021\/11\/jamy-hallintapaneeli-etusivu.jpg\" alt=\"\" class=\"wp-image-959\" srcset=\"https:\/\/www.zoner.fi\/tuki\/wp-content\/uploads\/2021\/11\/jamy-hallintapaneeli-etusivu.jpg 900w, https:\/\/www.zoner.fi\/tuki\/wp-content\/uploads\/2021\/11\/jamy-hallintapaneeli-etusivu-300x243.jpg 300w, https:\/\/www.zoner.fi\/tuki\/wp-content\/uploads\/2021\/11\/jamy-hallintapaneeli-etusivu-768x621.jpg 768w\" sizes=\"auto, (max-width: 900px) 100vw, 900px\" \/><\/figure>\n\n\n\n<h3 class=\"wp-block-heading\">1. Palveluntarjoajan logo &#8211; linkki etusivulle<\/h3>\n\n\n\n<p>P\u00e4\u00e4set aina takaisin hallintapaneelin aloitusivulle klikkaamalla vasemmassa kulmassa n\u00e4kyv\u00e4\u00e4 palveluntarjoajan logoa. Voit vaihtaa loppuasiakkaalle n\u00e4ytett\u00e4v\u00e4n logon <a href=\"https:\/\/www.zoner.fi\/tuki\/jalleenmyyjat\/miten-muokkaan-asiakkaan-webhotellin-ulkoasua\/\">t\u00e4m\u00e4n ohjeen avulla<\/a>.<\/p>\n\n\n\n<h3 class=\"wp-block-heading\">2. Hallintapaneelin valikkokohteiden n\u00e4kym\u00e4n valinta<\/h3>\n\n\n\n<p>Voit valita valikkoon kaksi erilaista n\u00e4kym\u00e4\u00e4. N\u00e4kym\u00e4\u00e4 vaihdetaan otsakkeessa sijatsevien painikkeiden avulla.<\/p>\n\n\n\n<p>Listan\u00e4kym\u00e4ss\u00e4 kaikki valikkokohteet ovat koko ajan n\u00e4kyviss\u00e4. Ruudukkon\u00e4kym\u00e4ss\u00e4 valikon yl\u00e4valinnat ovat n\u00e4kyviss\u00e4 ja alavalikot aukeavat viem\u00e4ll\u00e4 hiiren yl\u00e4valinnan p\u00e4\u00e4lle.<\/p>\n\n\n\n<h3 class=\"wp-block-heading\">3. K\u00e4ytt\u00e4j\u00e4tason valinta<\/h3>\n\n\n\n<p>Valitse, k\u00e4yt\u00e4tk\u00f6 hallintapaneelia J\u00e4lleenmyyj\u00e4- vai k\u00e4ytt\u00e4j\u00e4-statuksella.<\/p>\n\n\n\n<h3 class=\"wp-block-heading\">4. Yleiset asetukset<\/h3>\n\n\n\n<p>Klikkaamalla oikeassa yl\u00e4kulmassa n\u00e4kyv\u00e4\u00e4 k\u00e4ytt\u00e4j\u00e4nime\u00e4si saat esille alasvetovalikon, jonka kautta voit muokata tilin asetuksia. T\u00e4\u00e4lt\u00e4 l\u00f6yd\u00e4t my\u00f6s j\u00e4rjestelm\u00e4n l\u00e4hett\u00e4m\u00e4t viestit ja voit kirjautua ulos hallintapaneelista.<\/p>\n\n\n\n<h3 class=\"wp-block-heading\">5. P\u00e4\u00e4valikko<\/h3>\n\n\n\n<p>P\u00e4\u00e4valikosta l\u00f6ytyv\u00e4t kaikki J\u00e4lleenmyyj\u00e4-paketin toiminnot, jotka on jaettu aihealueittain. P\u00e4\u00e4valikossa on my\u00f6s suora linkki ohjetietokantaan ja tukipyynn\u00f6n tekemiseen.<\/p>\n\n\n\n<h3 class=\"wp-block-heading\">6. Haku<\/h3>\n\n\n\n<p>Hakupalkki on k\u00e4tev\u00e4 tapa liikkua kohteesta toiseen. Voit hakea kaikkia hallintapaneelin kohteita, haku koskee my\u00f6s luotuja tilej\u00e4 ja tunnuksia.<\/p>\n\n\n\n<h3 class=\"wp-block-heading\">7. Oikopolut<\/h3>\n\n\n\n<p>Aloitusn\u00e4kym\u00e4n vasemman reunan sarakkeessa on listattuna oikopolkuja erilaisiin toiminnallisuuksiin. Voit muokata listaa lis\u00e4\u00e4m\u00e4ll\u00e4 ja poistamalla oikopolkuja ja vaihtamalla niiden j\u00e4rjestyst\u00e4.<\/p>\n\n\n\n<h3 class=\"wp-block-heading\">8. J\u00e4lleenmyyj\u00e4paketin resurssit<\/h3>\n\n\n\n<p>Oikean reunan sarakkeesta l\u00f6ytyy tieto J\u00e4lleenmyyj\u00e4pakettisi k\u00e4ytett\u00e4viss\u00e4 olevista resursseista ja niiden k\u00e4ytt\u00f6asteesta. N\u00e4et linkin kautta my\u00f6s kirjautumishistoriasi ja voit tehd\u00e4 m\u00e4\u00e4rityksi\u00e4 k\u00e4ytt\u00e4j\u00e4profiiliin.<\/p>\n\n\n\n<hr class=\"wp-block-separator has-alpha-channel-opacity\"\/>\n\n\n\n<h2 class=\"wp-block-heading\" id=\"4\">4. Luo paketit<\/h2>\n\n\n\n<p>Luo ensin haluamasi webhotellipaketit, joita voit sitten m\u00e4\u00e4ritt\u00e4\u00e4 asiakkaillesi. Ohje: <a href=\"https:\/\/www.zoner.fi\/tuki\/jalleenmyyjat\/miten-luon-ja-muokkaan-kayttajien-paketteja\/\">Miten luon ja muokkaan k\u00e4ytt\u00e4jien paketteja<\/a><\/p>\n\n\n\n<hr class=\"wp-block-separator has-alpha-channel-opacity\"\/>\n\n\n\n<h2 class=\"wp-block-heading\" id=\"5\">5. Muokkaa viestej\u00e4 ja ulkoasua<\/h2>\n\n\n\n<p>DirectAdminissa voit muokata asiakkaiden n\u00e4kem\u00e4\u00e4 sis\u00e4lt\u00f6\u00e4 omaan yritykseesi sopivaksi.<\/p>\n\n\n\n<h3 class=\"wp-block-heading\">Tunnusviesti asiakkaille<\/h3>\n\n\n\n<p>Voit l\u00e4hett\u00e4\u00e4 asiakkaille webhotellin luonnin yhteydess\u00e4 automaattisen s\u00e4hk\u00f6postin, joka sis\u00e4lt\u00e4\u00e4 asiakkaan kirjautumistunnukset. Viesti on oletusarvoisesti englanniksi. Voit muokata sit\u00e4 sivulla <strong>Tilin hallinta<\/strong>&nbsp;\u2192&nbsp;<strong>Muokkaa k\u00e4ytt\u00e4j\u00e4n viesti\u00e4<\/strong>. Ohje: <a href=\"http:\/\/Miten muokkaan asiakkaan tunnusviesti\u00e4?\">Miten muokkaan asiakkaan tunnusviesti\u00e4?<\/a><\/p>\n\n\n\n<h3 class=\"wp-block-heading\">Hallintapaneelin ulkoasu<\/h3>\n\n\n\n<p>Voit muokata DirectAdmin-hallintapaneelin ulkoasua omaan yritykseesi sopivaksi. Asiakkaat n\u00e4kev\u00e4t m\u00e4\u00e4ritt\u00e4m\u00e4si ulkoasun, kun he kirjautuvat oman webhotellinsa DirectAdmin-hallintapaneeliin.<\/p>\n\n\n\n<p>Ulkoasua voi muokata sivulla <strong>J\u00e4lleenmyyj\u00e4n ty\u00f6kalut<\/strong> \u2192 <strong>Mukauta Evolution-ulkoasua<\/strong>. Ohje: <a href=\"https:\/\/www.zoner.fi\/tuki\/jalleenmyyjat\/miten-muokkaan-asiakkaan-webhotellin-ulkoasua\/\">Miten muokkaan asiakkaan webhotellin ulkoasua?<\/a><\/p>\n\n\n\n<h3 class=\"wp-block-heading\">Webhotellin oletussivu<\/h3>\n\n\n\n<p>Kun luot asiakkaalle uuden webhotellin tai verkkotunnuksen, sen osoitteessa n\u00e4ytet\u00e4\u00e4n sivu, jossa on oletuksena Zonerin logo ja tekstit. Voit vaihtaa logon ja muokata sivun sis\u00e4lt\u00f6\u00e4 sopimaan omaan yritykseesi. Ohje:  <a href=\"https:\/\/www.zoner.fi\/tuki\/jalleenmyyjat\/miten-muokkaan-webhotellin-oletustiedostoja\/\">Miten muokkaan webhotellin oletustiedostoja?<\/a><\/p>\n\n\n\n<hr class=\"wp-block-separator has-alpha-channel-opacity\"\/>\n\n\n\n<h2 class=\"wp-block-heading\" id=\"6\">6. Luo asiakkaalle webhotelli<\/h2>\n\n\n\n<p>M\u00e4\u00e4rit\u00e4 asiakkaalle jokin luomistasi webhotellipaketeista. Ohje: <a href=\"https:\/\/www.zoner.fi\/tuki\/jalleenmyyjat\/miten-luon-uuden-webhotellin\/\">Miten luon uuden webhotellin?<\/a><\/p>\n\n\n\n<hr class=\"wp-block-separator has-alpha-channel-opacity\"\/>\n\n\n\n<h2 class=\"wp-block-heading\" id=\"7\">7. Asiakkaan webhotellin hallinta<\/h2>\n\n\n\n<p>Hallitse asiakkaan webhotellia <a href=\"https:\/\/www.zoner.fi\/tuki\/jalleenmyyjat\/miten-kirjaudun-asiakkaan-webhotelliin-jalleenmyyja-tunnuksella\/\"><strong>kirjautumalla sinne DirectAdminin kautta<\/strong><\/a>.<\/p>\n\n\n\n<p>Voit esim. <a href=\"https:\/\/www.zoner.fi\/tuki\/sahkopostiohjeet\/directadmin\/miten-luon-sahkopostilaatikon-webhotellissa\/\">luoda asiakkaalle s\u00e4hk\u00f6postilaatikoita<\/a> tai <a href=\"https:\/\/www.zoner.fi\/tuki\/jalleenmyyjat\/miten-liitan-lisaverkkotunnuksen-asiakkaan-webhotelliin\/\">liitt\u00e4\u00e4 asiakkaan webhotelliin useampia verkkotunnuksia<\/a>.<\/p>\n\n\n\n<h3 class=\"wp-block-heading\">DNS- ja nimipalvelimet<\/h3>\n\n\n\n<ul class=\"wp-block-list\">\n<li><a href=\"https:\/\/www.zoner.fi\/tuki\/webhotellit\/miten-muokkaan-dns-tietueita-webhotellissa\/\">DNS-tietueiden muokkaus<\/a><\/li>\n\n\n\n<li><a href=\"https:\/\/www.zoner.fi\/tuki\/zoner-home\/miten-vaihdan-nimipalvelimet\/\">Nimipalvelimien muokkaus<\/a><\/li>\n<\/ul>\n\n\n\n<h3 class=\"wp-block-heading\">WordPress<\/h3>\n\n\n\n<p>Palvelimelle on esiasennettu <a href=\"https:\/\/developer.wordpress.org\/cli\/commands\/cli\/\" target=\"_blank\" rel=\"noopener\">WP CLI.<\/a> WordPressin voi asentaa helposti DirectAdminissa Installatron-ohjelmalla.<\/p>\n\n\n\n<ul class=\"wp-block-list\">\n<li><a href=\"https:\/\/www.zoner.fi\/tuki\/wordpress\/miten-wordpress-asennus-onnistuu\/\">WordPressin asentaminen<\/a><\/li>\n\n\n\n<li><a href=\"https:\/\/www.zoner.fi\/tuki\/kumppanit\/wordpress-template\/\">WordPress-templaten luominen DirectAdminissa <\/a><\/li>\n\n\n\n<li><a href=\"https:\/\/www.zoner.fi\/tuki\/wordpress\/miten-kaytan-wordpress-sivustoa-valiaikaisella-verkkotunnuksella\/\">WordPress-sivuston k\u00e4ytt\u00e4minen v\u00e4liaikaisella verkkotunnuksella<\/a><\/li>\n\n\n\n<li><a href=\"https:\/\/www.zoner.fi\/tuki\/wordpress\/valiaikaisella-verkkotunnuksella-luodun-wordpress-sivuston-julkaisu\/\">V\u00e4liaikaisella verkkotunnuksella luodun WordPress-sivuston julkaisu<\/a><\/li>\n\n\n\n<li><a href=\"https:\/\/www.zoner.fi\/tuki\/webhotellit\/miten-hallinnoin-kotisivujeni-automaattisia-paivityksia-ja-varmuuskopiointia\/\">Automaattisten p\u00e4ivitysten ja varmuuskopioiden m\u00e4\u00e4ritys<\/a><\/li>\n<\/ul>\n\n\n\n<h4 class=\"wp-block-heading\">Helpompi hallinta WordPress-sivustolle &#8211; Zoner Care<\/h4>\n\n\n\n<p><a href=\"https:\/\/www.zoner.fi\/zoner-care\/\">Zoner Care<\/a> -palvelu helpottaa WordPress sivuston yll\u00e4pitoa ja parantaa sen turvallisuutta. Palvelu sis\u00e4lt\u00e4\u00e4 mm. automaattiset WordPress-lis\u00e4osien, -teeman ja -ytimen p\u00e4ivitykset, s\u00e4\u00e4nn\u00f6lliset varmuuskopiot, PHP-version p\u00e4ivityksen ja paljon muuta.<\/p>\n\n\n\n<h3 class=\"wp-block-heading\">S\u00e4hk\u00f6postien luonti<\/h3>\n\n\n\n<ul class=\"wp-block-list\">\n<li><a href=\"https:\/\/www.zoner.fi\/tuki\/sahkopostiohjeet\/directadmin\/miten-kopioin-sahkopostiviestit-uuteen-postilaatikkoon\/\">S\u00e4hk\u00f6postien kopiointi edelliselt\u00e4 palveluntarjoajalta<\/a><\/li>\n\n\n\n<li><a href=\"https:\/\/www.zoner.fi\/tuki\/sahkopostiohjeet\/directadmin\/miten-luon-sahkopostilaatikon-webhotellissa\/\">S\u00e4hk\u00f6postilaatikoiden luominen<\/a><\/li>\n<\/ul>\n\n\n\n<h3 class=\"wp-block-heading\">Lis\u00e4\u00e4 ohjeita:<\/h3>\n\n\n\n<ul class=\"wp-block-list\">\n<li><a href=\"https:\/\/www.zoner.fi\/tuki\/webhotellit\/directadmin\/\">DirectAdmin-webhotelliohjeet<\/a><\/li>\n\n\n\n<li><a href=\"https:\/\/www.zoner.fi\/tuki\/kumppanit\/#jalleenmyyjat\">Ohjeet j\u00e4lleenmyyjille<\/a><\/li>\n\n\n\n<li><a href=\"https:\/\/www.zoner.fi\/tuki\/zoner-home\/\">Zoner Home -ohjeet tilauksen ja oman tilin hallintaan<\/a><\/li>\n<\/ul>\n\n\n\n<p><\/p>\n","protected":false},"excerpt":{"rendered":"<p>Kirjaudu J\u00e4lleenmyyj\u00e4-tunnuksillasi sis\u00e4\u00e4n DirectAdmin-hallintapaneeliin.<\/p>\n","protected":false},"author":1,"featured_media":0,"parent":136059,"menu_order":4,"comment_status":"closed","ping_status":"closed","template":"","meta":{"_relevanssi_hide_post":"","_relevanssi_hide_content":"","_relevanssi_pin_for_all":"","_relevanssi_pin_keywords":"","_relevanssi_unpin_keywords":"","_relevanssi_related_keywords":"","_relevanssi_related_include_ids":"","_relevanssi_related_exclude_ids":"","_relevanssi_related_no_append":"","_relevanssi_related_not_related":"","_relevanssi_related_posts":"1066,1076,1063","_relevanssi_noindex_reason":"","footnotes":""},"categories":[71],"tags":[88],"wf_page_folders":[],"class_list":{"0":"post-954","1":"page","2":"type-page","3":"status-publish","5":"category-kumppanit","6":"tag-jalleenmyyjat"},"_links":{"self":[{"href":"https:\/\/www.zoner.fi\/tuki\/wp-json\/wp\/v2\/pages\/954","targetHints":{"allow":["GET"]}}],"collection":[{"href":"https:\/\/www.zoner.fi\/tuki\/wp-json\/wp\/v2\/pages"}],"about":[{"href":"https:\/\/www.zoner.fi\/tuki\/wp-json\/wp\/v2\/types\/page"}],"author":[{"embeddable":true,"href":"https:\/\/www.zoner.fi\/tuki\/wp-json\/wp\/v2\/users\/1"}],"replies":[{"embeddable":true,"href":"https:\/\/www.zoner.fi\/tuki\/wp-json\/wp\/v2\/comments?post=954"}],"version-history":[{"count":8,"href":"https:\/\/www.zoner.fi\/tuki\/wp-json\/wp\/v2\/pages\/954\/revisions"}],"predecessor-version":[{"id":138276,"href":"https:\/\/www.zoner.fi\/tuki\/wp-json\/wp\/v2\/pages\/954\/revisions\/138276"}],"up":[{"embeddable":true,"href":"https:\/\/www.zoner.fi\/tuki\/wp-json\/wp\/v2\/pages\/136059"}],"wp:attachment":[{"href":"https:\/\/www.zoner.fi\/tuki\/wp-json\/wp\/v2\/media?parent=954"}],"wp:term":[{"taxonomy":"category","embeddable":true,"href":"https:\/\/www.zoner.fi\/tuki\/wp-json\/wp\/v2\/categories?post=954"},{"taxonomy":"post_tag","embeddable":true,"href":"https:\/\/www.zoner.fi\/tuki\/wp-json\/wp\/v2\/tags?post=954"},{"taxonomy":"wf_page_folders","embeddable":true,"href":"https:\/\/www.zoner.fi\/tuki\/wp-json\/wp\/v2\/wf_page_folders?post=954"}],"curies":[{"name":"wp","href":"https:\/\/api.w.org\/{rel}","templated":true}]}}