{"id":967,"date":"2019-03-02T16:35:00","date_gmt":"2019-03-02T14:35:00","guid":{"rendered":"https:\/\/www.zoner.fi\/tuki\/?page_id=967"},"modified":"2025-11-28T14:44:48","modified_gmt":"2025-11-28T12:44:48","slug":"miten-muokkaan-yksittaisen-webhotellin-ominaisuuksia","status":"publish","type":"page","link":"https:\/\/www.zoner.fi\/tuki\/kumppanit\/miten-muokkaan-yksittaisen-webhotellin-ominaisuuksia\/","title":{"rendered":"Miten muokkaan yksitt\u00e4isen webhotellin ominaisuuksia?"},"content":{"rendered":"\n<p><em>Ohje tarkistettu: 14.11.2019<\/em><\/p>\n\n\n\n<p>Voit muokata yksitt\u00e4isen, jo luodun, webhotellin ominaisuuksia. Voit my\u00f6s p\u00e4ivitt\u00e4\u00e4 asiakkaan webhotellipaketin toiseen luomaasi pakettiin suoraan asiakaswebhotellin tiedoista.<\/p>\n\n\n\n<p>1. Kirjaudu J\u00e4lleenmyyj\u00e4-tunnuksilla sis\u00e4\u00e4n DirectAdmin-hallintapaneeliin. Ohje:&nbsp;<a href=\"https:\/\/www.zoner.fi\/tuki\/webhotellit\/miten-kaytan-directadmin-hallintapaneelia\/\">DirectAdmin-hallintapaneeli<\/a><\/p>\n\n\n\n<p>2. Valitse p\u00e4\u00e4valikosta <strong>Tilin hallinta<\/strong> \u2192 <strong>Listaa k\u00e4ytt\u00e4j\u00e4t<\/strong>.<\/p>\n\n\n\n<figure class=\"wp-block-image size-full\"><img loading=\"lazy\" decoding=\"async\" width=\"759\" height=\"491\" src=\"https:\/\/www.zoner.fi\/tuki\/wp-content\/uploads\/2025\/11\/da-listaa-kayttajat.png\" alt=\"\" class=\"wp-image-138014\" srcset=\"https:\/\/www.zoner.fi\/tuki\/wp-content\/uploads\/2025\/11\/da-listaa-kayttajat.png 759w, https:\/\/www.zoner.fi\/tuki\/wp-content\/uploads\/2025\/11\/da-listaa-kayttajat-300x194.png 300w\" sizes=\"auto, (max-width: 759px) 100vw, 759px\" \/><\/figure>\n\n\n\n<p>T\u00e4lt\u00e4 sivulta voit\u00a0 suorittaa erilaisia toimintoja, kuten poistaa k\u00e4ytt\u00e4j\u00e4n tai sulkea h\u00e4nen tilins\u00e4 v\u00e4liaikaisesti.<\/p>\n\n\n\n<h3 class=\"wp-block-heading\">K\u00e4ytt\u00e4j\u00e4tilin asetusten muuttaminen<\/h3>\n\n\n\n<p>Valitse muokattava k\u00e4ytt\u00e4j\u00e4tili listalta klikkaamalla k\u00e4ytt\u00e4j\u00e4tunnusta. Voit my\u00f6s etsi\u00e4 k\u00e4ytt\u00e4j\u00e4tili\u00e4 hakutoiminnon avulla. Klikkaa sinist\u00e4 <strong>Toiminnot<\/strong>-painiketta ja avautuvasta ikkunasta <strong>Muokkaa k\u00e4ytt\u00e4j\u00e4\u00e4<\/strong>.<\/p>\n\n\n\n<figure class=\"wp-block-image size-full\"><img loading=\"lazy\" decoding=\"async\" width=\"900\" height=\"266\" src=\"https:\/\/www.zoner.fi\/tuki\/wp-content\/uploads\/2021\/11\/jamy-ssl-tuki-kayttajakohtainen-muokkaus-valikko.jpg\" alt=\"\" class=\"wp-image-971\" srcset=\"https:\/\/www.zoner.fi\/tuki\/wp-content\/uploads\/2021\/11\/jamy-ssl-tuki-kayttajakohtainen-muokkaus-valikko.jpg 900w, https:\/\/www.zoner.fi\/tuki\/wp-content\/uploads\/2021\/11\/jamy-ssl-tuki-kayttajakohtainen-muokkaus-valikko-300x89.jpg 300w, https:\/\/www.zoner.fi\/tuki\/wp-content\/uploads\/2021\/11\/jamy-ssl-tuki-kayttajakohtainen-muokkaus-valikko-768x227.jpg 768w\" sizes=\"auto, (max-width: 900px) 100vw, 900px\" \/><\/figure>\n\n\n\n<p>Tee haluamasi muutokset ja tallenna ne klikkaamalla Tallenna.<\/p>\n\n\n\n<h3 class=\"wp-block-heading\">K\u00e4ytt\u00e4j\u00e4n paketin vaihtaminen<\/h3>\n\n\n\n<p>Valitse muokattava k\u00e4ytt\u00e4j\u00e4tili listalta klikkaamalla k\u00e4ytt\u00e4j\u00e4tunnusta. Voit my\u00f6s etsi\u00e4 k\u00e4ytt\u00e4j\u00e4tili\u00e4 hakutoiminnon avulla. Klikkaa sinist\u00e4 Toiminnot-painiketta ja avautuvasta ikkunasta Muokkaa k\u00e4ytt\u00e4j\u00e4\u00e4.<\/p>\n\n\n\n<figure class=\"wp-block-image size-full\"><img loading=\"lazy\" decoding=\"async\" width=\"900\" height=\"266\" src=\"https:\/\/www.zoner.fi\/tuki\/wp-content\/uploads\/2021\/11\/jamy-ssl-tuki-kayttajakohtainen-muokkaus-valikko.jpg\" alt=\"\" class=\"wp-image-971\" srcset=\"https:\/\/www.zoner.fi\/tuki\/wp-content\/uploads\/2021\/11\/jamy-ssl-tuki-kayttajakohtainen-muokkaus-valikko.jpg 900w, https:\/\/www.zoner.fi\/tuki\/wp-content\/uploads\/2021\/11\/jamy-ssl-tuki-kayttajakohtainen-muokkaus-valikko-300x89.jpg 300w, https:\/\/www.zoner.fi\/tuki\/wp-content\/uploads\/2021\/11\/jamy-ssl-tuki-kayttajakohtainen-muokkaus-valikko-768x227.jpg 768w\" sizes=\"auto, (max-width: 900px) 100vw, 900px\" \/><\/figure>\n\n\n\n<p>Valitse uusi paketti kohdan M\u00e4\u00e4rit\u00e4 paketiksi alasvetovalikosta ja klikkaa Tallenna.<\/p>\n\n\n\n<figure class=\"wp-block-image size-full\"><img loading=\"lazy\" decoding=\"async\" width=\"900\" height=\"372\" src=\"https:\/\/www.zoner.fi\/tuki\/wp-content\/uploads\/2021\/11\/jamy-vaihda-kayttajan-pakettia.jpg\" alt=\"\" class=\"wp-image-973\" srcset=\"https:\/\/www.zoner.fi\/tuki\/wp-content\/uploads\/2021\/11\/jamy-vaihda-kayttajan-pakettia.jpg 900w, https:\/\/www.zoner.fi\/tuki\/wp-content\/uploads\/2021\/11\/jamy-vaihda-kayttajan-pakettia-300x124.jpg 300w, https:\/\/www.zoner.fi\/tuki\/wp-content\/uploads\/2021\/11\/jamy-vaihda-kayttajan-pakettia-768x317.jpg 768w\" sizes=\"auto, (max-width: 900px) 100vw, 900px\" \/><\/figure>\n\n\n\n<h3 class=\"wp-block-heading\">V\u00e4liaikainen kaistanleveyden lis\u00e4ys<\/h3>\n\n\n\n<p>Valitse muokattava k\u00e4ytt\u00e4j\u00e4tili listalta klikkaamalla k\u00e4ytt\u00e4j\u00e4tunnusta.<\/p>\n\n\n\n<p>Valitse K\u00e4ytt\u00f6tilastot-v\u00e4lilehti. Klikkaa kyn\u00e4-kuvaketta kohdassa Kaistanleveys. Anna lis\u00e4kaistanleveys (megabittein\u00e4 eli 1GB = 1000MB) ja tallenna muutokset klikkaamalla Lis\u00e4\u00e4 kaistanleveytt\u00e4.<\/p>\n\n\n\n<figure class=\"wp-block-image size-full\"><img loading=\"lazy\" decoding=\"async\" width=\"900\" height=\"210\" src=\"https:\/\/www.zoner.fi\/tuki\/wp-content\/uploads\/2021\/11\/jamy-lisakaistan-myontaminen.jpg\" alt=\"\" class=\"wp-image-977\" srcset=\"https:\/\/www.zoner.fi\/tuki\/wp-content\/uploads\/2021\/11\/jamy-lisakaistan-myontaminen.jpg 900w, https:\/\/www.zoner.fi\/tuki\/wp-content\/uploads\/2021\/11\/jamy-lisakaistan-myontaminen-300x70.jpg 300w, https:\/\/www.zoner.fi\/tuki\/wp-content\/uploads\/2021\/11\/jamy-lisakaistan-myontaminen-768x179.jpg 768w\" sizes=\"auto, (max-width: 900px) 100vw, 900px\" \/><\/figure>\n\n\n\n<p>Huomioithan, ett\u00e4 mik\u00e4li muutat yksitt\u00e4isi\u00e4 resursseja, kuten levytilan m\u00e4\u00e4r\u00e4\u00e4, vaihtuu webhotellin paketti CUSTOM -tilaan, jolloin mahdolliset webhotellipaketin muutokset ylemm\u00e4ll\u00e4 tasolla eiv\u00e4t vaikuta kyseisen asiakkaan webhotelliin. T\u00e4m\u00e4n voi peruuttaa asettamalla webhotellin takaisin alkuper\u00e4iseen pakettiin M\u00e4\u00e4rit\u00e4 paketiksi -osiosta.<\/p>\n","protected":false},"excerpt":{"rendered":"<p>Voit muokata yksitt\u00e4isen, jo luodun, webhotellin ominaisuuksia. Voit my\u00f6s p\u00e4ivitt\u00e4\u00e4 asiakkaan webhotellipaketin toiseen luomaasi pakettiin k\u00e4tev\u00e4sti suoraan asiakaswebhotellin tiedoista.<\/p>\n","protected":false},"author":1,"featured_media":0,"parent":136059,"menu_order":14,"comment_status":"closed","ping_status":"closed","template":"","meta":{"_relevanssi_hide_post":"","_relevanssi_hide_content":"","_relevanssi_pin_for_all":"","_relevanssi_pin_keywords":"","_relevanssi_unpin_keywords":"","_relevanssi_related_keywords":"","_relevanssi_related_include_ids":"","_relevanssi_related_exclude_ids":"","_relevanssi_related_no_append":"","_relevanssi_related_not_related":"","_relevanssi_related_posts":"1063,1066,1076","_relevanssi_noindex_reason":"","footnotes":""},"categories":[71],"tags":[88],"wf_page_folders":[],"class_list":{"0":"post-967","1":"page","2":"type-page","3":"status-publish","5":"category-kumppanit","6":"tag-jalleenmyyjat"},"_links":{"self":[{"href":"https:\/\/www.zoner.fi\/tuki\/wp-json\/wp\/v2\/pages\/967","targetHints":{"allow":["GET"]}}],"collection":[{"href":"https:\/\/www.zoner.fi\/tuki\/wp-json\/wp\/v2\/pages"}],"about":[{"href":"https:\/\/www.zoner.fi\/tuki\/wp-json\/wp\/v2\/types\/page"}],"author":[{"embeddable":true,"href":"https:\/\/www.zoner.fi\/tuki\/wp-json\/wp\/v2\/users\/1"}],"replies":[{"embeddable":true,"href":"https:\/\/www.zoner.fi\/tuki\/wp-json\/wp\/v2\/comments?post=967"}],"version-history":[{"count":3,"href":"https:\/\/www.zoner.fi\/tuki\/wp-json\/wp\/v2\/pages\/967\/revisions"}],"predecessor-version":[{"id":138015,"href":"https:\/\/www.zoner.fi\/tuki\/wp-json\/wp\/v2\/pages\/967\/revisions\/138015"}],"up":[{"embeddable":true,"href":"https:\/\/www.zoner.fi\/tuki\/wp-json\/wp\/v2\/pages\/136059"}],"wp:attachment":[{"href":"https:\/\/www.zoner.fi\/tuki\/wp-json\/wp\/v2\/media?parent=967"}],"wp:term":[{"taxonomy":"category","embeddable":true,"href":"https:\/\/www.zoner.fi\/tuki\/wp-json\/wp\/v2\/categories?post=967"},{"taxonomy":"post_tag","embeddable":true,"href":"https:\/\/www.zoner.fi\/tuki\/wp-json\/wp\/v2\/tags?post=967"},{"taxonomy":"wf_page_folders","embeddable":true,"href":"https:\/\/www.zoner.fi\/tuki\/wp-json\/wp\/v2\/wf_page_folders?post=967"}],"curies":[{"name":"wp","href":"https:\/\/api.w.org\/{rel}","templated":true}]}}