{"id":980,"date":"2019-03-02T16:45:00","date_gmt":"2019-03-02T14:45:00","guid":{"rendered":"https:\/\/www.zoner.fi\/tuki\/?page_id=980"},"modified":"2025-11-28T14:44:57","modified_gmt":"2025-11-28T12:44:57","slug":"miten-suljen-tai-avaan-webhotellin","status":"publish","type":"page","link":"https:\/\/www.zoner.fi\/tuki\/kumppanit\/miten-suljen-tai-avaan-webhotellin\/","title":{"rendered":"Miten suljen tai avaan webhotellin?"},"content":{"rendered":"\n<p><em>Ohje tarkistettu: 14.11.2019<\/em><\/p>\n\n\n\n<p>Yksitt\u00e4isen webhotellin voi sulkea manuaalisesti J\u00e4lleenmyyj\u00e4n toimesta tai se voi sulkeutua automaattisesti esimerkiksi asiakkaan ylitt\u00e4ess\u00e4 siirtorajan k\u00e4ytt\u00f6rajan. Zoner monitoroi aktiivisesti ja joutuu sulkemaan webhotelleja, jotka on hakkeroitu tai ne l\u00e4hett\u00e4v\u00e4t haittakoodia tai massiivisesti roskapostia.<\/p>\n\n\n\n<p>Kirjaudu J\u00e4lleenmyyj\u00e4-tunnuksillasi sis\u00e4\u00e4n DirectAdmin-hallintapaneeliin.<\/p>\n\n\n\n<p>Valitse p\u00e4\u00e4valikosta Tilin hallinta \u2013 Listaa k\u00e4ytt\u00e4j\u00e4t.<\/p>\n\n\n\n<figure class=\"wp-block-image size-full\"><img loading=\"lazy\" decoding=\"async\" width=\"500\" height=\"268\" src=\"https:\/\/www.zoner.fi\/tuki\/wp-content\/uploads\/2021\/11\/jamy-listaa-kayttajat-paavalikko.jpg\" alt=\"\" class=\"wp-image-969\" srcset=\"https:\/\/www.zoner.fi\/tuki\/wp-content\/uploads\/2021\/11\/jamy-listaa-kayttajat-paavalikko.jpg 500w, https:\/\/www.zoner.fi\/tuki\/wp-content\/uploads\/2021\/11\/jamy-listaa-kayttajat-paavalikko-300x161.jpg 300w\" sizes=\"auto, (max-width: 500px) 100vw, 500px\" \/><\/figure>\n\n\n\n<h3 class=\"wp-block-heading\">K\u00e4ytt\u00e4j\u00e4tilin sulkeminen<\/h3>\n\n\n\n<p>Laita valinta muokattavan k\u00e4ytt\u00e4j\u00e4tunnuksen kohdalla olevaan ruutuun. Klikkaa Est\u00e4 k\u00e4ytt\u00f6.<\/p>\n\n\n\n<figure class=\"wp-block-image size-full\"><img loading=\"lazy\" decoding=\"async\" width=\"900\" height=\"176\" src=\"https:\/\/www.zoner.fi\/tuki\/wp-content\/uploads\/2021\/11\/jamy-listaa-kayttajat-esta-tilin-kaytto.jpg\" alt=\"\" class=\"wp-image-984\" srcset=\"https:\/\/www.zoner.fi\/tuki\/wp-content\/uploads\/2021\/11\/jamy-listaa-kayttajat-esta-tilin-kaytto.jpg 900w, https:\/\/www.zoner.fi\/tuki\/wp-content\/uploads\/2021\/11\/jamy-listaa-kayttajat-esta-tilin-kaytto-300x59.jpg 300w, https:\/\/www.zoner.fi\/tuki\/wp-content\/uploads\/2021\/11\/jamy-listaa-kayttajat-esta-tilin-kaytto-768x150.jpg 768w\" sizes=\"auto, (max-width: 900px) 100vw, 900px\" \/><\/figure>\n\n\n\n<p>Valitse avautuvasta ponnahdusikkunasta k\u00e4yt\u00f6n eston syy ja tallenna muutokset klikkaamalla Est\u00e4 k\u00e4ytt\u00f6.<\/p>\n\n\n\n<figure class=\"wp-block-image size-full\"><img loading=\"lazy\" decoding=\"async\" width=\"500\" height=\"475\" src=\"https:\/\/www.zoner.fi\/tuki\/wp-content\/uploads\/2021\/11\/jamy-esta-kayttajan-kaytto-listaus.jpg\" alt=\"\" class=\"wp-image-985\" srcset=\"https:\/\/www.zoner.fi\/tuki\/wp-content\/uploads\/2021\/11\/jamy-esta-kayttajan-kaytto-listaus.jpg 500w, https:\/\/www.zoner.fi\/tuki\/wp-content\/uploads\/2021\/11\/jamy-esta-kayttajan-kaytto-listaus-300x285.jpg 300w\" sizes=\"auto, (max-width: 500px) 100vw, 500px\" \/><\/figure>\n\n\n\n<h3 class=\"wp-block-heading\">K\u00e4ytt\u00e4j\u00e4tilin avaaminen sulkemisen j\u00e4lkeen<\/h3>\n\n\n\n<p>Laita valinta muokattavan k\u00e4ytt\u00e4j\u00e4tunnuksen kohdalla olevaan ruutuun. Klikkaa Peru k\u00e4yt\u00f6n esto.<\/p>\n\n\n\n<figure class=\"wp-block-image size-full\"><img loading=\"lazy\" decoding=\"async\" width=\"900\" height=\"176\" src=\"https:\/\/www.zoner.fi\/tuki\/wp-content\/uploads\/2021\/11\/jamy-listaa-kayttajat-esta-tilin-kaytto.jpg\" alt=\"\" class=\"wp-image-984\" srcset=\"https:\/\/www.zoner.fi\/tuki\/wp-content\/uploads\/2021\/11\/jamy-listaa-kayttajat-esta-tilin-kaytto.jpg 900w, https:\/\/www.zoner.fi\/tuki\/wp-content\/uploads\/2021\/11\/jamy-listaa-kayttajat-esta-tilin-kaytto-300x59.jpg 300w, https:\/\/www.zoner.fi\/tuki\/wp-content\/uploads\/2021\/11\/jamy-listaa-kayttajat-esta-tilin-kaytto-768x150.jpg 768w\" sizes=\"auto, (max-width: 900px) 100vw, 900px\" \/><\/figure>\n\n\n\n<p>Samat toiminnot l\u00f6ytyv\u00e4t my\u00f6s useista muista asiakkaan tili\u00e4 hallinnoivista osioista, kuten k\u00e4ytt\u00e4j\u00e4n muokkausn\u00e4kym\u00e4st\u00e4.<\/p>\n\n\n\n<p><strong>Huomioithan, ett\u00e4 mik\u00e4li Zoner on sulkenut asiakkaan webhotellin esimerkiksi haittaohjelmilla saastuneiden kotisivujen vuoksi, tulee sivusto puhdistaa haittakoodista ennen palvelun uudelleenavausta.<\/strong><\/p>\n","protected":false},"excerpt":{"rendered":"<p>Yksitt\u00e4isen webhotellin voi sulkea manuaalisesti J\u00e4lleenmyyj\u00e4n toimesta tai se voi sulkeutua automaattisesti esimerkiksi asiakkaan ylitt\u00e4ess\u00e4 siirtorajan k\u00e4ytt\u00f6rajan.<\/p>\n","protected":false},"author":1,"featured_media":0,"parent":136059,"menu_order":15,"comment_status":"closed","ping_status":"closed","template":"","meta":{"_relevanssi_hide_post":"","_relevanssi_hide_content":"","_relevanssi_pin_for_all":"","_relevanssi_pin_keywords":"","_relevanssi_unpin_keywords":"","_relevanssi_related_keywords":"","_relevanssi_related_include_ids":"","_relevanssi_related_exclude_ids":"","_relevanssi_related_no_append":"","_relevanssi_related_not_related":"","_relevanssi_related_posts":"1063,1076,1066","_relevanssi_noindex_reason":"","footnotes":""},"categories":[71],"tags":[88],"wf_page_folders":[],"class_list":{"0":"post-980","1":"page","2":"type-page","3":"status-publish","5":"category-kumppanit","6":"tag-jalleenmyyjat"},"_links":{"self":[{"href":"https:\/\/www.zoner.fi\/tuki\/wp-json\/wp\/v2\/pages\/980","targetHints":{"allow":["GET"]}}],"collection":[{"href":"https:\/\/www.zoner.fi\/tuki\/wp-json\/wp\/v2\/pages"}],"about":[{"href":"https:\/\/www.zoner.fi\/tuki\/wp-json\/wp\/v2\/types\/page"}],"author":[{"embeddable":true,"href":"https:\/\/www.zoner.fi\/tuki\/wp-json\/wp\/v2\/users\/1"}],"replies":[{"embeddable":true,"href":"https:\/\/www.zoner.fi\/tuki\/wp-json\/wp\/v2\/comments?post=980"}],"version-history":[{"count":2,"href":"https:\/\/www.zoner.fi\/tuki\/wp-json\/wp\/v2\/pages\/980\/revisions"}],"predecessor-version":[{"id":129832,"href":"https:\/\/www.zoner.fi\/tuki\/wp-json\/wp\/v2\/pages\/980\/revisions\/129832"}],"up":[{"embeddable":true,"href":"https:\/\/www.zoner.fi\/tuki\/wp-json\/wp\/v2\/pages\/136059"}],"wp:attachment":[{"href":"https:\/\/www.zoner.fi\/tuki\/wp-json\/wp\/v2\/media?parent=980"}],"wp:term":[{"taxonomy":"category","embeddable":true,"href":"https:\/\/www.zoner.fi\/tuki\/wp-json\/wp\/v2\/categories?post=980"},{"taxonomy":"post_tag","embeddable":true,"href":"https:\/\/www.zoner.fi\/tuki\/wp-json\/wp\/v2\/tags?post=980"},{"taxonomy":"wf_page_folders","embeddable":true,"href":"https:\/\/www.zoner.fi\/tuki\/wp-json\/wp\/v2\/wf_page_folders?post=980"}],"curies":[{"name":"wp","href":"https:\/\/api.w.org\/{rel}","templated":true}]}}