{"id":989,"date":"2019-03-02T16:00:00","date_gmt":"2019-03-02T14:00:00","guid":{"rendered":"https:\/\/www.zoner.fi\/tuki\/?page_id=989"},"modified":"2025-11-28T14:44:39","modified_gmt":"2025-11-28T12:44:39","slug":"miten-muokkaan-webhotellin-oletustiedostoja","status":"publish","type":"page","link":"https:\/\/www.zoner.fi\/tuki\/kumppanit\/miten-muokkaan-webhotellin-oletustiedostoja\/","title":{"rendered":"Miten muokkaan webhotellin oletustiedostoja?"},"content":{"rendered":"\n<p><em>Ohje tarkistettu: 14.11.2019<\/em><\/p>\n\n\n\n<p>Aina kun palvelusta luodaan uusi <a href=\"https:\/\/www.zoner.fi\/webhotellit\/\">webhotelli<\/a> tai uusi verkkotunnus, populoidaan sen hakemisto automaattisesti oletussis\u00e4ll\u00f6ll\u00e4. Oletuksena asiakkaan verkkotunnuksen alla n\u00e4kyisi seuraava info-n\u00e4kym\u00e4.<\/p>\n\n\n\n<figure class=\"wp-block-image size-full\"><img loading=\"lazy\" decoding=\"async\" width=\"900\" height=\"432\" src=\"https:\/\/www.zoner.fi\/tuki\/wp-content\/uploads\/2021\/11\/zoner-oletusviesti-webhotelli.jpg\" alt=\"\" class=\"wp-image-990\" srcset=\"https:\/\/www.zoner.fi\/tuki\/wp-content\/uploads\/2021\/11\/zoner-oletusviesti-webhotelli.jpg 900w, https:\/\/www.zoner.fi\/tuki\/wp-content\/uploads\/2021\/11\/zoner-oletusviesti-webhotelli-300x144.jpg 300w, https:\/\/www.zoner.fi\/tuki\/wp-content\/uploads\/2021\/11\/zoner-oletusviesti-webhotelli-768x369.jpg 768w\" sizes=\"auto, (max-width: 900px) 100vw, 900px\" \/><\/figure>\n\n\n\n<p>Voit luoda oman oletusn\u00e4kym\u00e4n webhotellik\u00e4ytt\u00e4jille muokkaamalla oletustiedostoja.<\/p>\n\n\n\n<p>P\u00e4\u00e4set k\u00e4siksi tiedostoihin, joko FTP-yhteydell\u00e4 tai hallintapaneelin tiedostonhallinna kautta.<\/p>\n\n\n\n<h3 class=\"wp-block-heading\">FTP-yhteys<\/h3>\n\n\n\n<figure class=\"wp-block-table\"><table><tbody><tr><td>Host<\/td><td>wwwXX.zoner.fi, jossa XX on palvelimen numero<\/td><\/tr><tr><td>User<\/td><td>J\u00e4lleenmyyj\u00e4-k\u00e4ytt\u00e4j\u00e4tunnuksesi<\/td><\/tr><tr><td>Password<\/td><td>J\u00e4lleenmyyj\u00e4-salasanasi<\/td><\/tr><\/tbody><\/table><\/figure>\n\n\n\n<p>Oikea osoiterakenne tiedostoille on domains&nbsp;-&gt;&nbsp;default, jonka alta l\u00f6yd\u00e4t oletuksena k\u00e4ytett\u00e4v\u00e4t tiedostot.<\/p>\n\n\n\n<h3 class=\"wp-block-heading\">Hallintapaneelin tiedostonhallinta<\/h3>\n\n\n\n<p>Kirjaudu J\u00e4lleenmyyj\u00e4-tunnuksillasi sis\u00e4\u00e4n DirectAdmin-hallintapaneeliin.<\/p>\n\n\n\n<p>Valitse p\u00e4\u00e4valikosta J\u00e4rjestelm\u00e4n tiedot ja tiedostot \u2013 Tiedostonhallinta<\/p>\n\n\n\n<p>Oletustiedostojen kansio l\u00f6ytyy polusta domains -&gt; default.<\/p>\n\n\n\n<p>Vie hiiri muokattavan tiedoston nimen p\u00e4\u00e4lle ja valitse avautuvasta ikkunasta Muokkaa tiedostoa.<\/p>\n\n\n\n<figure class=\"wp-block-image size-full\"><img loading=\"lazy\" decoding=\"async\" width=\"900\" height=\"459\" src=\"https:\/\/www.zoner.fi\/tuki\/wp-content\/uploads\/2021\/11\/domains-default-oletusviestit.jpg\" alt=\"\" class=\"wp-image-995\" srcset=\"https:\/\/www.zoner.fi\/tuki\/wp-content\/uploads\/2021\/11\/domains-default-oletusviestit.jpg 900w, https:\/\/www.zoner.fi\/tuki\/wp-content\/uploads\/2021\/11\/domains-default-oletusviestit-300x153.jpg 300w, https:\/\/www.zoner.fi\/tuki\/wp-content\/uploads\/2021\/11\/domains-default-oletusviestit-768x392.jpg 768w\" sizes=\"auto, (max-width: 900px) 100vw, 900px\" \/><\/figure>\n\n\n\n<p>Tee muokkaukset ja tallenna.<\/p>\n","protected":false},"excerpt":{"rendered":"<p>Aina kun palvelusta luodaan uusi webhotelli tai uusi verkkotunnus, populoidaan sen hakemisto automaattisesti oletussis\u00e4ll\u00f6ll\u00e4. Oletuksena asiakkaan verkkotunnuksen alla n\u00e4kyisi seuraava info-n\u00e4kym\u00e4.<\/p>\n","protected":false},"author":1,"featured_media":0,"parent":136059,"menu_order":13,"comment_status":"closed","ping_status":"closed","template":"","meta":{"_relevanssi_hide_post":"","_relevanssi_hide_content":"","_relevanssi_pin_for_all":"","_relevanssi_pin_keywords":"","_relevanssi_unpin_keywords":"","_relevanssi_related_keywords":"","_relevanssi_related_include_ids":"","_relevanssi_related_exclude_ids":"","_relevanssi_related_no_append":"","_relevanssi_related_not_related":"","_relevanssi_related_posts":"1076,1063,1066","_relevanssi_noindex_reason":"","footnotes":""},"categories":[71],"tags":[88],"wf_page_folders":[],"class_list":{"0":"post-989","1":"page","2":"type-page","3":"status-publish","5":"category-kumppanit","6":"tag-jalleenmyyjat"},"_links":{"self":[{"href":"https:\/\/www.zoner.fi\/tuki\/wp-json\/wp\/v2\/pages\/989","targetHints":{"allow":["GET"]}}],"collection":[{"href":"https:\/\/www.zoner.fi\/tuki\/wp-json\/wp\/v2\/pages"}],"about":[{"href":"https:\/\/www.zoner.fi\/tuki\/wp-json\/wp\/v2\/types\/page"}],"author":[{"embeddable":true,"href":"https:\/\/www.zoner.fi\/tuki\/wp-json\/wp\/v2\/users\/1"}],"replies":[{"embeddable":true,"href":"https:\/\/www.zoner.fi\/tuki\/wp-json\/wp\/v2\/comments?post=989"}],"version-history":[{"count":4,"href":"https:\/\/www.zoner.fi\/tuki\/wp-json\/wp\/v2\/pages\/989\/revisions"}],"predecessor-version":[{"id":131435,"href":"https:\/\/www.zoner.fi\/tuki\/wp-json\/wp\/v2\/pages\/989\/revisions\/131435"}],"up":[{"embeddable":true,"href":"https:\/\/www.zoner.fi\/tuki\/wp-json\/wp\/v2\/pages\/136059"}],"wp:attachment":[{"href":"https:\/\/www.zoner.fi\/tuki\/wp-json\/wp\/v2\/media?parent=989"}],"wp:term":[{"taxonomy":"category","embeddable":true,"href":"https:\/\/www.zoner.fi\/tuki\/wp-json\/wp\/v2\/categories?post=989"},{"taxonomy":"post_tag","embeddable":true,"href":"https:\/\/www.zoner.fi\/tuki\/wp-json\/wp\/v2\/tags?post=989"},{"taxonomy":"wf_page_folders","embeddable":true,"href":"https:\/\/www.zoner.fi\/tuki\/wp-json\/wp\/v2\/wf_page_folders?post=989"}],"curies":[{"name":"wp","href":"https:\/\/api.w.org\/{rel}","templated":true}]}}