{"id":997,"date":"2019-03-02T15:55:00","date_gmt":"2019-03-02T13:55:00","guid":{"rendered":"https:\/\/www.zoner.fi\/tuki\/?page_id=997"},"modified":"2025-11-28T14:44:16","modified_gmt":"2025-11-28T12:44:16","slug":"miten-muokkaan-suljettu-suspended-nakymaa","status":"publish","type":"page","link":"https:\/\/www.zoner.fi\/tuki\/kumppanit\/miten-muokkaan-suljettu-suspended-nakymaa\/","title":{"rendered":"Miten muokkaan suljettu (suspended) -n\u00e4kym\u00e4\u00e4?"},"content":{"rendered":"\n<p><em>Ohje tarkistettu: 14.11.2019<\/em><\/p>\n\n\n\n<p>Mik\u00e4li asiakkaan webhotelli suljetaan, n\u00e4ytet\u00e4\u00e4n h\u00e4nelle oletuksena yksinkertaista Suspended-n\u00e4kym\u00e4\u00e4.<\/p>\n\n\n\n<p>Voit luoda oman Suspended-n\u00e4kym\u00e4n webhotellik\u00e4ytt\u00e4jille muokkaamalla Suspended-tilan tiedostoja.<\/p>\n\n\n\n<p>P\u00e4\u00e4set k\u00e4siksi tiedostoihin, joko FTP-yhteydell\u00e4 tai hallintapaneelin tiedostonhallinna kautta.<\/p>\n\n\n\n<h3 class=\"wp-block-heading\">FTP-yhteys<\/h3>\n\n\n\n<figure class=\"wp-block-table\"><table><tbody><tr><td>Host<\/td><td>wwwXX.zoner.fi, jossa XX on palvelimen numero<\/td><\/tr><tr><td>User<\/td><td>J\u00e4lleenmyyj\u00e4-k\u00e4ytt\u00e4j\u00e4tunnuksesi<\/td><\/tr><tr><td>Password<\/td><td>J\u00e4lleenmyyj\u00e4-salasanasi<\/td><\/tr><\/tbody><\/table><\/figure>\n\n\n\n<p>Oikea osoiterakenne tiedostoille on domains&nbsp;-&gt;&nbsp;suspended, jonka alta l\u00f6yd\u00e4t oletuksena k\u00e4ytett\u00e4v\u00e4n index.html tiedoston.<\/p>\n\n\n\n<h3 class=\"wp-block-heading\">Hallintapaneelin tiedostonhallinta<\/h3>\n\n\n\n<p>1. Kirjaudu J\u00e4lleenmyyj\u00e4-tunnuksillasi sis\u00e4\u00e4n DirectAdmin-hallintapaneeliin.<\/p>\n\n\n\n<p>2. Valitse p\u00e4\u00e4valikosta J\u00e4rjestelm\u00e4n tiedot ja tiedostot \u2013 Tiedostonhallinta.<\/p>\n\n\n\n<p>3. Suspended-kansio l\u00f6ytyy polusta Domains -&gt; Suspended, jonka alta index.html tiedosto l\u00f6ytyy.<\/p>\n\n\n\n<p>4. Vie hiiri muokattavan tiedoston nimen p\u00e4\u00e4lle ja valitse avautuvasta ikkunasta Muokkaa tiedostoa.<\/p>\n\n\n\n<figure class=\"wp-block-image size-full\"><img loading=\"lazy\" decoding=\"async\" width=\"500\" height=\"310\" src=\"https:\/\/www.zoner.fi\/tuki\/wp-content\/uploads\/2021\/11\/filemanager-tiedoston-muokkaus.jpg\" alt=\"\" class=\"wp-image-1001\" srcset=\"https:\/\/www.zoner.fi\/tuki\/wp-content\/uploads\/2021\/11\/filemanager-tiedoston-muokkaus.jpg 500w, https:\/\/www.zoner.fi\/tuki\/wp-content\/uploads\/2021\/11\/filemanager-tiedoston-muokkaus-300x186.jpg 300w\" sizes=\"auto, (max-width: 500px) 100vw, 500px\" \/><\/figure>\n\n\n\n<p>5. Tee muokkaukset ja tallenna.<\/p>\n","protected":false},"excerpt":{"rendered":"<p>Mik\u00e4li asiakkaan webhotelli suljetaan, n\u00e4ytet\u00e4\u00e4n h\u00e4nelle oletuksena yksinkertaista Suspended-n\u00e4kym\u00e4\u00e4. Voit luoda oman Suspended-n\u00e4kym\u00e4n webhotellik\u00e4ytt\u00e4jille muokkaamalla Suspended-tilan tiedostoja.<\/p>\n","protected":false},"author":1,"featured_media":0,"parent":136059,"menu_order":10,"comment_status":"closed","ping_status":"closed","template":"","meta":{"_relevanssi_hide_post":"","_relevanssi_hide_content":"","_relevanssi_pin_for_all":"","_relevanssi_pin_keywords":"","_relevanssi_unpin_keywords":"","_relevanssi_related_keywords":"","_relevanssi_related_include_ids":"","_relevanssi_related_exclude_ids":"","_relevanssi_related_no_append":"","_relevanssi_related_not_related":"","_relevanssi_related_posts":"1063,1076,1066","_relevanssi_noindex_reason":"","footnotes":""},"categories":[71],"tags":[88],"wf_page_folders":[],"class_list":{"0":"post-997","1":"page","2":"type-page","3":"status-publish","5":"category-kumppanit","6":"tag-jalleenmyyjat"},"_links":{"self":[{"href":"https:\/\/www.zoner.fi\/tuki\/wp-json\/wp\/v2\/pages\/997","targetHints":{"allow":["GET"]}}],"collection":[{"href":"https:\/\/www.zoner.fi\/tuki\/wp-json\/wp\/v2\/pages"}],"about":[{"href":"https:\/\/www.zoner.fi\/tuki\/wp-json\/wp\/v2\/types\/page"}],"author":[{"embeddable":true,"href":"https:\/\/www.zoner.fi\/tuki\/wp-json\/wp\/v2\/users\/1"}],"replies":[{"embeddable":true,"href":"https:\/\/www.zoner.fi\/tuki\/wp-json\/wp\/v2\/comments?post=997"}],"version-history":[{"count":3,"href":"https:\/\/www.zoner.fi\/tuki\/wp-json\/wp\/v2\/pages\/997\/revisions"}],"predecessor-version":[{"id":129849,"href":"https:\/\/www.zoner.fi\/tuki\/wp-json\/wp\/v2\/pages\/997\/revisions\/129849"}],"up":[{"embeddable":true,"href":"https:\/\/www.zoner.fi\/tuki\/wp-json\/wp\/v2\/pages\/136059"}],"wp:attachment":[{"href":"https:\/\/www.zoner.fi\/tuki\/wp-json\/wp\/v2\/media?parent=997"}],"wp:term":[{"taxonomy":"category","embeddable":true,"href":"https:\/\/www.zoner.fi\/tuki\/wp-json\/wp\/v2\/categories?post=997"},{"taxonomy":"post_tag","embeddable":true,"href":"https:\/\/www.zoner.fi\/tuki\/wp-json\/wp\/v2\/tags?post=997"},{"taxonomy":"wf_page_folders","embeddable":true,"href":"https:\/\/www.zoner.fi\/tuki\/wp-json\/wp\/v2\/wf_page_folders?post=997"}],"curies":[{"name":"wp","href":"https:\/\/api.w.org\/{rel}","templated":true}]}}